{"id":28894,"date":"2026-03-02T08:07:58","date_gmt":"2026-03-02T08:07:58","guid":{"rendered":"https:\/\/www.damac.it\/sin%20categor\u00eda\/dumper-4x4\/"},"modified":"2026-03-24T07:02:31","modified_gmt":"2026-03-24T07:02:31","slug":"dumper-4x4","status":"publish","type":"product","link":"https:\/\/www.damac.it\/es\/volquete\/dumper-4x4-livorno\/","title":{"rendered":"DUMPER 4X4"},"content":{"rendered":"\n<p>El <strong><a href=\"https:\/\/www.damac.it\/dumper\/\">DUMPER<\/a> 4X4 usado del a\u00f1o 1990<\/strong> es una m\u00e1quina compacta y robusta, ideal para la manipulaci\u00f3n de materiales en obras, trabajos agr\u00edcolas y operaciones en terrenos dif\u00edciles. Gracias a su <strong>tracci\u00f3n integral 4&#215;4<\/strong>, ofrece un agarre y una estabilidad excelentes incluso en superficies irregulares, embarradas o inclinadas, garantizando la continuidad operativa donde otros veh\u00edculos podr\u00edan tener dificultades. <\/p>\n\n<p>El punto fuerte de este d\u00famper es su <strong>cuerpo basculante y giratorio<\/strong>, que permite la descarga lateral y frontal de material con mayor precisi\u00f3n y rapidez. Esta caracter\u00edstica lo hace especialmente adecuado para trabajos en espacios reducidos, renovaci\u00f3n urbana y manipulaci\u00f3n de tierra, arena, escombros o materiales de construcci\u00f3n. La <strong>caja de cambios manual<\/strong> garantiza un control directo y simplicidad mec\u00e1nica, facilitando el mantenimiento y la manipulaci\u00f3n a lo largo del tiempo.  <\/p>\n\n<p>Equipado con 4 neum\u00e1ticos al 50% de desgaste, el veh\u00edculo es una soluci\u00f3n econ\u00f3mica y funcional para quienes buscan un d\u00famper de obra operativo con una inversi\u00f3n baja. Disponible en Livorno, es una opci\u00f3n pr\u00e1ctica para las empresas que requieren <strong>versatilidad, tracci\u00f3n a las cuatro ruedas y facilidad de uso<\/strong> en contextos operativos tradicionales. <\/p>\n","protected":false},"excerpt":{"rendered":"<p>D\u00famper 4&#215;4 usado con tolva basculante y giratoria, ideal para obras y terrenos dif\u00edciles. Cambio manual, tracci\u00f3n integral y estructura compacta. Disponible en Livorno.  <\/p>\n","protected":false},"featured_media":28901,"template":"","meta":{"_acf_changed":false},"ubicazione_acf":[],"product_brand":[914],"product_cat":[915],"false":[748],"proprietario":[],"class_list":{"0":"post-28894","1":"product","2":"type-product","3":"status-publish","4":"has-post-thumbnail","6":"product_brand-dumper","7":"product_cat-volquete","8":"product_tag-es","9":"pa_brand-dumper","11":"first","12":"instock","13":"sold-individually","14":"shipping-taxable","15":"purchasable","16":"product-type-simple"},"acf":[],"_links":{"self":[{"href":"https:\/\/www.damac.it\/es\/wp-json\/wp\/v2\/product\/28894","targetHints":{"allow":["GET"]}}],"collection":[{"href":"https:\/\/www.damac.it\/es\/wp-json\/wp\/v2\/product"}],"about":[{"href":"https:\/\/www.damac.it\/es\/wp-json\/wp\/v2\/types\/product"}],"wp:featuredmedia":[{"embeddable":true,"href":"https:\/\/www.damac.it\/es\/wp-json\/wp\/v2\/media\/28901"}],"wp:attachment":[{"href":"https:\/\/www.damac.it\/es\/wp-json\/wp\/v2\/media?parent=28894"}],"wp:term":[{"taxonomy":"ubicazione_acf","embeddable":true,"href":"https:\/\/www.damac.it\/es\/wp-json\/wp\/v2\/ubicazione_acf?post=28894"},{"taxonomy":"product_brand","embeddable":true,"href":"https:\/\/www.damac.it\/es\/wp-json\/wp\/v2\/product_brand?post=28894"},{"taxonomy":"product_cat","embeddable":true,"href":"https:\/\/www.damac.it\/es\/wp-json\/wp\/v2\/product_cat?post=28894"},{"taxonomy":"product_tag","embeddable":true,"href":"https:\/\/www.damac.it\/es\/wp-json\/wp\/v2\/false?post=28894"},{"taxonomy":"proprietario","embeddable":true,"href":"https:\/\/www.damac.it\/es\/wp-json\/wp\/v2\/proprietario?post=28894"}],"curies":[{"name":"wp","href":"https:\/\/api.w.org\/{rel}","templated":true}]}}