{"id":31554,"date":"2026-03-23T08:53:29","date_gmt":"2026-03-23T08:53:29","guid":{"rendered":"https:\/\/www.damac.it\/sin%20categor\u00eda\/caterpillar-262c\/"},"modified":"2026-04-17T07:59:41","modified_gmt":"2026-04-17T07:59:41","slug":"caterpillar-262c","status":"publish","type":"product","link":"https:\/\/www.damac.it\/es\/minicargadoras\/caterpillar-262c-foggia\/","title":{"rendered":"CATERPILLAR 262C"},"content":{"rendered":"\n<p>El <strong>CATERPILLAR 262C usado<\/strong> representa una soluci\u00f3n fiable y de alto rendimiento para quienes buscan una m\u00e1quina compacta pero potente para trabajos de manipulaci\u00f3n y precisi\u00f3n. Gracias al motor <strong>Caterpillar 3044C DIT de 83 CV<\/strong>, garantiza un alto rendimiento incluso en condiciones operativas exigentes, manteniendo al mismo tiempo un consumo reducido y una gran eficiencia operativa. <\/p>\n\n<p>Su robusta estructura de <strong>4000 kg de peso<\/strong> asegura estabilidad y seguridad durante todas las fases de trabajo, mientras que su <strong>capacidad de elevaci\u00f3n de hasta 1225 kg<\/strong> lo hace ideal para obras, agricultura y manipulaci\u00f3n de materiales. La presencia de la <strong>cabina cerrada con aire acondicionado<\/strong> mejora el confort del operador, permitiendo un uso prolongado incluso en condiciones clim\u00e1ticas dif\u00edciles. <\/p>\n\n<p>Questo modello \u00e8 particolarmente apprezzato per la sua versatilit\u00e0, grazie alla compatibilit\u00e0 con diversi <a href=\"https:\/\/www.damac.it\/es\/accesorios\/\">accessori<\/a> come la benna inclusa. La macchina \u00e8 dotata di <strong>certificazione CE, targa e libretto<\/strong>, pronta per l\u2019utilizzo immediato senza ulteriori complicazioni burocratiche.<\/p>\n\n<p>Disponible en Foggia, el <strong>CATERPILLAR 262C de 2011 con 6000 horas de trabajo<\/strong> representa una inversi\u00f3n inteligente para quienes desean calidad, durabilidad y rendimiento con la firma de Caterpillar a un precio competitivo.<\/p>\n\n<p><\/p>\n","protected":false},"excerpt":{"rendered":"<p>Compacto, potente y vers\u00e1til: el <strong data-start=\"1453\" data-end=\"1479\">CATERPILLAR 262C usado<\/strong> es ideal para trabajos de precisi\u00f3n y movimentaci\u00f3n. Con cabina climatizada y excelentes prestaciones, est\u00e1 listo para usar. <\/p>\n","protected":false},"featured_media":31560,"template":"","meta":{"_acf_changed":false},"ubicazione_acf":[],"product_brand":[855],"product_cat":[424],"false":[748],"proprietario":[],"class_list":{"0":"post-31554","1":"product","2":"type-product","3":"status-publish","4":"has-post-thumbnail","6":"product_brand-caterpillar","7":"product_cat-minicargadoras","8":"product_tag-es","9":"pa_brand-caterpillar","11":"first","12":"instock","13":"sold-individually","14":"shipping-taxable","15":"purchasable","16":"product-type-simple"},"acf":[],"_links":{"self":[{"href":"https:\/\/www.damac.it\/es\/wp-json\/wp\/v2\/product\/31554","targetHints":{"allow":["GET"]}}],"collection":[{"href":"https:\/\/www.damac.it\/es\/wp-json\/wp\/v2\/product"}],"about":[{"href":"https:\/\/www.damac.it\/es\/wp-json\/wp\/v2\/types\/product"}],"wp:featuredmedia":[{"embeddable":true,"href":"https:\/\/www.damac.it\/es\/wp-json\/wp\/v2\/media\/31560"}],"wp:attachment":[{"href":"https:\/\/www.damac.it\/es\/wp-json\/wp\/v2\/media?parent=31554"}],"wp:term":[{"taxonomy":"ubicazione_acf","embeddable":true,"href":"https:\/\/www.damac.it\/es\/wp-json\/wp\/v2\/ubicazione_acf?post=31554"},{"taxonomy":"product_brand","embeddable":true,"href":"https:\/\/www.damac.it\/es\/wp-json\/wp\/v2\/product_brand?post=31554"},{"taxonomy":"product_cat","embeddable":true,"href":"https:\/\/www.damac.it\/es\/wp-json\/wp\/v2\/product_cat?post=31554"},{"taxonomy":"product_tag","embeddable":true,"href":"https:\/\/www.damac.it\/es\/wp-json\/wp\/v2\/false?post=31554"},{"taxonomy":"proprietario","embeddable":true,"href":"https:\/\/www.damac.it\/es\/wp-json\/wp\/v2\/proprietario?post=31554"}],"curies":[{"name":"wp","href":"https:\/\/api.w.org\/{rel}","templated":true}]}}