{"id":31783,"date":"2026-03-23T22:15:34","date_gmt":"2026-03-23T22:15:34","guid":{"rendered":"https:\/\/www.damac.it\/sin%20categor\u00eda\/terna-jcb-1cx\/"},"modified":"2026-03-31T11:40:03","modified_gmt":"2026-03-31T11:40:03","slug":"terna-jcb-1cx","status":"publish","type":"product","link":"https:\/\/www.damac.it\/es\/retrocargadoras\/terna-jcb-1cx-foggia\/","title":{"rendered":"JCB 1CX"},"content":{"rendered":"\n<p>La <strong>JCB 1CX<\/strong> es una <a href=\"https:\/\/www.damac.it\/es\/retrocargadoras\/\">retroexcavadora<\/a> compacta y vers\u00e1til dise\u00f1ada para ofrecer un alto rendimiento incluso en los espacios m\u00e1s reducidos. Gracias a sus <strong>dimensiones compactas (3400 x 1550 x 2250 mm)<\/strong> y a su peso contenido de <strong>2800 kg<\/strong>, representa la soluci\u00f3n ideal para obras de construcci\u00f3n, mantenimientos urbanos y obras con accesos limitados. El motor <strong>Perkins 104.22 de 45 CV<\/strong> garantiza una potencia fiable y un consumo reducido, perfectos para un uso diario intensivo.  <\/p>\n\n<p>Equipada con <strong>tracci\u00f3n integral permanente (AWD)<\/strong>, esta retrocargadora asegura estabilidad y adherencia en cualquier tipo de terreno, mejorando la seguridad operativa incluso en condiciones dif\u00edciles. Los <strong>neum\u00e1ticos al 100 %<\/strong> y la presencia de la <strong><a href=\"https:\/\/www.damac.it\/es\/accesorios\/\">cuchara<\/a> est\u00e1ndar<\/strong> frontal y el cazo de excavaci\u00f3n trasero la hacen estar lista para su uso inmediato, sin necesidad de intervenciones adicionales. <\/p>\n\n<p>La cabina abierta ofrece practicidad y una visibilidad \u00f3ptima durante las operaciones, facilitando el control de la m\u00e1quina y aumentando la productividad. Con aproximadamente <strong>3.000 horas de trabajo<\/strong>, esta JCB 1CX usada representa un excelente equilibrio entre precio y rendimiento para quienes buscan una m\u00e1quina fiable y funcional. <\/p>\n\n<p>Disponible en la sede de Foggia, es una soluci\u00f3n concreta para quienes desean una m\u00e1quina compacta pero de alto rendimiento, capaz de afrontar trabajos de excavaci\u00f3n, carga y manipulaci\u00f3n con eficiencia y precisi\u00f3n.<\/p>\n","protected":false},"excerpt":{"rendered":"<p data-start=\"1398\" data-end=\"1546\">JCB 1CX usada, compacta y potente, con tracci\u00f3n AWD y motor Perkins de 45 CV. Ideal para obras estrechas y trabajos vers\u00e1tiles. Lista para su uso inmediato.  <\/p>\n","protected":false},"featured_media":31790,"template":"","meta":{"_acf_changed":false},"ubicazione_acf":[],"product_brand":[606],"product_cat":[408],"false":[748],"proprietario":[],"class_list":{"0":"post-31783","1":"product","2":"type-product","3":"status-publish","4":"has-post-thumbnail","6":"product_brand-jcb","7":"product_cat-retrocargadoras","8":"product_tag-es","9":"pa_brand-jcb","11":"first","12":"outofstock","13":"sold-individually","14":"shipping-taxable","15":"purchasable","16":"product-type-simple"},"acf":[],"_links":{"self":[{"href":"https:\/\/www.damac.it\/es\/wp-json\/wp\/v2\/product\/31783","targetHints":{"allow":["GET"]}}],"collection":[{"href":"https:\/\/www.damac.it\/es\/wp-json\/wp\/v2\/product"}],"about":[{"href":"https:\/\/www.damac.it\/es\/wp-json\/wp\/v2\/types\/product"}],"wp:featuredmedia":[{"embeddable":true,"href":"https:\/\/www.damac.it\/es\/wp-json\/wp\/v2\/media\/31790"}],"wp:attachment":[{"href":"https:\/\/www.damac.it\/es\/wp-json\/wp\/v2\/media?parent=31783"}],"wp:term":[{"taxonomy":"ubicazione_acf","embeddable":true,"href":"https:\/\/www.damac.it\/es\/wp-json\/wp\/v2\/ubicazione_acf?post=31783"},{"taxonomy":"product_brand","embeddable":true,"href":"https:\/\/www.damac.it\/es\/wp-json\/wp\/v2\/product_brand?post=31783"},{"taxonomy":"product_cat","embeddable":true,"href":"https:\/\/www.damac.it\/es\/wp-json\/wp\/v2\/product_cat?post=31783"},{"taxonomy":"product_tag","embeddable":true,"href":"https:\/\/www.damac.it\/es\/wp-json\/wp\/v2\/false?post=31783"},{"taxonomy":"proprietario","embeddable":true,"href":"https:\/\/www.damac.it\/es\/wp-json\/wp\/v2\/proprietario?post=31783"}],"curies":[{"name":"wp","href":"https:\/\/api.w.org\/{rel}","templated":true}]}}