{"id":31963,"date":"2026-03-24T08:55:24","date_gmt":"2026-03-24T08:55:24","guid":{"rendered":"https:\/\/www.damac.it\/sin%20categor\u00eda\/wacker-neuson-ez53\/"},"modified":"2026-03-24T09:30:56","modified_gmt":"2026-03-24T09:30:56","slug":"wacker-neuson-ez53","status":"publish","type":"product","link":"https:\/\/www.damac.it\/es\/miniexcavadoras\/wacker-neuson-ez53-roma\/","title":{"rendered":"WACKER NEUSON EZ53"},"content":{"rendered":"\n<p>La <strong>Wacker Neuson EZ53<\/strong> es una <a href=\"https:\/\/www.damac.it\/es\/miniexcavadoras\/\">miniexcavadora<\/a> dise\u00f1ada para garantizar la <strong>m\u00e1xima maniobrabilidad y seguridad en obras urbanas<\/strong>, gracias a la tecnolog\u00eda de <strong>giro cero<\/strong> que permite operar sin salientes laterales. Esta caracter\u00edstica la hace ideal para trabajos en espacios reducidos, como reformas, excavaciones urbanas e intervenciones cerca de edificios o vallas. <\/p>\n\n<p>Equipada con un fiable motor <strong>Perkins 404D-22T de 35,9 kW (49 CV)<\/strong>, ofrece <strong>altas prestaciones, consumos reducidos y gran reactividad hidr\u00e1ulica<\/strong>, asegurando la eficiencia en cada fase de trabajo. La <strong>instalaci\u00f3n de martillo<\/strong> integrada ampl\u00eda la versatilidad operativa, permitiendo afrontar tambi\u00e9n demoliciones ligeras y trabajos m\u00e1s exigentes con facilidad. <\/p>\n\n<p>La <strong>cabina cerrada con aire acondicionado<\/strong> garantiza un entorno de trabajo confortable en todas las estaciones, mejorando la productividad del operador. El tren de rodaje fijo con <strong>cadenas de goma al 100 %<\/strong> y la doble velocidad aseguran estabilidad, tracci\u00f3n y facilidad de desplazamiento en cualquier terreno, reduciendo al mismo tiempo el desgaste de las superficies. <\/p>\n\n<p>Con <strong>a\u00f1o 2019 y 2282 horas de trabajo<\/strong>, esta miniexcavadora de ocasi\u00f3n representa una soluci\u00f3n lista para usar, ideal para profesionales que buscan una m\u00e1quina <strong>fiable, compacta y de alto rendimiento<\/strong>, capaz de optimizar tiempos y costes operativos.<\/p>\n\n<p>Venduto senza <a href=\"https:\/\/www.damac.it\/es\/accesorios\/\">accessori<\/a>.<\/p>\n\n<p><\/p>\n","protected":false},"excerpt":{"rendered":"<p data-start=\"1406\" data-end=\"1631\">Miniexcavadora <strong data-start=\"1421\" data-end=\"1443\">Wacker Neuson EZ53<\/strong> de 2019 con 2.282 horas, equipada con <strong data-start=\"1477\" data-end=\"1538\">giro cero, motor Perkins de 49 CV e instalaci\u00f3n de martillo<\/strong>. Compacta, potente y confortable, es ideal para trabajos en espacios reducidos y obras urbanas. <\/p>\n","protected":false},"featured_media":31988,"template":"","meta":{"_acf_changed":false},"ubicazione_acf":[],"product_brand":[675],"product_cat":[411],"false":[748],"proprietario":[],"class_list":{"0":"post-31963","1":"product","2":"type-product","3":"status-publish","4":"has-post-thumbnail","6":"product_brand-wacker-neuson","7":"product_cat-miniexcavadoras","8":"product_tag-es","9":"pa_brand-wacker-neuson","11":"first","12":"instock","13":"sold-individually","14":"shipping-taxable","15":"purchasable","16":"product-type-simple"},"acf":[],"_links":{"self":[{"href":"https:\/\/www.damac.it\/es\/wp-json\/wp\/v2\/product\/31963","targetHints":{"allow":["GET"]}}],"collection":[{"href":"https:\/\/www.damac.it\/es\/wp-json\/wp\/v2\/product"}],"about":[{"href":"https:\/\/www.damac.it\/es\/wp-json\/wp\/v2\/types\/product"}],"wp:featuredmedia":[{"embeddable":true,"href":"https:\/\/www.damac.it\/es\/wp-json\/wp\/v2\/media\/31988"}],"wp:attachment":[{"href":"https:\/\/www.damac.it\/es\/wp-json\/wp\/v2\/media?parent=31963"}],"wp:term":[{"taxonomy":"ubicazione_acf","embeddable":true,"href":"https:\/\/www.damac.it\/es\/wp-json\/wp\/v2\/ubicazione_acf?post=31963"},{"taxonomy":"product_brand","embeddable":true,"href":"https:\/\/www.damac.it\/es\/wp-json\/wp\/v2\/product_brand?post=31963"},{"taxonomy":"product_cat","embeddable":true,"href":"https:\/\/www.damac.it\/es\/wp-json\/wp\/v2\/product_cat?post=31963"},{"taxonomy":"product_tag","embeddable":true,"href":"https:\/\/www.damac.it\/es\/wp-json\/wp\/v2\/false?post=31963"},{"taxonomy":"proprietario","embeddable":true,"href":"https:\/\/www.damac.it\/es\/wp-json\/wp\/v2\/proprietario?post=31963"}],"curies":[{"name":"wp","href":"https:\/\/api.w.org\/{rel}","templated":true}]}}