{"id":33607,"date":"2026-03-30T11:21:26","date_gmt":"2026-03-30T11:21:26","guid":{"rendered":"https:\/\/www.damac.it\/sin%20categor\u00eda\/merlo-p40-16-evs\/"},"modified":"2026-05-04T11:34:23","modified_gmt":"2026-05-04T11:34:23","slug":"merlo-p40-16-evs","status":"publish","type":"product","link":"https:\/\/www.damac.it\/es\/manipulador-telescopico\/merlo-p40-16-evs-foggia\/","title":{"rendered":"MERLO P40.16-EVS"},"content":{"rendered":"\n<p>El <strong>MERLO P40.16-EVS<\/strong> es un manipulador telesc\u00f3pico dise\u00f1ado para ofrecer <strong>un alto rendimiento, fiabilidad y m\u00e1xima versatilidad<\/strong> en los contextos m\u00e1s exigentes. Con un peso de unos <strong>10.300 kg<\/strong>, esta m\u00e1quina garantiza estabilidad y seguridad incluso durante las operaciones de elevaci\u00f3n m\u00e1s delicadas, siendo ideal para obras, agricultura y manipulaci\u00f3n industrial. <\/p>\n\n<p>Gracias al sistema <strong>EVS (Eco Power y gesti\u00f3n inteligente del consumo)<\/strong>, el MERLO P40.16-EVS asegura una <strong>reducci\u00f3n del consumo y la optimizaci\u00f3n del rendimiento<\/strong>, adaptando autom\u00e1ticamente la potencia seg\u00fan el trabajo requerido. Esto se traduce en un uso m\u00e1s eficiente de la m\u00e1quina, con menores costes operativos y mayor sostenibilidad a largo plazo. <\/p>\n\n<p>La presencia de las <strong>horquillas est\u00e1ndar incluidas<\/strong> hace que la m\u00e1quina sea operativa de inmediato, perfecta para la elevaci\u00f3n y el movimiento de materiales pesados de hasta 4000 kg. La cabina ergon\u00f3mica y los mandos intuitivos ofrecen <strong>confort y control total al operador<\/strong>, mejorando la productividad y reduciendo la fatiga incluso durante largas jornadas de trabajo. <\/p>\n\n<p>Robusto, fiable y vers\u00e1til, el MERLO P40.16-EVS representa una soluci\u00f3n eficaz para quienes buscan <strong>un manipulador telesc\u00f3pico profesional listo para usar<\/strong>, capaz de afrontar cualquier desaf\u00edo operativo con eficiencia y precisi\u00f3n.<\/p>\n\n<p><\/p>\n","protected":false},"excerpt":{"rendered":"<p data-start=\"1479\" data-end=\"1694\">El <strong data-start=\"1482\" data-end=\"1502\">MERLO P40.16-EVS<\/strong> es un manipulador telesc\u00f3pico potente y vers\u00e1til, ideal para la construcci\u00f3n y la industria. Equipado con horquillas est\u00e1ndar, garantiza <strong data-start=\"1624\" data-end=\"1671\">eficiencia, estabilidad y consumos optimizados<\/strong> gracias al sistema EVS. <\/p>\n","protected":false},"featured_media":33616,"template":"","meta":{"_acf_changed":false},"ubicazione_acf":[],"product_brand":[944],"product_cat":[945],"false":[748],"proprietario":[],"class_list":{"0":"post-33607","1":"product","2":"type-product","3":"status-publish","4":"has-post-thumbnail","6":"product_brand-merlo","7":"product_cat-manipulador-telescopico","8":"product_tag-es","9":"pa_brand-merlo","11":"first","12":"instock","13":"sold-individually","14":"shipping-taxable","15":"purchasable","16":"product-type-simple"},"acf":[],"_links":{"self":[{"href":"https:\/\/www.damac.it\/es\/wp-json\/wp\/v2\/product\/33607","targetHints":{"allow":["GET"]}}],"collection":[{"href":"https:\/\/www.damac.it\/es\/wp-json\/wp\/v2\/product"}],"about":[{"href":"https:\/\/www.damac.it\/es\/wp-json\/wp\/v2\/types\/product"}],"wp:featuredmedia":[{"embeddable":true,"href":"https:\/\/www.damac.it\/es\/wp-json\/wp\/v2\/media\/33616"}],"wp:attachment":[{"href":"https:\/\/www.damac.it\/es\/wp-json\/wp\/v2\/media?parent=33607"}],"wp:term":[{"taxonomy":"ubicazione_acf","embeddable":true,"href":"https:\/\/www.damac.it\/es\/wp-json\/wp\/v2\/ubicazione_acf?post=33607"},{"taxonomy":"product_brand","embeddable":true,"href":"https:\/\/www.damac.it\/es\/wp-json\/wp\/v2\/product_brand?post=33607"},{"taxonomy":"product_cat","embeddable":true,"href":"https:\/\/www.damac.it\/es\/wp-json\/wp\/v2\/product_cat?post=33607"},{"taxonomy":"product_tag","embeddable":true,"href":"https:\/\/www.damac.it\/es\/wp-json\/wp\/v2\/false?post=33607"},{"taxonomy":"proprietario","embeddable":true,"href":"https:\/\/www.damac.it\/es\/wp-json\/wp\/v2\/proprietario?post=33607"}],"curies":[{"name":"wp","href":"https:\/\/api.w.org\/{rel}","templated":true}]}}