{"id":38085,"date":"2026-04-14T11:59:33","date_gmt":"2026-04-14T11:59:33","guid":{"rendered":"https:\/\/www.damac.it\/sin%20categor\u00eda\/evoquip-bison-220r\/"},"modified":"2026-04-14T16:21:05","modified_gmt":"2026-04-14T16:21:05","slug":"evoquip-bison-220r","status":"publish","type":"product","link":"https:\/\/www.damac.it\/es\/trituradoras\/evoquip-bison-220r\/","title":{"rendered":"EVOQUIP BISON 220R"},"content":{"rendered":"\n<p>La trituradora de mand\u00edbulas <strong>EvoQuip Bison 220R<\/strong> representa una soluci\u00f3n de alto rendimiento para la <strong>trituraci\u00f3n primaria de materiales duros<\/strong>, ideal en los sectores de canteras, demolici\u00f3n y reciclaje. Gracias a su <strong>elevada producci\u00f3n de hasta 180.000 kg\/h<\/strong>, esta m\u00e1quina garantiza resultados concretos incluso en las aplicaciones m\u00e1s exigentes, optimizando tiempos y costes operativos. <\/p>\n\n<p>Equipada con <strong>boca de carga de 820&#215;550 mm<\/strong> y sistema de mand\u00edbulas de simple efecto (single toggle), la Bison 220R asegura un procesamiento eficiente y constante. Dos opciones de motorizaci\u00f3n, <strong>Caterpillar 7.1<\/strong> o <strong>Caterpillar C4.4, ambos de 140 kW (188 hp)<\/strong>, ofrecen una potencia fiable, mientras que el sistema hidrost\u00e1tico permite un <strong>control preciso, inversi\u00f3n de marcha y desbloqueo r\u00e1pido de la c\u00e1mara<\/strong>, mejorando la productividad en la obra. El ajuste hidr\u00e1ulico del CSS permite adaptar r\u00e1pidamente la granulometr\u00eda del material.  <\/p>\n\n<p>El punto fuerte de la versi\u00f3n \u201cR\u201d es el <strong>sistema de recirculaci\u00f3n integrado<\/strong>, que permite reintroducir autom\u00e1ticamente el material sobredimensionado en el ciclo de trituraci\u00f3n o almacenarlo, garantizando un producto final m\u00e1s uniforme y conforme a las especificaciones requeridas. Esto se traduce en una <strong>mayor calidad del material y reducci\u00f3n de residuos<\/strong>. <\/p>\n\n<p>Robusta, f\u00e1cil de transportar y r\u00e1pida de configurar, la EvoQuip Bison 220R est\u00e1 dise\u00f1ada para ofrecer <strong>m\u00e1xima eficiencia operativa, fiabilidad y sencillez de uso<\/strong>, lo que la convierte en la elecci\u00f3n ideal para profesionales que buscan un alto rendimiento y continuidad en el trabajo.<\/p>\n\n<p><\/p>\n","protected":false},"excerpt":{"rendered":"<p>Trituradora de mand\u00edbulas <strong data-start=\"1679\" data-end=\"1701\">EvoQuip Bison 220R<\/strong> con recirculaci\u00f3n integrada, producci\u00f3n de hasta 180.000 kg\/h y motor Caterpillar de 140 kW. Ideal para canteras y reciclaje, garantiza una alta productividad, calidad del material y m\u00e1xima eficiencia operativa en cada obra. <\/p>\n","protected":false},"featured_media":38095,"template":"","meta":{"_acf_changed":false},"ubicazione_acf":[],"product_brand":[1016],"product_cat":[1017],"false":[748],"proprietario":[],"class_list":{"0":"post-38085","1":"product","2":"type-product","3":"status-publish","4":"has-post-thumbnail","6":"product_brand-evoquip","7":"product_cat-trituradoras","8":"product_tag-es","9":"pa_brand-evoquip","11":"first","12":"instock","13":"sold-individually","14":"shipping-taxable","15":"product-type-simple"},"acf":[],"_links":{"self":[{"href":"https:\/\/www.damac.it\/es\/wp-json\/wp\/v2\/product\/38085","targetHints":{"allow":["GET"]}}],"collection":[{"href":"https:\/\/www.damac.it\/es\/wp-json\/wp\/v2\/product"}],"about":[{"href":"https:\/\/www.damac.it\/es\/wp-json\/wp\/v2\/types\/product"}],"wp:featuredmedia":[{"embeddable":true,"href":"https:\/\/www.damac.it\/es\/wp-json\/wp\/v2\/media\/38095"}],"wp:attachment":[{"href":"https:\/\/www.damac.it\/es\/wp-json\/wp\/v2\/media?parent=38085"}],"wp:term":[{"taxonomy":"ubicazione_acf","embeddable":true,"href":"https:\/\/www.damac.it\/es\/wp-json\/wp\/v2\/ubicazione_acf?post=38085"},{"taxonomy":"product_brand","embeddable":true,"href":"https:\/\/www.damac.it\/es\/wp-json\/wp\/v2\/product_brand?post=38085"},{"taxonomy":"product_cat","embeddable":true,"href":"https:\/\/www.damac.it\/es\/wp-json\/wp\/v2\/product_cat?post=38085"},{"taxonomy":"product_tag","embeddable":true,"href":"https:\/\/www.damac.it\/es\/wp-json\/wp\/v2\/false?post=38085"},{"taxonomy":"proprietario","embeddable":true,"href":"https:\/\/www.damac.it\/es\/wp-json\/wp\/v2\/proprietario?post=38085"}],"curies":[{"name":"wp","href":"https:\/\/api.w.org\/{rel}","templated":true}]}}