{"id":38430,"date":"2026-04-14T13:06:49","date_gmt":"2026-04-14T13:06:49","guid":{"rendered":"https:\/\/www.damac.it\/sin%20categor\u00eda\/evoquip-cobra-290r\/"},"modified":"2026-04-14T15:25:58","modified_gmt":"2026-04-14T15:25:58","slug":"evoquip-cobra-290r","status":"publish","type":"product","link":"https:\/\/www.damac.it\/es\/trituradoras\/evoquip-cobra-290r\/","title":{"rendered":"EVOQUIP COBRA 290R"},"content":{"rendered":"\n<p>La EVOQUIP COBRA 290R es una trituradora de impacto de nueva generaci\u00f3n dise\u00f1ada para ofrecer <strong>un alto rendimiento y la m\u00e1xima versatilidad en las obras de trituraci\u00f3n<\/strong>. Gracias a su robusta estructura y al potente motor Volvo de 6 cilindros, esta m\u00e1quina garantiza una <strong>producci\u00f3n horaria de hasta 290.000 kg\/h<\/strong>, lo que la hace ideal para trabajos intensivos con materiales de demolici\u00f3n, piedra natural y reciclaje. <\/p>\n\n<p>La presencia del sistema de trituraci\u00f3n de impacto con <strong>rotor de martillos y recirculaci\u00f3n integrada<\/strong> permite obtener un producto final homog\u00e9neo y de calidad, reduciendo al m\u00ednimo los residuos. La <strong>boca de carga de 1030 x 790 mm<\/strong> permite la entrada de materiales de gran tama\u00f1o, mejorando la productividad y reduciendo los tiempos de trabajo. Las orugas de hierro al 100 % garantizan estabilidad y movilidad incluso en los contextos m\u00e1s exigentes.  <\/p>\n\n<p>Desde el punto de vista operativo, la COBRA 290R destaca por su <strong>facilidad de uso y mantenimiento<\/strong>, con accesos r\u00e1pidos a los componentes principales y documentaci\u00f3n completa incluida. Sus dimensiones compactas en relaci\u00f3n con su capacidad productiva la convierten en una soluci\u00f3n perfecta para quienes buscan <strong>eficiencia, fiabilidad y reducci\u00f3n de los costes operativos<\/strong>. <\/p>\n\n<p>Pensada para profesionales del sector, la EVOQUIP COBRA 290R representa una elecci\u00f3n estrat\u00e9gica para quienes desean aumentar la productividad sin renunciar a la calidad y al control del proceso.<\/p>\n","protected":false},"excerpt":{"rendered":"<p>Trituradora de impacto EVOQUIP COBRA 290R con producci\u00f3n de hasta 290 t\/h, rotor de martillos y recirculaci\u00f3n. Potente, eficiente e ideal para demoliciones y reciclaje en obra. <\/p>\n","protected":false},"featured_media":38435,"template":"","meta":{"_acf_changed":false},"ubicazione_acf":[],"product_brand":[1016],"product_cat":[1017],"false":[748],"proprietario":[],"class_list":{"0":"post-38430","1":"product","2":"type-product","3":"status-publish","4":"has-post-thumbnail","6":"product_brand-evoquip","7":"product_cat-trituradoras","8":"product_tag-es","9":"pa_brand-evoquip","11":"first","12":"instock","13":"sold-individually","14":"shipping-taxable","15":"product-type-simple"},"acf":[],"_links":{"self":[{"href":"https:\/\/www.damac.it\/es\/wp-json\/wp\/v2\/product\/38430","targetHints":{"allow":["GET"]}}],"collection":[{"href":"https:\/\/www.damac.it\/es\/wp-json\/wp\/v2\/product"}],"about":[{"href":"https:\/\/www.damac.it\/es\/wp-json\/wp\/v2\/types\/product"}],"wp:featuredmedia":[{"embeddable":true,"href":"https:\/\/www.damac.it\/es\/wp-json\/wp\/v2\/media\/38435"}],"wp:attachment":[{"href":"https:\/\/www.damac.it\/es\/wp-json\/wp\/v2\/media?parent=38430"}],"wp:term":[{"taxonomy":"ubicazione_acf","embeddable":true,"href":"https:\/\/www.damac.it\/es\/wp-json\/wp\/v2\/ubicazione_acf?post=38430"},{"taxonomy":"product_brand","embeddable":true,"href":"https:\/\/www.damac.it\/es\/wp-json\/wp\/v2\/product_brand?post=38430"},{"taxonomy":"product_cat","embeddable":true,"href":"https:\/\/www.damac.it\/es\/wp-json\/wp\/v2\/product_cat?post=38430"},{"taxonomy":"product_tag","embeddable":true,"href":"https:\/\/www.damac.it\/es\/wp-json\/wp\/v2\/false?post=38430"},{"taxonomy":"proprietario","embeddable":true,"href":"https:\/\/www.damac.it\/es\/wp-json\/wp\/v2\/proprietario?post=38430"}],"curies":[{"name":"wp","href":"https:\/\/api.w.org\/{rel}","templated":true}]}}