{"id":38733,"date":"2026-04-15T10:40:39","date_gmt":"2026-04-15T10:40:39","guid":{"rendered":"https:\/\/www.damac.it\/sin%20categor\u00eda\/c4-t15\/"},"modified":"2026-04-15T10:59:29","modified_gmt":"2026-04-15T10:59:29","slug":"c4-t15","status":"publish","type":"product","link":"https:\/\/www.damac.it\/es\/ahoyadores\/c4-t15-anguillara-sabazia\/","title":{"rendered":"C4 T15"},"content":{"rendered":"\n<p>A ahoyadora hidr\u00e1ulica <strong>C4 T15 Serie T<\/strong> es una soluci\u00f3n profesional dise\u00f1ada para garantizar <strong>perforaciones precisas, r\u00e1pidas y eficientes<\/strong> en m\u00faltiples contextos operativos. Ideal para construcci\u00f3n, agricultura y trabajos especializados, destaca por su compatibilidad con excavadoras de 1,5 a 10,5 toneladas, ofreciendo un equilibrio perfecto entre <strong>potencia, control y versatilidad<\/strong> incluso en los usos m\u00e1s intensivos. <\/p>\n\n<p>El coraz\u00f3n de la m\u00e1quina es el <strong>motor hidr\u00e1ulico integrado y protegido<\/strong>, dise\u00f1ado para resistir impactos y esfuerzos. Esta configuraci\u00f3n mejora la fiabilidad a largo plazo y reduce los costes de mantenimiento, convirtiendo a la ahoyadora en una elecci\u00f3n estrat\u00e9gica para quienes buscan <strong>continuidad operativa y m\u00e1xima productividad<\/strong> en la obra. <\/p>\n\n<p>Un gran punto fuerte es el <strong>sistema de doble articulaci\u00f3n con casquillos autolubricantes<\/strong>, que mantiene autom\u00e1ticamente la perpendicularidad durante la perforaci\u00f3n. Esto permite obtener <strong>orificios m\u00e1s precisos<\/strong>, incluso en terrenos dif\u00edciles o irregulares, mejorando la eficiencia y la facilidad de uso para el operario. <\/p>\n\n<p>La <strong>versatilidad operativa<\/strong> est\u00e1 garantizada por la compatibilidad con numerosas brocas intercambiables, ideales para tierra, roca, tocones y madera. Con la C4 T15 es posible afrontar diversos trabajos con un \u00fanico equipo, optimizando tiempos, costes y rendimiento en cada aplicaci\u00f3n profesional. <\/p>\n\n<p><\/p>\n","protected":false},"excerpt":{"rendered":"<p>Barrena hidr\u00e1ulica <strong data-start=\"1461\" data-end=\"1479\">C4 T15 Serie T<\/strong> potente y compacta, ideal para excavadoras de 1,5\u201310,5 t. Garantiza perforaciones precisas gracias a la doble articulaci\u00f3n y m\u00e1xima versatilidad con puntas intercambiables. <\/p>\n","protected":false},"featured_media":38741,"template":"","meta":{"_acf_changed":false},"ubicazione_acf":[],"product_brand":[813],"product_cat":[1026],"false":[748],"proprietario":[],"class_list":{"0":"post-38733","1":"product","2":"type-product","3":"status-publish","4":"has-post-thumbnail","6":"product_brand-c4","7":"product_cat-ahoyadores","8":"product_tag-es","9":"pa_brand-c4","11":"first","12":"instock","13":"sold-individually","14":"shipping-taxable","15":"purchasable","16":"product-type-simple"},"acf":[],"_links":{"self":[{"href":"https:\/\/www.damac.it\/es\/wp-json\/wp\/v2\/product\/38733","targetHints":{"allow":["GET"]}}],"collection":[{"href":"https:\/\/www.damac.it\/es\/wp-json\/wp\/v2\/product"}],"about":[{"href":"https:\/\/www.damac.it\/es\/wp-json\/wp\/v2\/types\/product"}],"wp:featuredmedia":[{"embeddable":true,"href":"https:\/\/www.damac.it\/es\/wp-json\/wp\/v2\/media\/38741"}],"wp:attachment":[{"href":"https:\/\/www.damac.it\/es\/wp-json\/wp\/v2\/media?parent=38733"}],"wp:term":[{"taxonomy":"ubicazione_acf","embeddable":true,"href":"https:\/\/www.damac.it\/es\/wp-json\/wp\/v2\/ubicazione_acf?post=38733"},{"taxonomy":"product_brand","embeddable":true,"href":"https:\/\/www.damac.it\/es\/wp-json\/wp\/v2\/product_brand?post=38733"},{"taxonomy":"product_cat","embeddable":true,"href":"https:\/\/www.damac.it\/es\/wp-json\/wp\/v2\/product_cat?post=38733"},{"taxonomy":"product_tag","embeddable":true,"href":"https:\/\/www.damac.it\/es\/wp-json\/wp\/v2\/false?post=38733"},{"taxonomy":"proprietario","embeddable":true,"href":"https:\/\/www.damac.it\/es\/wp-json\/wp\/v2\/proprietario?post=38733"}],"curies":[{"name":"wp","href":"https:\/\/api.w.org\/{rel}","templated":true}]}}