{"id":40392,"date":"2026-04-23T06:48:52","date_gmt":"2026-04-23T06:48:52","guid":{"rendered":"https:\/\/www.damac.it\/sin%20categor\u00eda\/merlo-p40-9\/"},"modified":"2026-04-23T06:59:53","modified_gmt":"2026-04-23T06:59:53","slug":"merlo-p40-9","status":"publish","type":"product","link":"https:\/\/www.damac.it\/es\/manipulador-telescopico\/merlo-p40-9-anguillara-sabazia\/","title":{"rendered":"MERLO P40.9"},"content":{"rendered":"\n<p>El <strong>Merlo P40.9 de 2010<\/strong> representa una soluci\u00f3n ideal para quien busca un manipulador telesc\u00f3pico fiable, potente y listo para usar. Con solo <strong>1113 horas de trabajo<\/strong>, esta m\u00e1quina se distingue por su excelente estado general y por su capacidad de afrontar con eficiencia las actividades diarias en obra, agricultura y log\u00edstica. La <strong>capacidad m\u00e1xima de 4.000 kg<\/strong> y la <strong>altura de elevaci\u00f3n hasta 9 metros<\/strong> permiten gestionar cargas importantes con total seguridad, incluso en contextos operativos complejos.  <\/p>\n\n<p>Gracias al motor <strong>Perkins 1104D-44T de 61 kW<\/strong>, el Merlo P40.9 garantiza prestaciones constantes y consumos reducidos, asegurando productividad y continuidad operativa. La presencia de <strong>cabina cerrada con est\u00e1ndares ROPS y FOPS<\/strong> ofrece confort y protecci\u00f3n al operador, haciendo que la m\u00e1quina sea adecuada tambi\u00e9n para trabajos prolongados y en condiciones dif\u00edciles. El chasis compacto y la torreta fija aseguran estabilidad y precisi\u00f3n en los movimientos.  <\/p>\n\n<p>Dotato di\u00a0<strong>forche e <a href=\"https:\/\/www.damac.it\/es\/accesorios\/\">benna<\/a> standard<\/strong>, questo sollevatore telescopico \u00e8 estremamente versatile e pronto per diverse applicazioni. Nonostante i pneumatici al 20%, la macchina \u00e8 immediatamente operativa e rappresenta un\u2019ottima opportunit\u00e0 per chi cerca un mezzo performante ad un prezzo competitivo. Disponibile ad Anguillara Sabazia, \u00e8 completo di documenti e pronto all\u2019impiego.<\/p>\n\n<div class=\"wp-block-webfactory-map\"><div class=\"wp-block-webfactory-map\"><iframe title=\"Mapa\" width=\"100%\" height=\"380px\" src=\"https:\/\/www.google.com\/maps\/embed\/v1\/place?q=anguillara%20sabazia&amp;maptype=roadmap&amp;zoom=7&amp;key=AIzaSyCbpj9Ji_jwudUhfVpTXiPB79zpZZSDW8c\" frameborder=\"0\"><\/iframe><\/div><\/div>\n","protected":false},"excerpt":{"rendered":"<p>Merlo P40.9 usado de 2010 con 1113 horas, capacidad de 4.000 kg y altura de 9 metros. Manipulador telesc\u00f3pico fiable, con cabina cerrada y accesorios incluidos. Ideal para obras y manipulaci\u00f3n de materiales.   Disponible en Anguillara Sabazia.<\/p>\n","protected":false},"featured_media":40394,"template":"","meta":{"_acf_changed":false},"ubicazione_acf":[],"product_brand":[944],"product_cat":[945],"false":[748],"proprietario":[],"class_list":{"0":"post-40392","1":"product","2":"type-product","3":"status-publish","4":"has-post-thumbnail","6":"product_brand-merlo","7":"product_cat-manipulador-telescopico","8":"product_tag-es","9":"pa_brand-merlo","11":"first","12":"instock","13":"sold-individually","14":"shipping-taxable","15":"purchasable","16":"product-type-simple"},"acf":[],"_links":{"self":[{"href":"https:\/\/www.damac.it\/es\/wp-json\/wp\/v2\/product\/40392","targetHints":{"allow":["GET"]}}],"collection":[{"href":"https:\/\/www.damac.it\/es\/wp-json\/wp\/v2\/product"}],"about":[{"href":"https:\/\/www.damac.it\/es\/wp-json\/wp\/v2\/types\/product"}],"wp:featuredmedia":[{"embeddable":true,"href":"https:\/\/www.damac.it\/es\/wp-json\/wp\/v2\/media\/40394"}],"wp:attachment":[{"href":"https:\/\/www.damac.it\/es\/wp-json\/wp\/v2\/media?parent=40392"}],"wp:term":[{"taxonomy":"ubicazione_acf","embeddable":true,"href":"https:\/\/www.damac.it\/es\/wp-json\/wp\/v2\/ubicazione_acf?post=40392"},{"taxonomy":"product_brand","embeddable":true,"href":"https:\/\/www.damac.it\/es\/wp-json\/wp\/v2\/product_brand?post=40392"},{"taxonomy":"product_cat","embeddable":true,"href":"https:\/\/www.damac.it\/es\/wp-json\/wp\/v2\/product_cat?post=40392"},{"taxonomy":"product_tag","embeddable":true,"href":"https:\/\/www.damac.it\/es\/wp-json\/wp\/v2\/false?post=40392"},{"taxonomy":"proprietario","embeddable":true,"href":"https:\/\/www.damac.it\/es\/wp-json\/wp\/v2\/proprietario?post=40392"}],"curies":[{"name":"wp","href":"https:\/\/api.w.org\/{rel}","templated":true}]}}