{"id":40570,"date":"2026-04-23T07:04:22","date_gmt":"2026-04-23T07:04:22","guid":{"rendered":"https:\/\/www.damac.it\/sin%20categor\u00eda\/wacker-neuson-1501s\/"},"modified":"2026-04-23T07:12:02","modified_gmt":"2026-04-23T07:12:02","slug":"wacker-neuson-1501s","status":"publish","type":"product","link":"https:\/\/www.damac.it\/es\/volquete\/wacker-neuson-1501s-roma\/","title":{"rendered":"Wacker Neuson 1501S"},"content":{"rendered":"\n<p>Il\u00a0<strong>Wacker Neuson 1501S\u00a0del 2024<\/strong>\u00a0\u00e8 un <a href=\"https:\/\/www.damac.it\/es\/volquete\/\">dumper<\/a> compatto di ultima generazione, ideale per chi cerca una macchina praticamente nuova e pronta all\u2019uso. Con sole\u00a0<strong>7 ore di lavoro<\/strong>, rappresenta un\u2019opportunit\u00e0 unica per ottenere prestazioni elevate con l\u2019affidabilit\u00e0 di un mezzo quasi inutilizzato. Grazie alla\u00a0<strong>portata utile di 1500 kg<\/strong>\u00a0e al sistema\u00a0<strong>ribaltabile rotativo<\/strong>, consente operazioni rapide ed efficienti anche in spazi ristretti.<\/p>\n\n<p>Equipado con <strong>tracci\u00f3n integral permanente (AWD)<\/strong> y chasis articulado, garantiza la m\u00e1xima estabilidad y maniobrabilidad en cualquier tipo de terreno, incluso en las obras m\u00e1s dif\u00edciles. El motor de este Wacker Neuson 1501S es un <strong>Yanmar 3TNV76 de 25,7 CV<\/strong> que asegura excelentes prestaciones con un consumo reducido, mientras que la <strong>transmisi\u00f3n hidrost\u00e1tica<\/strong> permite una conducci\u00f3n fluida y precisa, mejorando la productividad diaria. <\/p>\n\n<p>Los <strong>neum\u00e1ticos al 100 %<\/strong> y su estructura compacta hacen que este d\u00famper sea perfecto para trabajos de construcci\u00f3n, mantenimiento urbano y movimiento de materiales. La calidad de fabricaci\u00f3n de Wacker Neuson garantiza durabilidad y bajos costes de mantenimiento. Disponible en Roma y con certificaci\u00f3n CE, es la elecci\u00f3n ideal para quienes desean un veh\u00edculo eficiente, moderno y operativo de inmediato.  <\/p>\n","protected":false},"excerpt":{"rendered":"<p>Wacker Neuson 1501S de 2024 con solo 7 horas. D\u00famper compacto con capacidad de carga de 1500 kg, tolva giratoria y tracci\u00f3n integral. M\u00e1quina como nueva, ideal para obras y trabajos urbanos.   Disponible en Roma.<\/p>\n","protected":false},"featured_media":40572,"template":"","meta":{"_acf_changed":false},"ubicazione_acf":[],"product_brand":[675],"product_cat":[915],"false":[748],"proprietario":[],"class_list":{"0":"post-40570","1":"product","2":"type-product","3":"status-publish","4":"has-post-thumbnail","6":"product_brand-wacker-neuson","7":"product_cat-volquete","8":"product_tag-es","9":"pa_brand-wacker-neuson","11":"first","12":"instock","13":"sold-individually","14":"shipping-taxable","15":"product-type-simple"},"acf":[],"_links":{"self":[{"href":"https:\/\/www.damac.it\/es\/wp-json\/wp\/v2\/product\/40570","targetHints":{"allow":["GET"]}}],"collection":[{"href":"https:\/\/www.damac.it\/es\/wp-json\/wp\/v2\/product"}],"about":[{"href":"https:\/\/www.damac.it\/es\/wp-json\/wp\/v2\/types\/product"}],"wp:featuredmedia":[{"embeddable":true,"href":"https:\/\/www.damac.it\/es\/wp-json\/wp\/v2\/media\/40572"}],"wp:attachment":[{"href":"https:\/\/www.damac.it\/es\/wp-json\/wp\/v2\/media?parent=40570"}],"wp:term":[{"taxonomy":"ubicazione_acf","embeddable":true,"href":"https:\/\/www.damac.it\/es\/wp-json\/wp\/v2\/ubicazione_acf?post=40570"},{"taxonomy":"product_brand","embeddable":true,"href":"https:\/\/www.damac.it\/es\/wp-json\/wp\/v2\/product_brand?post=40570"},{"taxonomy":"product_cat","embeddable":true,"href":"https:\/\/www.damac.it\/es\/wp-json\/wp\/v2\/product_cat?post=40570"},{"taxonomy":"product_tag","embeddable":true,"href":"https:\/\/www.damac.it\/es\/wp-json\/wp\/v2\/false?post=40570"},{"taxonomy":"proprietario","embeddable":true,"href":"https:\/\/www.damac.it\/es\/wp-json\/wp\/v2\/proprietario?post=40570"}],"curies":[{"name":"wp","href":"https:\/\/api.w.org\/{rel}","templated":true}]}}