{"id":41045,"date":"2026-04-28T12:15:15","date_gmt":"2026-04-28T12:15:15","guid":{"rendered":"https:\/\/www.damac.it\/sin%20categor\u00eda\/merlo-p34-10\/"},"modified":"2026-04-28T12:24:50","modified_gmt":"2026-04-28T12:24:50","slug":"merlo-p34-10","status":"publish","type":"product","link":"https:\/\/www.damac.it\/es\/manipulador-telescopico\/merlo-p34-10-anguillara-sabazia\/","title":{"rendered":"MERLO P34.10"},"content":{"rendered":"\n<p>El <strong>Merlo P34.10 de 2010<\/strong> es un manipulador telesc\u00f3pico vers\u00e1til y fiable, ideal para obras de construcci\u00f3n, trabajos agr\u00edcolas y manipulaci\u00f3n de materiales. Con solo <strong>1113 horas de trabajo<\/strong>, esta m\u00e1quina representa una excelente oportunidad para quienes buscan un alto rendimiento con una inversi\u00f3n reducida. La <strong>capacidad de carga m\u00e1xima de 3.400 kg<\/strong> y la <strong>altura de elevaci\u00f3n de hasta 10 metros<\/strong> permiten operar con eficiencia incluso en entornos complejos y en altura.  <\/p>\n\n<p>Gracias a su estructura compacta y a su robusto chasis, el Merlo P34.10 garantiza estabilidad y precisi\u00f3n durante las operaciones. La <strong>cabina cerrada con est\u00e1ndares ROPS y FOPS<\/strong> asegura protecci\u00f3n y confort al operador, haciendo que la m\u00e1quina sea apta incluso para usos intensivos. El brazo telesc\u00f3pico con un <strong>alcance horizontal de 6,3 metros<\/strong> ofrece una gran flexibilidad operativa, facilitando el posicionamiento de las cargas.  <\/p>\n\n<p>Completo di\u00a0<strong>forche e <a href=\"https:\/\/www.damac.it\/es\/accesorios\/\">benna<\/a><\/strong>, questo sollevatore \u00e8 pronto per diverse applicazioni, dalla movimentazione pallet ai lavori di carico. Nonostante gli pneumatici al 20%, la macchina \u00e8 funzionante e subito operativa. Disponibile ad Anguillara Sabazia, con documentazione completa, rappresenta una soluzione concreta per chi cerca un mezzo affidabile, versatile e pronto all\u2019uso.<\/p>\n\n<p><\/p>\n","protected":false},"excerpt":{"rendered":"<p>Merlo P34.10 de 2010 con 1113 horas, capacidad de 3400 kg y altura de 10 m. Manipulador telesc\u00f3pico fiable, completo con horquillas y cuchara. Ideal para obras y manipulaci\u00f3n de materiales.   Disponible en Anguillara Sabazia.<\/p>\n","protected":false},"featured_media":40394,"template":"","meta":{"_acf_changed":false},"ubicazione_acf":[],"product_brand":[944],"product_cat":[945],"false":[748],"proprietario":[],"class_list":{"0":"post-41045","1":"product","2":"type-product","3":"status-publish","4":"has-post-thumbnail","6":"product_brand-merlo","7":"product_cat-manipulador-telescopico","8":"product_tag-es","9":"pa_brand-merlo","11":"first","12":"instock","13":"sold-individually","14":"shipping-taxable","15":"purchasable","16":"product-type-simple"},"acf":[],"_links":{"self":[{"href":"https:\/\/www.damac.it\/es\/wp-json\/wp\/v2\/product\/41045","targetHints":{"allow":["GET"]}}],"collection":[{"href":"https:\/\/www.damac.it\/es\/wp-json\/wp\/v2\/product"}],"about":[{"href":"https:\/\/www.damac.it\/es\/wp-json\/wp\/v2\/types\/product"}],"wp:featuredmedia":[{"embeddable":true,"href":"https:\/\/www.damac.it\/es\/wp-json\/wp\/v2\/media\/40394"}],"wp:attachment":[{"href":"https:\/\/www.damac.it\/es\/wp-json\/wp\/v2\/media?parent=41045"}],"wp:term":[{"taxonomy":"ubicazione_acf","embeddable":true,"href":"https:\/\/www.damac.it\/es\/wp-json\/wp\/v2\/ubicazione_acf?post=41045"},{"taxonomy":"product_brand","embeddable":true,"href":"https:\/\/www.damac.it\/es\/wp-json\/wp\/v2\/product_brand?post=41045"},{"taxonomy":"product_cat","embeddable":true,"href":"https:\/\/www.damac.it\/es\/wp-json\/wp\/v2\/product_cat?post=41045"},{"taxonomy":"product_tag","embeddable":true,"href":"https:\/\/www.damac.it\/es\/wp-json\/wp\/v2\/false?post=41045"},{"taxonomy":"proprietario","embeddable":true,"href":"https:\/\/www.damac.it\/es\/wp-json\/wp\/v2\/proprietario?post=41045"}],"curies":[{"name":"wp","href":"https:\/\/api.w.org\/{rel}","templated":true}]}}