{"id":41419,"date":"2026-04-29T15:42:07","date_gmt":"2026-04-29T15:42:07","guid":{"rendered":"https:\/\/www.damac.it\/sin%20categor\u00eda\/malhotra-12-16-5\/"},"modified":"2026-04-29T15:54:18","modified_gmt":"2026-04-29T15:54:18","slug":"malhotra-12-16-5","status":"publish","type":"product","link":"https:\/\/www.damac.it\/es\/neumaticos\/malhotra-12-16-5-foggia\/","title":{"rendered":"MALHOTRA 12-16.5"},"content":{"rendered":"\n<p>El <strong>Malhotra 12-16.5 ML2-482 HULK<\/strong> es un neum\u00e1tico profesional dise\u00f1ado para garantizar la <strong>m\u00e1xima resistencia, tracci\u00f3n y durabilidad<\/strong> en las aplicaciones m\u00e1s exigentes. Nuevo y al <strong>100 %<\/strong> de su condici\u00f3n, representa una soluci\u00f3n ideal para quienes utilizan minicargadoras en obras, trabajos agr\u00edcolas o manipulaci\u00f3n de materiales. La estructura <strong>diagonal (bias)<\/strong> con carcasa reforzada de <strong>14PR<\/strong> asegura una elevada robustez frente a impactos, cortes y esfuerzos continuos.  <\/p>\n\n<p>La banda de rodadura de <strong>bloques profundos<\/strong> est\u00e1 dise\u00f1ada para ofrecer un <strong>agarre \u00f3ptimo en terrenos dif\u00edciles<\/strong>, como grava, barro o superficies irregulares, mejorando la estabilidad y la seguridad operativa. Gracias a su configuraci\u00f3n <strong>tubeless<\/strong> (sin c\u00e1mara), este neum\u00e1tico reduce el riesgo de pinchazos repentinos y facilita el mantenimiento, garantizando una mayor continuidad en el trabajo. <\/p>\n\n<p>Con un \u00edndice de carga <strong>148\/140<\/strong> y una presi\u00f3n operativa de <strong>6,2 bar<\/strong>, el Malhotra 12-16.5 ML2-482 HULK est\u00e1 dise\u00f1ado para soportar cargas elevadas manteniendo un rendimiento constante. Perfecto para minicargadoras utilizadas en construcci\u00f3n y trabajos intensivos, representa una inversi\u00f3n fiable para aumentar la productividad y la eficiencia. <\/p>\n\n<p>Disponible en Foggia, con env\u00edo incluido a toda Italia, es la elecci\u00f3n ideal para quienes buscan neum\u00e1ticos nuevos, de alto rendimiento y listos para su uso.<\/p>\n","protected":false},"excerpt":{"rendered":"<p>Neum\u00e1tico Malhotra 12-16.5 nuevo al 100%, ideal para minicargadoras. Estructura reforzada, banda de rodadura de tacos y excelente tracci\u00f3n en terrenos dif\u00edciles. Resistente y fiable para trabajos intensivos. Disponible en Foggia con env\u00edo incluido.   <\/p>\n","protected":false},"featured_media":41421,"template":"","meta":{"_acf_changed":false},"ubicazione_acf":[],"product_brand":[1048],"product_cat":[1049],"false":[748],"proprietario":[],"class_list":{"0":"post-41419","1":"product","2":"type-product","3":"status-publish","4":"has-post-thumbnail","6":"product_brand-malhotra","7":"product_cat-neumaticos","8":"product_tag-es","9":"pa_brand-malhotra","11":"first","12":"instock","13":"sold-individually","14":"shipping-taxable","15":"purchasable","16":"product-type-simple"},"acf":[],"_links":{"self":[{"href":"https:\/\/www.damac.it\/es\/wp-json\/wp\/v2\/product\/41419","targetHints":{"allow":["GET"]}}],"collection":[{"href":"https:\/\/www.damac.it\/es\/wp-json\/wp\/v2\/product"}],"about":[{"href":"https:\/\/www.damac.it\/es\/wp-json\/wp\/v2\/types\/product"}],"wp:featuredmedia":[{"embeddable":true,"href":"https:\/\/www.damac.it\/es\/wp-json\/wp\/v2\/media\/41421"}],"wp:attachment":[{"href":"https:\/\/www.damac.it\/es\/wp-json\/wp\/v2\/media?parent=41419"}],"wp:term":[{"taxonomy":"ubicazione_acf","embeddable":true,"href":"https:\/\/www.damac.it\/es\/wp-json\/wp\/v2\/ubicazione_acf?post=41419"},{"taxonomy":"product_brand","embeddable":true,"href":"https:\/\/www.damac.it\/es\/wp-json\/wp\/v2\/product_brand?post=41419"},{"taxonomy":"product_cat","embeddable":true,"href":"https:\/\/www.damac.it\/es\/wp-json\/wp\/v2\/product_cat?post=41419"},{"taxonomy":"product_tag","embeddable":true,"href":"https:\/\/www.damac.it\/es\/wp-json\/wp\/v2\/false?post=41419"},{"taxonomy":"proprietario","embeddable":true,"href":"https:\/\/www.damac.it\/es\/wp-json\/wp\/v2\/proprietario?post=41419"}],"curies":[{"name":"wp","href":"https:\/\/api.w.org\/{rel}","templated":true}]}}