{"id":41664,"date":"2026-04-29T18:37:23","date_gmt":"2026-04-29T18:37:23","guid":{"rendered":"https:\/\/www.damac.it\/sin%20categor\u00eda\/simex-rw-500\/"},"modified":"2026-04-29T18:44:43","modified_gmt":"2026-04-29T18:44:43","slug":"simex-rw-500","status":"publish","type":"product","link":"https:\/\/www.damac.it\/es\/excavadoras-de-rueda\/simex-rw-500-foggia\/","title":{"rendered":"SIMEX RW500"},"content":{"rendered":"\n<p>La <strong>Simex RW500<\/strong> es una rueda zanjadora profesional dise\u00f1ada para garantizar <strong>precisi\u00f3n, eficiencia y continuidad operativa<\/strong> en trabajos de excavaci\u00f3n lineal. Este modelo de 2021 representa una soluci\u00f3n ideal para aplicaciones como tendido de cables, tuber\u00edas y obras de infraestructura, gracias a su <strong>profundidad de excavaci\u00f3n de hasta 500 mm<\/strong> y a un ancho de disco de <strong>50 mm<\/strong>, perfecto para zanjas estrechas y precisas. <\/p>\n\n<p>Dotata di\u00a0<strong>traslazione laterale idraulica<\/strong>\u00a0e regolazione della profondit\u00e0 idraulica, consente un controllo accurato durante le operazioni, migliorando la produttivit\u00e0 anche in contesti complessi. La struttura robusta e il sistema a ruota segmentata garantiscono durata nel tempo e prestazioni costanti anche su terreni impegnativi. Le\u00a0<strong>5 linee idrauliche<\/strong>\u00a0e la portata olio di\u00a0<strong>100\u2013160 l\/min<\/strong>\u00a0assicurano compatibilit\u00e0 e funzionamento ottimale con <a href=\"https:\/\/www.damac.it\/minipale\/\">minipale<\/a> professionali.<\/p>\n\n<p>Con un peso de <strong>1365 kg<\/strong> y una presi\u00f3n m\u00e1xima de 300 bar, la Simex RW500 est\u00e1 dise\u00f1ada para trabajar en condiciones severas manteniendo una alta fiabilidad. Ideal para empresas de construcci\u00f3n y operadores especializados, es una soluci\u00f3n concreta para aumentar la precisi\u00f3n y velocidad en los trabajos de excavaci\u00f3n. <\/p>\n\n<p>La Simex RW500 est\u00e1 disponible en Foggia y cuenta con certificaci\u00f3n CE; est\u00e1 lista para su uso en obra.<\/p>\n\n<p><\/p>\n","protected":false},"excerpt":{"rendered":"<p>Simex RW 500 de 2021, rueda zanjadora profesional para minicargadoras. Profundidad 500 mm, alta precisi\u00f3n y desplazamiento hidr\u00e1ulico. Ideal para excavaciones lineales y tendido de tuber\u00edas.   Disponible en Foggia.<\/p>\n","protected":false},"featured_media":41666,"template":"","meta":{"_acf_changed":false},"ubicazione_acf":[],"product_brand":[1060],"product_cat":[1061],"false":[748],"proprietario":[],"class_list":{"0":"post-41664","1":"product","2":"type-product","3":"status-publish","4":"has-post-thumbnail","6":"product_brand-simex","7":"product_cat-excavadoras-de-rueda","8":"product_tag-es","9":"pa_brand-simex","11":"first","12":"instock","13":"sold-individually","14":"shipping-taxable","15":"product-type-simple"},"acf":[],"_links":{"self":[{"href":"https:\/\/www.damac.it\/es\/wp-json\/wp\/v2\/product\/41664","targetHints":{"allow":["GET"]}}],"collection":[{"href":"https:\/\/www.damac.it\/es\/wp-json\/wp\/v2\/product"}],"about":[{"href":"https:\/\/www.damac.it\/es\/wp-json\/wp\/v2\/types\/product"}],"wp:featuredmedia":[{"embeddable":true,"href":"https:\/\/www.damac.it\/es\/wp-json\/wp\/v2\/media\/41666"}],"wp:attachment":[{"href":"https:\/\/www.damac.it\/es\/wp-json\/wp\/v2\/media?parent=41664"}],"wp:term":[{"taxonomy":"ubicazione_acf","embeddable":true,"href":"https:\/\/www.damac.it\/es\/wp-json\/wp\/v2\/ubicazione_acf?post=41664"},{"taxonomy":"product_brand","embeddable":true,"href":"https:\/\/www.damac.it\/es\/wp-json\/wp\/v2\/product_brand?post=41664"},{"taxonomy":"product_cat","embeddable":true,"href":"https:\/\/www.damac.it\/es\/wp-json\/wp\/v2\/product_cat?post=41664"},{"taxonomy":"product_tag","embeddable":true,"href":"https:\/\/www.damac.it\/es\/wp-json\/wp\/v2\/false?post=41664"},{"taxonomy":"proprietario","embeddable":true,"href":"https:\/\/www.damac.it\/es\/wp-json\/wp\/v2\/proprietario?post=41664"}],"curies":[{"name":"wp","href":"https:\/\/api.w.org\/{rel}","templated":true}]}}