{"id":41707,"date":"2026-04-30T07:40:31","date_gmt":"2026-04-30T07:40:31","guid":{"rendered":"https:\/\/www.damac.it\/sin%20categor\u00eda\/kubota-kc70sl-4p\/"},"modified":"2026-04-30T07:48:29","modified_gmt":"2026-04-30T07:48:29","slug":"kubota-kc70sl-4p","status":"publish","type":"product","link":"https:\/\/www.damac.it\/es\/motocarros\/kubota-kc70sl-4p-roma\/","title":{"rendered":"KUBOTA KC70SL-4P"},"content":{"rendered":"\n<p>Il\u00a0<strong>Kubota KC70SL-4P\u00a0del 2022<\/strong>\u00a0\u00e8 un <a href=\"https:\/\/www.damac.it\/dumper\/\">dumper<\/a> cingolato compatto progettato per garantire\u00a0<strong>massima efficienza, maneggevolezza e versatilit\u00e0<\/strong>\u00a0nei cantieri pi\u00f9 impegnativi. Con\u00a0<strong>505 ore di lavoro<\/strong>\u00a0e una portata utile di\u00a0<strong>700 kg<\/strong>, rappresenta una soluzione ideale per movimentazione materiali, lavori edili e manutenzioni in spazi ristretti.<\/p>\n\n<p>Gracias al sistema <strong>autocargante<\/strong>, este dumper permite cargar material de forma aut\u00f3noma, reduciendo tiempos y costes operativos. El motor <strong>Honda GX270 de 8,3 kW<\/strong> con <strong>arranque el\u00e9ctrico<\/strong> asegura fiabilidad, facilidad de uso y prestaciones constantes incluso durante usos intensivos. Las <strong>orugas de goma al 80%<\/strong> garantizan una excelente adherencia en terrenos irregulares y protecci\u00f3n de las superficies m\u00e1s delicadas.  <\/p>\n\n<p>La estructura compacta, con una anchura de solo <strong>758 mm<\/strong>, lo hace perfecto para pasos estrechos y trabajos en entornos urbanos o interiores. La presencia de la <strong>doble velocidad<\/strong> mejora a\u00fan m\u00e1s la eficiencia en los desplazamientos, aumentando la productividad diaria. El caj\u00f3n robusto y espacioso permite un transporte seguro y r\u00e1pido de los materiales.  <\/p>\n\n<p>Disponible en Roma, el Kubota KC70SL-4P es una m\u00e1quina lista para usar, ideal para quien busca fiabilidad, compacidad y prestaciones en un \u00fanico equipo.<\/p>\n\n<p><\/p>\n","protected":false},"excerpt":{"rendered":"<p>Kubota KC70SL-4P de 2022 con 505 horas, dumper de orugas autocargante de 700 kg. Compacto, potente e ideal para espacios reducidos. Motor Honda con arranque el\u00e9ctrico.   Disponible en Roma.<\/p>\n","protected":false},"featured_media":41709,"template":"","meta":{"_acf_changed":false},"ubicazione_acf":[],"product_brand":[601],"product_cat":[1065],"false":[748],"proprietario":[],"class_list":{"0":"post-41707","1":"product","2":"type-product","3":"status-publish","4":"has-post-thumbnail","6":"product_brand-kubota","7":"product_cat-motocarros","8":"product_tag-es","10":"first","11":"instock","12":"sold-individually","13":"shipping-taxable","14":"product-type-simple"},"acf":[],"_links":{"self":[{"href":"https:\/\/www.damac.it\/es\/wp-json\/wp\/v2\/product\/41707","targetHints":{"allow":["GET"]}}],"collection":[{"href":"https:\/\/www.damac.it\/es\/wp-json\/wp\/v2\/product"}],"about":[{"href":"https:\/\/www.damac.it\/es\/wp-json\/wp\/v2\/types\/product"}],"wp:featuredmedia":[{"embeddable":true,"href":"https:\/\/www.damac.it\/es\/wp-json\/wp\/v2\/media\/41709"}],"wp:attachment":[{"href":"https:\/\/www.damac.it\/es\/wp-json\/wp\/v2\/media?parent=41707"}],"wp:term":[{"taxonomy":"ubicazione_acf","embeddable":true,"href":"https:\/\/www.damac.it\/es\/wp-json\/wp\/v2\/ubicazione_acf?post=41707"},{"taxonomy":"product_brand","embeddable":true,"href":"https:\/\/www.damac.it\/es\/wp-json\/wp\/v2\/product_brand?post=41707"},{"taxonomy":"product_cat","embeddable":true,"href":"https:\/\/www.damac.it\/es\/wp-json\/wp\/v2\/product_cat?post=41707"},{"taxonomy":"product_tag","embeddable":true,"href":"https:\/\/www.damac.it\/es\/wp-json\/wp\/v2\/false?post=41707"},{"taxonomy":"proprietario","embeddable":true,"href":"https:\/\/www.damac.it\/es\/wp-json\/wp\/v2\/proprietario?post=41707"}],"curies":[{"name":"wp","href":"https:\/\/api.w.org\/{rel}","templated":true}]}}