{"id":42594,"date":"2026-05-07T08:45:12","date_gmt":"2026-05-07T08:45:12","guid":{"rendered":"https:\/\/www.damac.it\/sin%20categor\u00eda\/case-75xt\/"},"modified":"2026-05-07T08:55:14","modified_gmt":"2026-05-07T08:55:14","slug":"case-75xt","status":"publish","type":"product","link":"https:\/\/www.damac.it\/es\/minicargadoras\/case-75xt-foggia\/","title":{"rendered":"CASE 75XT"},"content":{"rendered":"\n<p>La CASE 75XT usada del 2002 representa una soluci\u00f3n fiable y vers\u00e1til para trabajos de movimiento de tierras, construcci\u00f3n, agricultura y mantenimiento industrial. Con solo <strong>1200 horas de trabajo<\/strong>, esta m\u00e1quina se distingue por su excelente estado operativo y por la presencia de <strong>certificaci\u00f3n CE<\/strong>, matr\u00edcula y permiso de circulaci\u00f3n, elementos que facilitan su uso inmediato en obra. Disponible en la sede de <strong>Foggia<\/strong>, est\u00e1 lista para entrega r\u00e1pida.  <\/p>\n\n<p>Dotata di un potente motore\u00a0<strong>Case 4-390 da 48,8 kW<\/strong>, la CASE 75XT offre prestazioni elevate anche nelle operazioni pi\u00f9 impegnative. Il peso operativo di\u00a0<strong>3040 kg<\/strong>\u00a0garantisce stabilit\u00e0 e sicurezza durante il lavoro, mentre i\u00a0<strong>comandi joystick<\/strong> assicurano precisione e comfort operativo. La macchina \u00e8 completa di\u00a0<strong><a href=\"https:\/\/www.damac.it\/accessori\/\">benna<\/a> standard<\/strong>\u00a0e impianto idraulico a 3 tubi, ideale per l\u2019utilizzo con diverse attrezzature.<\/p>\n\n<p>Grazie alle dimensioni compatte e alla grande manovrabilit\u00e0, questa <a href=\"https:\/\/www.damac.it\/minipale\/\">minipala<\/a> compatta usata \u00e8 perfetta per operare in spazi ridotti senza rinunciare alla produttivit\u00e0. Il\u00a0<strong>serbatoio acqua sul tetto<\/strong>\u00a0rappresenta un valore aggiunto utile per applicazioni specifiche in ambito edile e stradale.<\/p>\n\n<p>Elegir esta CASE 75XT significa invertir en una m\u00e1quina operativa, robusta y lista para usar, con una excelente relaci\u00f3n calidad-precio. Una soluci\u00f3n ideal para empresas y profesionales que buscan una minicargadora usada fiable y de alto rendimiento. <\/p>\n\n<p><\/p>\n","protected":false},"excerpt":{"rendered":"<p>Minicargadora <span class=\"hover:entity-accent entity-underline inline cursor-pointer align-baseline\"><span class=\"whitespace-normal\">CASE 75XT<\/span><\/span> usada del 2002 con 1200 horas de trabajo, motor Case de 48,8 kW, joystick, cazo est\u00e1ndar y certificaci\u00f3n CE. M\u00e1quina compacta, potente y lista para usar disponible en Foggia. <\/p>\n","protected":false},"featured_media":42602,"template":"","meta":{"_acf_changed":false},"ubicazione_acf":[],"product_brand":[677],"product_cat":[424],"false":[748],"proprietario":[],"class_list":{"0":"post-42594","1":"product","2":"type-product","3":"status-publish","4":"has-post-thumbnail","6":"product_brand-case","7":"product_cat-minicargadoras","8":"product_tag-es","9":"pa_brand-case","11":"first","12":"instock","13":"shipping-taxable","14":"purchasable","15":"product-type-simple"},"acf":[],"_links":{"self":[{"href":"https:\/\/www.damac.it\/es\/wp-json\/wp\/v2\/product\/42594","targetHints":{"allow":["GET"]}}],"collection":[{"href":"https:\/\/www.damac.it\/es\/wp-json\/wp\/v2\/product"}],"about":[{"href":"https:\/\/www.damac.it\/es\/wp-json\/wp\/v2\/types\/product"}],"wp:featuredmedia":[{"embeddable":true,"href":"https:\/\/www.damac.it\/es\/wp-json\/wp\/v2\/media\/42602"}],"wp:attachment":[{"href":"https:\/\/www.damac.it\/es\/wp-json\/wp\/v2\/media?parent=42594"}],"wp:term":[{"taxonomy":"ubicazione_acf","embeddable":true,"href":"https:\/\/www.damac.it\/es\/wp-json\/wp\/v2\/ubicazione_acf?post=42594"},{"taxonomy":"product_brand","embeddable":true,"href":"https:\/\/www.damac.it\/es\/wp-json\/wp\/v2\/product_brand?post=42594"},{"taxonomy":"product_cat","embeddable":true,"href":"https:\/\/www.damac.it\/es\/wp-json\/wp\/v2\/product_cat?post=42594"},{"taxonomy":"product_tag","embeddable":true,"href":"https:\/\/www.damac.it\/es\/wp-json\/wp\/v2\/false?post=42594"},{"taxonomy":"proprietario","embeddable":true,"href":"https:\/\/www.damac.it\/es\/wp-json\/wp\/v2\/proprietario?post=42594"}],"curies":[{"name":"wp","href":"https:\/\/api.w.org\/{rel}","templated":true}]}}