{"id":8847,"date":"2025-08-02T09:49:35","date_gmt":"2025-08-02T09:49:35","guid":{"rendered":"https:\/\/www.damac.it\/sin%20categor\u00eda\/komatsu-pc55-mr3\/"},"modified":"2026-03-29T13:50:48","modified_gmt":"2026-03-29T13:50:48","slug":"komatsu-pc55-mr3","status":"publish","type":"product","link":"https:\/\/www.damac.it\/es\/miniexcavadoras\/komatsu-pc55-mr3-anguillara-sabazia\/","title":{"rendered":"KOMATSU PC55MR-3"},"content":{"rendered":"\n<div class=\"wp-block-columns are-vertically-aligned-center is-layout-flex wp-container-core-columns-is-layout-28f84493 wp-block-columns-is-layout-flex\">\n<div class=\"wp-block-column is-vertically-aligned-center is-layout-flow wp-block-column-is-layout-flow\">\n<p class=\"title has-text-color\" style=\"color:#131315\">\u00a0<\/p>\n\n\n\n<h3 class=\"wp-block-heading\"><strong>FIABLE Y LISTO PARA USAR<\/strong><\/h3>\n\n\n\n<p>Con <strong>solo 3410 horas de trabajo<\/strong> y <strong>orugas de goma al 100%<\/strong>, este PC55MR-3 es una m\u00e1quina lista para entrar inmediatamente en obra. Este modelo de <strong>komatsu pc55<\/strong> est\u00e1 dise\u00f1ado para garantizar una excelente relaci\u00f3n calidad-precio. <\/p>\n<\/div>\n\n\n\n<div class=\"wp-block-column is-vertically-aligned-center is-layout-flow wp-block-column-is-layout-flow\" style=\"flex-basis:60%\">\n\n\n<p>\u00a0<\/p>\n<\/div>\n<\/div>\n\n<div style=\"height:30px\" aria-hidden=\"true\" class=\"wp-block-spacer\"><\/div>\n\n<div class=\"wp-block-columns are-vertically-aligned-center is-layout-flex wp-container-core-columns-is-layout-28f84493 wp-block-columns-is-layout-flex\">\n<div class=\"wp-block-column is-vertically-aligned-center is-layout-flow wp-block-column-is-layout-flow\">\n<figure class=\"wp-block-image size-large\"><img decoding=\"async\" src=\"https:\/\/www.damac.it\/wp-content\/uploads\/2025\/08\/&lt;a href=\" https:=\"\" alt=\"\" title=\"\">miniescavatore-komatsu-pc55mr3-2016-usato-damac-23-1024&#215;768.jpeg&#8221; alt=&#8221;Miniescavatore Komatsu PC55-MR3 usato anno 2016 in vendita \u2013 DAMAC&#8221; class=&#8221;wp-image-8836&#8243;\/&gt;<\/figure>\n<\/div>\n\n\n\n<div class=\"wp-block-column is-vertically-aligned-center is-layout-flow wp-block-column-is-layout-flow\" style=\"flex-basis:40%\">\n<p class=\"title has-text-color\" style=\"color:#131315\">\u00a0<\/p>\n\n\n\n<h3 class=\"wp-block-heading\"><strong>COMPACTO, PERO POTENTE<\/strong><\/h3>\n\n\n\n<p>Equipado con un motor <strong>Komatsu 4D88E-6 de 39,6 CV<\/strong> con <strong>transmisi\u00f3n hidrost\u00e1tica<\/strong>, asegura un alto rendimiento y gran control. El <strong>chasis fijo con doble velocidad<\/strong> permite desplazamientos r\u00e1pidos. Gracias a sus caracter\u00edsticas, el <strong>komatsu pc55<\/strong> es ideal para quienes buscan fiabilidad y prestaciones superiores.  <\/p>\n<\/div>\n<\/div>\n\n<div style=\"height:30px\" aria-hidden=\"true\" class=\"wp-block-spacer\"><\/div>\n\n<div class=\"wp-block-columns are-vertically-aligned-center is-layout-flex wp-container-core-columns-is-layout-28f84493 wp-block-columns-is-layout-flex\">\n<div class=\"wp-block-column is-vertically-aligned-center is-layout-flow wp-block-column-is-layout-flow\">\n<p class=\"title has-text-color\" style=\"color:#131315\">\u00a0<\/p>\n\n\n\n<h3 class=\"wp-block-heading\"><strong>EQUIPADO PARA LA OBRA<\/strong><\/h3>\n\n\n\n<p>Completo con <strong>pala frontal<\/strong>, <strong>instalaci\u00f3n para martillo<\/strong> y <strong>v\u00e1lvulas de bloqueo<\/strong>, es perfecto para trabajos de excavaci\u00f3n, demolici\u00f3n y movimiento de materiales. El <strong>brazo monol\u00edtico<\/strong> garantiza robustez y precisi\u00f3n durante el trabajo. Adem\u00e1s, el <strong>komatsu pc55<\/strong> ofrece una gran versatilidad en obra, facilitando la ejecuci\u00f3n de diversos trabajos.  <\/p>\n<\/div>\n\n\n\n<div class=\"wp-block-column is-vertically-aligned-center is-layout-flow wp-block-column-is-layout-flow\" style=\"flex-basis:60%\">\n<figure class=\"wp-block-image size-large\"><img fetchpriority=\"high\" decoding=\"async\" width=\"1024\" height=\"768\" src=\"https:\/\/www.damac.it\/wp-content\/uploads\/2025\/08\/miniescavatore-komatsu-pc55mr3-2016-usato-damac-14-1024x768.jpeg\" alt=\"Miniexcavadora Komatsu PC55-MR3 usada a&#xF1;o 2016 en venta &#x2013; DAMAC\" class=\"wp-image-8791\" title=\"\" srcset=\"https:\/\/www.damac.it\/wp-content\/uploads\/2025\/08\/miniescavatore-komatsu-pc55mr3-2016-usato-damac-14-1024x768.jpeg 1024w, https:\/\/www.damac.it\/wp-content\/uploads\/2025\/08\/miniescavatore-komatsu-pc55mr3-2016-usato-damac-14-scaled-600x450.jpeg 600w, https:\/\/www.damac.it\/wp-content\/uploads\/2025\/08\/miniescavatore-komatsu-pc55mr3-2016-usato-damac-14-scaled-150x113.jpeg 150w, https:\/\/www.damac.it\/wp-content\/uploads\/2025\/08\/miniescavatore-komatsu-pc55mr3-2016-usato-damac-14-scaled-900x675.jpeg 900w, https:\/\/www.damac.it\/wp-content\/uploads\/2025\/08\/miniescavatore-komatsu-pc55mr3-2016-usato-damac-14-scaled-64x48.jpeg 64w, https:\/\/www.damac.it\/wp-content\/uploads\/2025\/08\/miniescavatore-komatsu-pc55mr3-2016-usato-damac-14-300x225.jpeg 300w, https:\/\/www.damac.it\/wp-content\/uploads\/2025\/08\/miniescavatore-komatsu-pc55mr3-2016-usato-damac-14-768x576.jpeg 768w, https:\/\/www.damac.it\/wp-content\/uploads\/2025\/08\/miniescavatore-komatsu-pc55mr3-2016-usato-damac-14-1536x1152.jpeg 1536w, https:\/\/www.damac.it\/wp-content\/uploads\/2025\/08\/miniescavatore-komatsu-pc55mr3-2016-usato-damac-14-2048x1536.jpeg 2048w, https:\/\/www.damac.it\/wp-content\/uploads\/2025\/08\/miniescavatore-komatsu-pc55mr3-2016-usato-damac-14-990x743.jpeg 990w, https:\/\/www.damac.it\/wp-content\/uploads\/2025\/08\/miniescavatore-komatsu-pc55mr3-2016-usato-damac-14-441x331.jpeg 441w\" sizes=\"(max-width: 1024px) 100vw, 1024px\" \/><\/figure>\n\n\n\n<p>\u00a0<\/p>\n<\/div>\n<\/div>\n\n<div style=\"height:30px\" aria-hidden=\"true\" class=\"wp-block-spacer\"><\/div>\n\n<div class=\"wp-block-columns are-vertically-aligned-center is-layout-flex wp-container-core-columns-is-layout-28f84493 wp-block-columns-is-layout-flex\">\n<div class=\"wp-block-column is-vertically-aligned-center is-layout-flow wp-block-column-is-layout-flow\">\n<figure class=\"wp-block-image size-large\"><img decoding=\"async\" width=\"1024\" height=\"768\" src=\"https:\/\/www.damac.it\/wp-content\/uploads\/2025\/08\/miniescavatore-komatsu-pc55mr3-2016-usato-damac-16-1024x768.jpeg\" alt=\"Miniexcavadora Komatsu PC55-MR3 usada a&#xF1;o 2016 en venta &#x2013; DAMAC\" class=\"wp-image-8801\" title=\"\" srcset=\"https:\/\/www.damac.it\/wp-content\/uploads\/2025\/08\/miniescavatore-komatsu-pc55mr3-2016-usato-damac-16-1024x768.jpeg 1024w, https:\/\/www.damac.it\/wp-content\/uploads\/2025\/08\/miniescavatore-komatsu-pc55mr3-2016-usato-damac-16-scaled-600x450.jpeg 600w, https:\/\/www.damac.it\/wp-content\/uploads\/2025\/08\/miniescavatore-komatsu-pc55mr3-2016-usato-damac-16-scaled-150x113.jpeg 150w, https:\/\/www.damac.it\/wp-content\/uploads\/2025\/08\/miniescavatore-komatsu-pc55mr3-2016-usato-damac-16-scaled-900x675.jpeg 900w, https:\/\/www.damac.it\/wp-content\/uploads\/2025\/08\/miniescavatore-komatsu-pc55mr3-2016-usato-damac-16-scaled-64x48.jpeg 64w, https:\/\/www.damac.it\/wp-content\/uploads\/2025\/08\/miniescavatore-komatsu-pc55mr3-2016-usato-damac-16-300x225.jpeg 300w, https:\/\/www.damac.it\/wp-content\/uploads\/2025\/08\/miniescavatore-komatsu-pc55mr3-2016-usato-damac-16-768x576.jpeg 768w, https:\/\/www.damac.it\/wp-content\/uploads\/2025\/08\/miniescavatore-komatsu-pc55mr3-2016-usato-damac-16-1536x1152.jpeg 1536w, https:\/\/www.damac.it\/wp-content\/uploads\/2025\/08\/miniescavatore-komatsu-pc55mr3-2016-usato-damac-16-2048x1536.jpeg 2048w, https:\/\/www.damac.it\/wp-content\/uploads\/2025\/08\/miniescavatore-komatsu-pc55mr3-2016-usato-damac-16-990x743.jpeg 990w, https:\/\/www.damac.it\/wp-content\/uploads\/2025\/08\/miniescavatore-komatsu-pc55mr3-2016-usato-damac-16-441x331.jpeg 441w\" sizes=\"(max-width: 1024px) 100vw, 1024px\" \/><\/figure>\n<\/div>\n\n\n\n<div class=\"wp-block-column is-vertically-aligned-center is-layout-flow wp-block-column-is-layout-flow\" style=\"flex-basis:40%\">\n<p class=\"title has-text-color\" style=\"color:#131315\">\u00a0<\/p>\n\n\n\n<h3 class=\"wp-block-heading\"><strong>DOCUMENTACI\u00d3N EN REGLA<\/strong><\/h3>\n\n\n\n<p>Se vende con <strong>certificaci\u00f3n CE<\/strong> y <strong>ficha t\u00e9cnica completa<\/strong>, es una soluci\u00f3n transparente y conforme. La compra a trav\u00e9s de DAMAC incluye <strong>IVA desglosado<\/strong> y posibilidad de <strong>transporte en toda Europa<\/strong>. Con la compra del <strong>komatsu pc55<\/strong>, tambi\u00e9n tendr\u00e1 acceso a una excelente red de servicio posventa.  <\/p>\n<\/div>\n<\/div>\n","protected":false},"excerpt":{"rendered":"<p class=\"p1\">Miniexcavadora de cadenas KOMATSU PC55MR-3, 5,5 toneladas, 3.410 horas de trabajo, 100% orugas de goma. Motor Komatsu de 39,6 CV, cabina cerrada, pala frontal, sistema de martillos y cuchara incluidos. Con certificado CE, lista para usar y disponible para env\u00edo en Italia y Europa.  <\/p>\n","protected":false},"featured_media":8740,"template":"","meta":{"_acf_changed":false},"ubicazione_acf":[],"product_brand":[610],"product_cat":[411],"false":[748],"proprietario":[],"class_list":{"0":"post-8847","1":"product","2":"type-product","3":"status-publish","4":"has-post-thumbnail","6":"product_brand-komatsu","7":"product_cat-miniexcavadoras","8":"product_tag-es","9":"pa_brand-komatsu","11":"first","12":"outofstock","13":"sale","14":"sold-individually","15":"shipping-taxable","16":"purchasable","17":"product-type-simple"},"acf":[],"_links":{"self":[{"href":"https:\/\/www.damac.it\/es\/wp-json\/wp\/v2\/product\/8847","targetHints":{"allow":["GET"]}}],"collection":[{"href":"https:\/\/www.damac.it\/es\/wp-json\/wp\/v2\/product"}],"about":[{"href":"https:\/\/www.damac.it\/es\/wp-json\/wp\/v2\/types\/product"}],"wp:featuredmedia":[{"embeddable":true,"href":"https:\/\/www.damac.it\/es\/wp-json\/wp\/v2\/media\/8740"}],"wp:attachment":[{"href":"https:\/\/www.damac.it\/es\/wp-json\/wp\/v2\/media?parent=8847"}],"wp:term":[{"taxonomy":"ubicazione_acf","embeddable":true,"href":"https:\/\/www.damac.it\/es\/wp-json\/wp\/v2\/ubicazione_acf?post=8847"},{"taxonomy":"product_brand","embeddable":true,"href":"https:\/\/www.damac.it\/es\/wp-json\/wp\/v2\/product_brand?post=8847"},{"taxonomy":"product_cat","embeddable":true,"href":"https:\/\/www.damac.it\/es\/wp-json\/wp\/v2\/product_cat?post=8847"},{"taxonomy":"product_tag","embeddable":true,"href":"https:\/\/www.damac.it\/es\/wp-json\/wp\/v2\/false?post=8847"},{"taxonomy":"proprietario","embeddable":true,"href":"https:\/\/www.damac.it\/es\/wp-json\/wp\/v2\/proprietario?post=8847"}],"curies":[{"name":"wp","href":"https:\/\/api.w.org\/{rel}","templated":true}]}}