{"id":8881,"date":"2025-08-04T15:29:27","date_gmt":"2025-08-04T15:29:27","guid":{"rendered":"https:\/\/www.damac.it\/sin%20categor\u00eda\/turchi-300f\/"},"modified":"2026-04-13T10:02:36","modified_gmt":"2026-04-13T10:02:36","slug":"turchi-300f","status":"publish","type":"product","link":"https:\/\/www.damac.it\/es\/martillos-hincapostes-hidraulicos\/turchi-300f-roma\/","title":{"rendered":"TURCHI 300F"},"content":{"rendered":"\n<p>El <strong><a href=\"https:\/\/www.damac.it\/es\/battipalo-turchi-300f\/\">Turchi 300F<\/a><\/strong> es una <strong>hincadora hidr\u00e1ulica autopropulsada<\/strong> dise\u00f1ada para el hincado o atornillado de pilotes destinados a instalaciones fotovoltaicas, barreras viales y estructuras sobre terreno. Gracias a su estructura compacta (longitud 2,1 m, anchura 2,35 m, altura 2,67 m con columna elevada) y al peso de aproximadamente 4.500 kg, ofrece estabilidad y maniobrabilidad incluso en superficies irregulares gracias a las <strong>orugas de caucho<\/strong>. <\/p>\n\n<p>La m\u00e1quina est\u00e1 equipada con un <strong>martillo Indeco con una potencia de impacto de hasta 1.200 julios<\/strong> y frecuencia ajustable, accionado por un <strong>sistema hidr\u00e1ulico de circuito abierto<\/strong> con una presi\u00f3n de trabajo de hasta 180 bares. La columna principal permite amplios ajustes: inclinaci\u00f3n frontal de +10\u00b0 a -51\u00b0, inclinaci\u00f3n lateral de +9,5\u00b0 a -9,5\u00b0, desplazamiento lateral 130+130 mm y recorrido vertical de hasta 500 mm, lo que permite un posicionamiento preciso incluso en pendientes. <\/p>\n\n<p>La Turchi 300F puede equiparse con motores fiables como el <strong>Yanmar de 4 cilindros y 34,4 kW<\/strong> o el <strong>Hyundai de 3 cilindros y hasta 45 kW<\/strong>, que garantizan un alto rendimiento y un bajo consumo de combustible. La altura m\u00e1xima de los postes instalados es de hasta <strong>6 metros<\/strong>, con velocidades de desplazamiento de hasta 3,3 km\/h. <\/p>\n\n<p>Completamente equipaggiato con catena a quattro ganci per il sollevamento e prolunga colonna standard, pu\u00f2 essere personalizzato con <a href=\"https:\/\/www.damac.it\/accessori\/\">accessori<\/a> opzionali come\u00a0<strong>estrattore meccanico, carotatrice idraulica, martello pneumatico D.T.H., sistema di verticalit\u00e0 automatica e GPS<\/strong>, oltre a configurazioni con\u00a0<strong>cingoli in acciaio con pattino in gomma<\/strong>.<\/p>\n\n<p>Con su combinaci\u00f3n de <strong>potencia, versatilidad y precisi\u00f3n de penetraci\u00f3n<\/strong>, el Turchi 300F es la elecci\u00f3n ideal para instaladores solares, contratistas de carreteras y empresas que necesiten un martillo pil\u00f3n profesional y fiable.<\/p>\n","protected":false},"excerpt":{"rendered":"<p>Martillo pil\u00f3n hidr\u00e1ulico autopropulsado Turchi 300F para instalaciones fotovoltaicas, barandillas y estructuras de pilotes. M\u00e1quina compacta de 4,5 t con orugas de goma, martillo Indeco de hasta 1.200 julios y columna basculante para trabajar en terrenos complejos. <\/p>\n","protected":false},"featured_media":7958,"template":"","meta":{"_acf_changed":false},"ubicazione_acf":[],"product_brand":[598],"product_cat":[417],"false":[748],"proprietario":[],"class_list":{"0":"post-8881","1":"product","2":"type-product","3":"status-publish","4":"has-post-thumbnail","6":"product_brand-turchi","7":"product_cat-martillos-hincapostes-hidraulicos","8":"product_tag-es","9":"pa_brand-turchi","11":"first","12":"instock","13":"sold-individually","14":"shipping-taxable","15":"product-type-simple"},"acf":[],"_links":{"self":[{"href":"https:\/\/www.damac.it\/es\/wp-json\/wp\/v2\/product\/8881","targetHints":{"allow":["GET"]}}],"collection":[{"href":"https:\/\/www.damac.it\/es\/wp-json\/wp\/v2\/product"}],"about":[{"href":"https:\/\/www.damac.it\/es\/wp-json\/wp\/v2\/types\/product"}],"wp:featuredmedia":[{"embeddable":true,"href":"https:\/\/www.damac.it\/es\/wp-json\/wp\/v2\/media\/7958"}],"wp:attachment":[{"href":"https:\/\/www.damac.it\/es\/wp-json\/wp\/v2\/media?parent=8881"}],"wp:term":[{"taxonomy":"ubicazione_acf","embeddable":true,"href":"https:\/\/www.damac.it\/es\/wp-json\/wp\/v2\/ubicazione_acf?post=8881"},{"taxonomy":"product_brand","embeddable":true,"href":"https:\/\/www.damac.it\/es\/wp-json\/wp\/v2\/product_brand?post=8881"},{"taxonomy":"product_cat","embeddable":true,"href":"https:\/\/www.damac.it\/es\/wp-json\/wp\/v2\/product_cat?post=8881"},{"taxonomy":"product_tag","embeddable":true,"href":"https:\/\/www.damac.it\/es\/wp-json\/wp\/v2\/false?post=8881"},{"taxonomy":"proprietario","embeddable":true,"href":"https:\/\/www.damac.it\/es\/wp-json\/wp\/v2\/proprietario?post=8881"}],"curies":[{"name":"wp","href":"https:\/\/api.w.org\/{rel}","templated":true}]}}