{"id":9896,"date":"2025-09-22T13:49:36","date_gmt":"2025-09-22T13:49:36","guid":{"rendered":"https:\/\/www.damac.it\/sin%20categor\u00eda\/komatsu-pc26mr-3\/"},"modified":"2026-04-30T13:57:28","modified_gmt":"2026-04-30T13:57:28","slug":"komatsu-pc26mr-3","status":"publish","type":"product","link":"https:\/\/www.damac.it\/es\/miniexcavadoras\/komatsu-pc26mr-3-anguillara-sabazia-roma\/","title":{"rendered":"KOMATSU PC26MR-3"},"content":{"rendered":"\n<p>Il\u00a0<strong>Komatsu PC26MR-3\u00a0del 2014<\/strong>\u00a0\u00e8 un <a href=\"https:\/\/www.damac.it\/miniescavatori\/\">miniescavatore<\/a> compatto e affidabile, progettato per garantire\u00a0<strong>massima efficienza e maneggevolezza<\/strong>\u00a0anche nei contesti di lavoro pi\u00f9 ristretti. Con un peso operativo di\u00a0<strong>2.710 kg<\/strong>\u00a0e\u00a0<strong>3.725 ore di lavoro<\/strong>, rappresenta una soluzione ideale per imprese edili e operatori che cercano un mezzo versatile e subito operativo.<\/p>\n\n<p>Gracias al sistema <strong>girosagoma<\/strong> (giro de voladizo cero), permite trabajar con total seguridad sin obst\u00e1culos laterales, lo que la hace perfecta para obras urbanas, excavaciones en espacios limitados y trabajos de mantenimiento. El <strong>brazo monobloque<\/strong> asegura la estabilidad durante las operaciones, mientras que la <strong>cuchilla delantera<\/strong> aumenta la precisi\u00f3n y la seguridad durante la excavaci\u00f3n y la nivelaci\u00f3n. <\/p>\n\n<p>Dotato di\u00a0<strong>impianto martello idraulico<\/strong>\u00a0e completo di\u00a0<strong>due <a href=\"https:\/\/www.damac.it\/accessori\/\">benne<\/a> da scavo (650 mm e 200 mm)<\/strong>, questo miniescavatore offre grande versatilit\u00e0 operativa, permettendo di affrontare sia lavori di scavo che interventi di demolizione leggera. I\u00a0<strong>cingoli in gomma<\/strong>\u00a0garantiscono buona aderenza e protezione delle superfici, anche se al 40% di usura.<\/p>\n\n<p>Disponible en Anguillara Sabazia (Roma) y con certificado CE, la Komatsu PC26MR-3 es una elecci\u00f3n s\u00f3lida para quienes buscan una excavadora compacta, fiable y lista para trabajar.<\/p>\n\n<div class=\"wp-block-webfactory-map\"><div class=\"wp-block-webfactory-map\"><iframe title=\"Mapa\" width=\"100%\" height=\"380px\" src=\"https:\/\/www.google.com\/maps\/embed\/v1\/place?q=anguillara%20sabazia&amp;maptype=roadmap&amp;zoom=7&amp;key=AIzaSyCbpj9Ji_jwudUhfVpTXiPB79zpZZSDW8c\" frameborder=\"0\"><\/iframe><\/div><\/div>\n","protected":false},"excerpt":{"rendered":"<p class=\"p1\">Miniexcavadora Komatsu PC26MR-3 de 2014, 2.710 kg, 3.725 horas, en buenas condiciones. Cabina abierta, giro en cola, hoja, instalaci\u00f3n martillo, orugas de goma (40%). Completa con 2 cazos. Lista para trabajar, disponible en Anguillara Sabazia (Roma).   <\/p>\n","protected":false},"featured_media":9795,"template":"","meta":{"_acf_changed":false},"ubicazione_acf":[],"product_brand":[610],"product_cat":[411],"false":[748],"proprietario":[],"class_list":{"0":"post-9896","1":"product","2":"type-product","3":"status-publish","4":"has-post-thumbnail","6":"product_brand-komatsu","7":"product_cat-miniexcavadoras","8":"product_tag-es","9":"pa_brand-komatsu","11":"first","12":"instock","13":"sale","14":"sold-individually","15":"shipping-taxable","16":"purchasable","17":"product-type-simple"},"acf":[],"_links":{"self":[{"href":"https:\/\/www.damac.it\/es\/wp-json\/wp\/v2\/product\/9896","targetHints":{"allow":["GET"]}}],"collection":[{"href":"https:\/\/www.damac.it\/es\/wp-json\/wp\/v2\/product"}],"about":[{"href":"https:\/\/www.damac.it\/es\/wp-json\/wp\/v2\/types\/product"}],"wp:featuredmedia":[{"embeddable":true,"href":"https:\/\/www.damac.it\/es\/wp-json\/wp\/v2\/media\/9795"}],"wp:attachment":[{"href":"https:\/\/www.damac.it\/es\/wp-json\/wp\/v2\/media?parent=9896"}],"wp:term":[{"taxonomy":"ubicazione_acf","embeddable":true,"href":"https:\/\/www.damac.it\/es\/wp-json\/wp\/v2\/ubicazione_acf?post=9896"},{"taxonomy":"product_brand","embeddable":true,"href":"https:\/\/www.damac.it\/es\/wp-json\/wp\/v2\/product_brand?post=9896"},{"taxonomy":"product_cat","embeddable":true,"href":"https:\/\/www.damac.it\/es\/wp-json\/wp\/v2\/product_cat?post=9896"},{"taxonomy":"product_tag","embeddable":true,"href":"https:\/\/www.damac.it\/es\/wp-json\/wp\/v2\/false?post=9896"},{"taxonomy":"proprietario","embeddable":true,"href":"https:\/\/www.damac.it\/es\/wp-json\/wp\/v2\/proprietario?post=9896"}],"curies":[{"name":"wp","href":"https:\/\/api.w.org\/{rel}","templated":true}]}}