{"id":10046,"date":"2025-09-22T14:38:57","date_gmt":"2025-09-22T14:38:57","guid":{"rendered":"https:\/\/www.damac.it\/non%20class\u00e9\/komatsu-pc16r-3hs\/"},"modified":"2026-03-14T09:16:07","modified_gmt":"2026-03-14T09:16:07","slug":"komatsu-pc16r-3hs","status":"publish","type":"product","link":"https:\/\/www.damac.it\/fr\/mini-pelles\/komatsu-pc16r-3hs-anguillara-sabazia-rome\/","title":{"rendered":"KOMATSU PC16R-3HS"},"content":{"rendered":"\n<p>Disponible mini-pelle <strong>Komatsu PC16R-3HS d&#8217;occasion<\/strong> de 2012, poids op\u00e9rationnel 1 770 kg et 2 492 heures de fonctionnement. La machine est en <strong>excellent \u00e9tat<\/strong>, r\u00e9vision effectu\u00e9e avec remplacement des filtres et de l&#8217;huile hydraulique, donc <strong>pr\u00eate \u00e0 \u00eatre utilis\u00e9e sur chantier<\/strong>. <\/p>\n\n<p>\u00c9quip\u00e9e d&#8217;un <strong>ch\u00e2ssis variable<\/strong>, <strong>d\u00e9port<\/strong>, <strong>lame avant<\/strong> et <strong>double vitesse<\/strong>, cette mini-pelle compacte offre une grande polyvalence et stabilit\u00e9 m\u00eame dans les espaces restreints. Les chenilles en caoutchouc sont \u00e0 90 % et garantissent une longue dur\u00e9e de vie et une excellente traction. <\/p>\n\n<p>Le moteur Komatsu 3D67E 2A de 11,6 kW \u00e0 3 cylindres assure fiabilit\u00e9 et consommation r\u00e9duite.<\/p>\n\n<p>Accessoires inclus : <strong>1 godet de terrassement<\/strong>.<\/p>\n\n<p>La mini-pelle est <strong>certifi\u00e9e CE<\/strong>, avec fiche technique disponible, et est id\u00e9ale pour les travaux de construction, terrassement, maintenance routi\u00e8re et chantiers urbains.<\/p>\n\n<p>Machine visible \u00e0 notre si\u00e8ge d&#8217;Anguillara Sabazia (Rome).<\/p>\n\n<div class=\"wp-block-webfactory-map\"><div class=\"wp-block-webfactory-map\"><iframe title=\"Carte\" width=\"100%\" height=\"380px\" src=\"https:\/\/www.google.com\/maps\/embed\/v1\/place?q=anguillara%20sabazia&amp;maptype=roadmap&amp;zoom=7&amp;key=AIzaSyCbpj9Ji_jwudUhfVpTXiPB79zpZZSDW8c\" frameborder=\"0\"><\/iframe><\/div><\/div>\n","protected":false},"excerpt":{"rendered":"<p class=\"p1\">Mini-pelle Komatsu PC16R-3HS de 2012, 1 770 kg, 2 492 heures, ch\u00e2ssis variable, tourelle d\u00e9portable, lame, installation marteau, chenilles caoutchouc 90 %. Complet avec godet de creusage. Pr\u00eate au travail, r\u00e9vision d\u00e9j\u00e0 effectu\u00e9e. Disponible \u00e0 Anguillara Sabazia (Rome). <\/p>\n","protected":false},"featured_media":9921,"template":"","meta":{"_acf_changed":false},"ubicazione_acf":[],"product_brand":[612],"product_cat":[412],"false":[757],"proprietario":[],"class_list":{"0":"post-10046","1":"product","2":"type-product","3":"status-publish","4":"has-post-thumbnail","6":"product_brand-komatsu","7":"product_cat-mini-pelles","8":"product_tag-fr","9":"pa_brand-komatsu","11":"first","12":"outofstock","13":"sale","14":"sold-individually","15":"shipping-taxable","16":"purchasable","17":"product-type-simple"},"acf":[],"_links":{"self":[{"href":"https:\/\/www.damac.it\/fr\/wp-json\/wp\/v2\/product\/10046","targetHints":{"allow":["GET"]}}],"collection":[{"href":"https:\/\/www.damac.it\/fr\/wp-json\/wp\/v2\/product"}],"about":[{"href":"https:\/\/www.damac.it\/fr\/wp-json\/wp\/v2\/types\/product"}],"wp:featuredmedia":[{"embeddable":true,"href":"https:\/\/www.damac.it\/fr\/wp-json\/wp\/v2\/media\/9921"}],"wp:attachment":[{"href":"https:\/\/www.damac.it\/fr\/wp-json\/wp\/v2\/media?parent=10046"}],"wp:term":[{"taxonomy":"ubicazione_acf","embeddable":true,"href":"https:\/\/www.damac.it\/fr\/wp-json\/wp\/v2\/ubicazione_acf?post=10046"},{"taxonomy":"product_brand","embeddable":true,"href":"https:\/\/www.damac.it\/fr\/wp-json\/wp\/v2\/product_brand?post=10046"},{"taxonomy":"product_cat","embeddable":true,"href":"https:\/\/www.damac.it\/fr\/wp-json\/wp\/v2\/product_cat?post=10046"},{"taxonomy":"product_tag","embeddable":true,"href":"https:\/\/www.damac.it\/fr\/wp-json\/wp\/v2\/false?post=10046"},{"taxonomy":"proprietario","embeddable":true,"href":"https:\/\/www.damac.it\/fr\/wp-json\/wp\/v2\/proprietario?post=10046"}],"curies":[{"name":"wp","href":"https:\/\/api.w.org\/{rel}","templated":true}]}}