{"id":10216,"date":"2025-09-22T15:46:54","date_gmt":"2025-09-22T15:46:54","guid":{"rendered":"https:\/\/www.damac.it\/non%20class\u00e9\/jcb-190t-hf\/"},"modified":"2025-12-15T12:40:47","modified_gmt":"2025-12-15T12:40:47","slug":"jcb-190t-hf","status":"publish","type":"product","link":"https:\/\/www.damac.it\/fr\/mini-chargeuses\/jcb-190t-hf-anguillara-sabazia-rome\/","title":{"rendered":"JCB 190T-HF"},"content":{"rendered":"\n<p>Disponible mini-chargeuse sur chenilles <strong>JCB 190T-HF d&#8217;occasion<\/strong> de 2010, avec <strong>poids op\u00e9rationnel de 5 480 kg<\/strong> et <strong>2 610 heures de fonctionnement<\/strong>. La machine est en excellent \u00e9tat g\u00e9n\u00e9ral et pr\u00eate \u00e0 l&#8217;emploi sur chantier ou en exploitation agricole. <\/p>\n\n<p>\u00c9quip\u00e9e d&#8217;une <strong>cabine ferm\u00e9e<\/strong>, <strong>double vitesse<\/strong>, <strong>chenilles en caoutchouc \u00e0 100 %<\/strong>, cette mini-chargeuse garantit puissance, stabilit\u00e9 et traction maximale sur tout type de terrain. Le syst\u00e8me hydraulique comprend un <strong>circuit marteau<\/strong>, <strong>haut d\u00e9bit<\/strong> et <strong>syst\u00e8me de rotation<\/strong>, la rendant id\u00e9ale pour l&#8217;utilisation d&#8217;accessoires professionnels. <\/p>\n\n<p>Accessoires inclus : <strong>1 godet de chargement<\/strong>.<\/p>\n\n<p>Documentation disponible : <strong>certification CE<\/strong> et <strong>fiche technique<\/strong>.<\/p>\n\n<p>Cette JCB 190T-HF est parfaite pour les travaux de <strong>terrassement, chargement de mat\u00e9riaux, d\u00e9molition et applications agricoles<\/strong>, alliant robustesse, fiabilit\u00e9 et polyvalence.<\/p>\n\n<p>Machine visible \u00e0 notre \u00e9tablissement d&#8217;<strong>Anguillara Sabazia (Rome)<\/strong>.<\/p>\n\n<div class=\"wp-block-webfactory-map\"><div class=\"wp-block-webfactory-map\"><iframe title=\"Carte\" width=\"100%\" height=\"380px\" src=\"https:\/\/www.google.com\/maps\/embed\/v1\/place?q=anguillara%20sabazia&amp;maptype=roadmap&amp;zoom=7&amp;key=AIzaSyCbpj9Ji_jwudUhfVpTXiPB79zpZZSDW8c\" frameborder=\"0\"><\/iframe><\/div><\/div>\n","protected":false},"excerpt":{"rendered":"<p class=\"p1\">Mini-chargeuse sur chenilles JCB 190T-HF de 2010, 5 480 kg, 2 610 heures, cabine ferm\u00e9e, double vitesse, chenilles neuves (100 %), circuit marteau, haut d\u00e9bit et rotation. \u00c9quip\u00e9e d&#8217;un godet de chargement, certification CE et fiche technique. Disponible \u00e0 Anguillara Sabazia (Rome).  <\/p>\n","protected":false},"featured_media":10071,"template":"","meta":{"_acf_changed":false},"ubicazione_acf":[],"product_brand":[607],"product_cat":[426],"false":[757],"proprietario":[],"class_list":{"0":"post-10216","1":"product","2":"type-product","3":"status-publish","4":"has-post-thumbnail","6":"product_brand-jcb","7":"product_cat-mini-chargeuses","8":"product_tag-fr","9":"pa_brand-jcb","11":"first","12":"outofstock","13":"sale","14":"sold-individually","15":"shipping-taxable","16":"purchasable","17":"product-type-simple"},"acf":[],"_links":{"self":[{"href":"https:\/\/www.damac.it\/fr\/wp-json\/wp\/v2\/product\/10216","targetHints":{"allow":["GET"]}}],"collection":[{"href":"https:\/\/www.damac.it\/fr\/wp-json\/wp\/v2\/product"}],"about":[{"href":"https:\/\/www.damac.it\/fr\/wp-json\/wp\/v2\/types\/product"}],"wp:featuredmedia":[{"embeddable":true,"href":"https:\/\/www.damac.it\/fr\/wp-json\/wp\/v2\/media\/10071"}],"wp:attachment":[{"href":"https:\/\/www.damac.it\/fr\/wp-json\/wp\/v2\/media?parent=10216"}],"wp:term":[{"taxonomy":"ubicazione_acf","embeddable":true,"href":"https:\/\/www.damac.it\/fr\/wp-json\/wp\/v2\/ubicazione_acf?post=10216"},{"taxonomy":"product_brand","embeddable":true,"href":"https:\/\/www.damac.it\/fr\/wp-json\/wp\/v2\/product_brand?post=10216"},{"taxonomy":"product_cat","embeddable":true,"href":"https:\/\/www.damac.it\/fr\/wp-json\/wp\/v2\/product_cat?post=10216"},{"taxonomy":"product_tag","embeddable":true,"href":"https:\/\/www.damac.it\/fr\/wp-json\/wp\/v2\/false?post=10216"},{"taxonomy":"proprietario","embeddable":true,"href":"https:\/\/www.damac.it\/fr\/wp-json\/wp\/v2\/proprietario?post=10216"}],"curies":[{"name":"wp","href":"https:\/\/api.w.org\/{rel}","templated":true}]}}