{"id":10277,"date":"2025-09-23T09:00:15","date_gmt":"2025-09-23T09:00:15","guid":{"rendered":"https:\/\/www.damac.it\/non%20class\u00e9\/fiat-allis-f11-5\/"},"modified":"2026-04-08T06:38:21","modified_gmt":"2026-04-08T06:38:21","slug":"fiat-allis-f11-5","status":"publish","type":"product","link":"https:\/\/www.damac.it\/fr\/niveleuse\/fiat-allis-f11-5-anguillara-sabazia\/","title":{"rendered":"FIAT ALLIS F11.5"},"content":{"rendered":"\n<p>La <strong>Fiat Allis F11.5<\/strong> est une <strong>niveleuse d&#8217;occasion datant de 1970<\/strong>, con\u00e7ue pour garantir solidit\u00e9 et pr\u00e9cision dans les travaux de nivellement et d&#8217;entretien des routes.<\/p>\n\n<p>\u00c9quip\u00e9e d&#8217;une <strong>lame centrale r\u00e9glable<\/strong> et d&#8217;une <strong>cabine ouverte<\/strong>, cette niveleuse est une solution fonctionnelle et robuste pour ceux qui recherchent une machine fiable \u00e0 un prix abordable.<\/p>\n\n<p>La <strong>Fiat Allis<\/strong>, constructeur italien historique sp\u00e9cialis\u00e9 dans les <a href=\"https:\/\/www.damac.it\/fr\/machines\/\">engins de terrassement<\/a>, a con\u00e7u le mod\u00e8le <strong>F11.5<\/strong> pour durer, gr\u00e2ce \u00e0 une <strong>structure m\u00e9canique simple mais robuste<\/strong> et des composants faciles \u00e0 entretenir.<\/p>\n\n<p>Cette machine <strong>enti\u00e8rement fonctionnelle<\/strong> convient pour des travaux de :<\/p>\n\n<ul class=\"wp-block-list\">\n<li>nivellement des sols et des chemins de terre,<\/li>\n\n\n\n<li>l&#8217;am\u00e9nagement paysager des cours,<\/li>\n\n\n\n<li>la pr\u00e9paration des fonds pour les chantiers de construction,<\/li>\n\n\n\n<li>l&#8217;entretien des routes et des chemins ruraux.<\/li>\n<\/ul>\n\n<p>Disponible \u00e0 <strong>Anguillara Sabazia<\/strong>, la niveleuse <strong>Fiat Allis F11.5<\/strong> est <strong>certifi\u00e9e d&#8217;occasion et op\u00e9rationnelle<\/strong>, pr\u00eate \u00e0 \u00eatre utilis\u00e9e imm\u00e9diatement ou \u00e0 \u00eatre restaur\u00e9e pour ceux qui souhaitent mettre en valeur un mod\u00e8le historique de l&#8217;ing\u00e9nierie italienne.<\/p>\n\n<div class=\"wp-block-webfactory-map\"><div class=\"wp-block-webfactory-map\"><iframe title=\"Carte\" width=\"100%\" height=\"380px\" src=\"https:\/\/www.google.com\/maps\/embed\/v1\/place?q=anguillara%20sabazia&amp;maptype=roadmap&amp;zoom=7&amp;key=AIzaSyCbpj9Ji_jwudUhfVpTXiPB79zpZZSDW8c\" frameborder=\"0\"><\/iframe><\/div><\/div>\n","protected":false},"excerpt":{"rendered":"<p class=\"p1\">Niveleuse Fiat Allis F11.5, 1970, d&#8217;occasion, cabine ouverte, \u00e9quip\u00e9e d&#8217;une lame centrale. Machine en \u00e9tat de marche et disponible \u00e0 Anguillara Sabazia. <\/p>\n","protected":false},"featured_media":10272,"template":"","meta":{"_acf_changed":false},"ubicazione_acf":[],"product_brand":[627],"product_cat":[459],"false":[757],"proprietario":[],"class_list":{"0":"post-10277","1":"product","2":"type-product","3":"status-publish","4":"has-post-thumbnail","6":"product_brand-fiat-allis","7":"product_cat-niveleuse","8":"product_tag-fr","9":"pa_brand-fiat-allis","11":"first","12":"instock","13":"sold-individually","14":"shipping-taxable","15":"purchasable","16":"product-type-simple"},"acf":[],"_links":{"self":[{"href":"https:\/\/www.damac.it\/fr\/wp-json\/wp\/v2\/product\/10277","targetHints":{"allow":["GET"]}}],"collection":[{"href":"https:\/\/www.damac.it\/fr\/wp-json\/wp\/v2\/product"}],"about":[{"href":"https:\/\/www.damac.it\/fr\/wp-json\/wp\/v2\/types\/product"}],"wp:featuredmedia":[{"embeddable":true,"href":"https:\/\/www.damac.it\/fr\/wp-json\/wp\/v2\/media\/10272"}],"wp:attachment":[{"href":"https:\/\/www.damac.it\/fr\/wp-json\/wp\/v2\/media?parent=10277"}],"wp:term":[{"taxonomy":"ubicazione_acf","embeddable":true,"href":"https:\/\/www.damac.it\/fr\/wp-json\/wp\/v2\/ubicazione_acf?post=10277"},{"taxonomy":"product_brand","embeddable":true,"href":"https:\/\/www.damac.it\/fr\/wp-json\/wp\/v2\/product_brand?post=10277"},{"taxonomy":"product_cat","embeddable":true,"href":"https:\/\/www.damac.it\/fr\/wp-json\/wp\/v2\/product_cat?post=10277"},{"taxonomy":"product_tag","embeddable":true,"href":"https:\/\/www.damac.it\/fr\/wp-json\/wp\/v2\/false?post=10277"},{"taxonomy":"proprietario","embeddable":true,"href":"https:\/\/www.damac.it\/fr\/wp-json\/wp\/v2\/proprietario?post=10277"}],"curies":[{"name":"wp","href":"https:\/\/api.w.org\/{rel}","templated":true}]}}