{"id":10410,"date":"2025-09-23T13:47:03","date_gmt":"2025-09-23T13:47:03","guid":{"rendered":"https:\/\/www.damac.it\/non%20class\u00e9\/elma-rae20\/"},"modified":"2026-04-08T06:49:17","modified_gmt":"2026-04-08T06:49:17","slug":"elma-rae20","status":"publish","type":"product","link":"https:\/\/www.damac.it\/fr\/rouleaux-compacteurs\/elma-rae20-anguillara-sabazia\/","title":{"rendered":"ELMA RAE20"},"content":{"rendered":"\n<p>Il <strong>rullo <a href=\"https:\/\/www.damac.it\/rulli-compattori\/\">compattatore<\/a> ELMA RAE20<\/strong> \u00e8 una macchina compatta, efficiente e affidabile, ideale per lavori di <strong>compattazione di asfalto e terreno<\/strong> in cantieri stradali, parcheggi e aree industriali.<\/p>\n\n<p>Ce mod\u00e8le <strong>2001<\/strong> <strong>n&#8217;a que 1 340 heures de travail<\/strong> et est enti\u00e8rement fonctionnel, pr\u00eat \u00e0 \u00eatre utilis\u00e9 sans aucun travail suppl\u00e9mentaire.<\/p>\n\n<p>Avec un <strong>poids op\u00e9rationnel de 2 000 kg<\/strong> et des <strong>tambours lisses de 1 000 mm<\/strong>, le rouleau <strong>ELMA RAE20<\/strong> garantit un <strong>compactage homog\u00e8ne et pr\u00e9cis<\/strong> sur les petites et moyennes surfaces. La <strong>vibration unique<\/strong> et le <strong>contr\u00f4le de traction int\u00e9gr\u00e9 (AWD)<\/strong> assurent des performances constantes m\u00eame sur les terrains les plus difficiles, tandis que la <strong>direction articul\u00e9e<\/strong> offre un rayon de man\u0153uvre \u00e9troit, id\u00e9al pour travailler dans les espaces confin\u00e9s. <\/p>\n\n<p>La <strong>cabine ouverte avec structure ROPS<\/strong> offre confort et s\u00e9curit\u00e9 \u00e0 l&#8217;op\u00e9rateur tout en maintenant une visibilit\u00e9 totale sur la zone de travail.<\/p>\n\n<p>Avec sa <strong>conception compacte et sa faible consommation de carburant<\/strong>, le RAE20 est le choix id\u00e9al pour les entreprises de construction, les municipalit\u00e9s ou les soci\u00e9t\u00e9s d&#8217;entretien qui ont besoin d&#8217;une machine solide et facile \u00e0 transporter.<\/p>\n\n<p>Disponible sur le site de <strong>DAMAC \u00e0 Anguillara Sabazia (Rome)<\/strong>, le rouleau <strong>ELMA RAE20<\/strong> est d&#8217;<strong>occasion, test\u00e9 et pr\u00eat \u00e0 fonctionner<\/strong>. DAMAC offre \u00e9galement un <strong>service de transport et de soutien \u00e0 l&#8217;exportation internationale<\/strong>, garantissant une assistance \u00e0 chaque \u00e9tape de l&#8217;achat. <\/p>\n\n<div class=\"wp-block-webfactory-map\"><div class=\"wp-block-webfactory-map\"><iframe title=\"Carte\" width=\"100%\" height=\"380px\" src=\"https:\/\/www.google.com\/maps\/embed\/v1\/place?q=anguillara%20sabazia&amp;maptype=roadmap&amp;zoom=7&amp;key=AIzaSyCbpj9Ji_jwudUhfVpTXiPB79zpZZSDW8c\" frameborder=\"0\"><\/iframe><\/div><\/div>\n","protected":false},"excerpt":{"rendered":"<p class=\"p1\">Rouleau tandem ELMA RAE20 de 2001, poids 2 000 kg, avec seulement 1 340 heures de travail. Machine compacte avec cabine ouverte ROPS, direction articul\u00e9e et traction double. \u00c9quip\u00e9 de tambours lisses de 1 000 mm, d&#8217;une seule vibration et d&#8217;un contr\u00f4le de la traction.<\/p>\n","protected":false},"featured_media":10307,"template":"","meta":{"_acf_changed":false},"ubicazione_acf":[],"product_brand":[631],"product_cat":[468],"false":[757],"proprietario":[],"class_list":{"0":"post-10410","1":"product","2":"type-product","3":"status-publish","4":"has-post-thumbnail","6":"product_brand-elma","7":"product_cat-rouleaux-compacteurs","8":"product_tag-fr","9":"pa_brand-elma","11":"first","12":"instock","13":"sale","14":"sold-individually","15":"shipping-taxable","16":"purchasable","17":"product-type-simple"},"acf":[],"_links":{"self":[{"href":"https:\/\/www.damac.it\/fr\/wp-json\/wp\/v2\/product\/10410","targetHints":{"allow":["GET"]}}],"collection":[{"href":"https:\/\/www.damac.it\/fr\/wp-json\/wp\/v2\/product"}],"about":[{"href":"https:\/\/www.damac.it\/fr\/wp-json\/wp\/v2\/types\/product"}],"wp:featuredmedia":[{"embeddable":true,"href":"https:\/\/www.damac.it\/fr\/wp-json\/wp\/v2\/media\/10307"}],"wp:attachment":[{"href":"https:\/\/www.damac.it\/fr\/wp-json\/wp\/v2\/media?parent=10410"}],"wp:term":[{"taxonomy":"ubicazione_acf","embeddable":true,"href":"https:\/\/www.damac.it\/fr\/wp-json\/wp\/v2\/ubicazione_acf?post=10410"},{"taxonomy":"product_brand","embeddable":true,"href":"https:\/\/www.damac.it\/fr\/wp-json\/wp\/v2\/product_brand?post=10410"},{"taxonomy":"product_cat","embeddable":true,"href":"https:\/\/www.damac.it\/fr\/wp-json\/wp\/v2\/product_cat?post=10410"},{"taxonomy":"product_tag","embeddable":true,"href":"https:\/\/www.damac.it\/fr\/wp-json\/wp\/v2\/false?post=10410"},{"taxonomy":"proprietario","embeddable":true,"href":"https:\/\/www.damac.it\/fr\/wp-json\/wp\/v2\/proprietario?post=10410"}],"curies":[{"name":"wp","href":"https:\/\/api.w.org\/{rel}","templated":true}]}}