{"id":10468,"date":"2025-09-24T09:38:39","date_gmt":"2025-09-24T09:38:39","guid":{"rendered":"https:\/\/www.damac.it\/non%20class\u00e9\/new-holland-220\/"},"modified":"2026-04-08T06:51:32","modified_gmt":"2026-04-08T06:51:32","slug":"new-holland-220","status":"publish","type":"product","link":"https:\/\/www.damac.it\/fr\/godets\/new-holland-220-anguillara-sabazia\/","title":{"rendered":"NEW HOLLAND 220"},"content":{"rendered":"\n<p>Le <strong><a href=\"https:\/\/www.damac.it\/fr\/accessoires\/\">godet<\/a> croco NEW HOLLAND 220<\/strong> est un accessoire professionnel de derni\u00e8re g\u00e9n\u00e9ration, <strong>neuf 2025 et certifi\u00e9 CE<\/strong>, con\u00e7u pour offrir une efficacit\u00e9 et une r\u00e9sistance maximales sur les chantiers de construction, les travaux routiers et la manutention de mat\u00e9riaux en vrac.<\/p>\n\n<p>Avec une <strong>largeur de travail de 2 200 mm<\/strong>, un poids de 500 kg et une attache \u00e0 <strong>axes directs<\/strong>, cette benne preneuse est id\u00e9ale pour ceux qui recherchent un \u00e9quipement polyvalent, robuste et pr\u00eat \u00e0 l\u2019emploi.<\/p>\n\n<p>Compatible avec les <strong><a href=\"https:\/\/www.damac.it\/fr\/chargeuses-pelleteuses\/\">chargeuses-pelleteuses<\/a><\/strong>, les <strong>chargeuses<\/strong> et les <strong>chariots t\u00e9lescopiques<\/strong>, la NEW HOLLAND 220 garantit d\u2019excellentes performances lors des op\u00e9rations d\u2019excavation, de chargement, de manutention et de nivellement du terrain, m\u00eame sur des surfaces difficiles.<\/p>\n\n<p>La construction en acier \u00e0 haute r\u00e9sistance garantit une longue dur\u00e9e de vie et peu d&#8217;entretien, tandis que la <strong>certification CE<\/strong> confirme la conformit\u00e9 avec les r\u00e9glementations europ\u00e9ennes en mati\u00e8re de s\u00e9curit\u00e9.<\/p>\n\n<p>Gr\u00e2ce \u00e0 sa capacit\u00e9 \u00e0 travailler avec diff\u00e9rents types d\u2019<a href=\"https:\/\/www.damac.it\/fr\/machines\/\">engins de terrassement<\/a>, ce godet preneur repr\u00e9sente un choix strat\u00e9gique pour les entreprises de construction, les entreprises de terrassement et les op\u00e9rateurs recherchant <strong>un accessoire neuf, fiable et pr\u00eat \u00e0 l\u2019emploi sans modifications suppl\u00e9mentaires<\/strong>.<\/p>\n\n<p>Actuellement disponible chez <strong>DAMAC \u00e0 Anguillara Sabazia (Rome)<\/strong> avec des prix comp\u00e9titifs et une assistance d\u00e9di\u00e9e au transport et \u00e0 l&#8217;exportation \u00e9ventuelle.<\/p>\n\n<div class=\"wp-block-webfactory-map\"><div class=\"wp-block-webfactory-map\"><iframe title=\"Carte\" width=\"100%\" height=\"380px\" src=\"https:\/\/www.google.com\/maps\/embed\/v1\/place?q=anguillara%20sabazia&amp;maptype=roadmap&amp;zoom=7&amp;key=AIzaSyCbpj9Ji_jwudUhfVpTXiPB79zpZZSDW8c\" frameborder=\"0\"><\/iframe><\/div><\/div>\n","protected":false},"excerpt":{"rendered":"<p class=\"p1\">Godet croco NEW HOLLAND 220 neuf, certifi\u00e9 CE, largeur 2200 mm. Compatible avec chargeuses-pelleteuses, chargeuses et chargeurs t\u00e9lescopiques.<\/p>\n","protected":false},"featured_media":10470,"template":"","meta":{"_acf_changed":false},"ubicazione_acf":[],"product_brand":[635],"product_cat":[480],"false":[757],"proprietario":[],"class_list":{"0":"post-10468","1":"product","2":"type-product","3":"status-publish","4":"has-post-thumbnail","6":"product_brand-new-holland","7":"product_cat-godets","8":"product_tag-fr","9":"pa_brand-new-holland","11":"first","12":"instock","13":"sale","14":"sold-individually","15":"shipping-taxable","16":"purchasable","17":"product-type-simple"},"acf":[],"_links":{"self":[{"href":"https:\/\/www.damac.it\/fr\/wp-json\/wp\/v2\/product\/10468","targetHints":{"allow":["GET"]}}],"collection":[{"href":"https:\/\/www.damac.it\/fr\/wp-json\/wp\/v2\/product"}],"about":[{"href":"https:\/\/www.damac.it\/fr\/wp-json\/wp\/v2\/types\/product"}],"wp:featuredmedia":[{"embeddable":true,"href":"https:\/\/www.damac.it\/fr\/wp-json\/wp\/v2\/media\/10470"}],"wp:attachment":[{"href":"https:\/\/www.damac.it\/fr\/wp-json\/wp\/v2\/media?parent=10468"}],"wp:term":[{"taxonomy":"ubicazione_acf","embeddable":true,"href":"https:\/\/www.damac.it\/fr\/wp-json\/wp\/v2\/ubicazione_acf?post=10468"},{"taxonomy":"product_brand","embeddable":true,"href":"https:\/\/www.damac.it\/fr\/wp-json\/wp\/v2\/product_brand?post=10468"},{"taxonomy":"product_cat","embeddable":true,"href":"https:\/\/www.damac.it\/fr\/wp-json\/wp\/v2\/product_cat?post=10468"},{"taxonomy":"product_tag","embeddable":true,"href":"https:\/\/www.damac.it\/fr\/wp-json\/wp\/v2\/false?post=10468"},{"taxonomy":"proprietario","embeddable":true,"href":"https:\/\/www.damac.it\/fr\/wp-json\/wp\/v2\/proprietario?post=10468"}],"curies":[{"name":"wp","href":"https:\/\/api.w.org\/{rel}","templated":true}]}}