{"id":10745,"date":"2025-09-25T12:22:18","date_gmt":"2025-09-25T12:22:18","guid":{"rendered":"https:\/\/www.damac.it\/non%20class\u00e9\/fiat-kobelco-e115sr\/"},"modified":"2026-04-15T08:57:51","modified_gmt":"2026-04-15T08:57:51","slug":"fiat-kobelco-e115sr","status":"publish","type":"product","link":"https:\/\/www.damac.it\/fr\/pelles-sur-chenilles\/fiat-kobelco-e115sr-foggia\/","title":{"rendered":"FIAT KOBELCO E115SR"},"content":{"rendered":"\n<p>La <a href=\"https:\/\/www.damac.it\/fr\/pelles-sur-chenilles\/\">pelle sur chenilles<\/a> <strong>FIAT KOBELCO E115SR<\/strong> d&#8217;occasion de <strong>2003<\/strong> est une machine compacte et puissante, id\u00e9ale pour les travaux d&#8217;excavation, de terrassement et de d\u00e9molition dans des espaces restreints.<\/p>\n\n<p>Avec un <strong>poids en ordre de marche de 12 500 kg<\/strong> et <strong>10 143 heures de travail<\/strong>, ce mod\u00e8le allie <strong>fiabilit\u00e9 m\u00e9canique, stabilit\u00e9 et pr\u00e9cision des mouvements<\/strong>, caract\u00e9ristiques typiques des machines FIAT KOBELCO.<\/p>\n\n<p>Dot\u00e9 d&#8217;un <strong>rayon court<\/strong>, le E115SR peut op\u00e9rer dans les zones urbaines, les chantiers routiers ou les environnements \u00e0 espace limit\u00e9 sans risque d&#8217;impact arri\u00e8re.<\/p>\n\n<p>Il dispose \u00e9galement d\u2019une <strong>lame avant<\/strong>, d\u2019une <strong>ligne marteau hydraulique et <a href=\"https:\/\/www.damac.it\/fr\/accessoires\/\">pince<\/a><\/strong>, et de <strong>clapets de s\u00e9curit\u00e9<\/strong> pour garantir une s\u00e9curit\u00e9 et une polyvalence d\u2019utilisation maximales.<\/p>\n\n<p>Le wagon est \u00e9quip\u00e9 de <strong>chenilles en fer \u00e0<\/strong> 50 % d&#8217;usure, con\u00e7ues pour assurer une excellente adh\u00e9rence m\u00eame sur les terrains difficiles, tandis que la <strong>cabine ferm\u00e9e<\/strong> offre confort et protection \u00e0 l&#8217;op\u00e9rateur.<\/p>\n\n<p><strong>Un godet de creusage<\/strong>, d\u00e9j\u00e0 install\u00e9 et pr\u00eat \u00e0 l&#8217;emploi, est inclus dans le prix.<\/p>\n\n<p>Machine <strong>certifi\u00e9e CE<\/strong>, contr\u00f4l\u00e9e et imm\u00e9diatement disponible \u00e0 <strong>Foggia<\/strong>, pr\u00eate \u00e0 travailler ou \u00e0 \u00eatre livr\u00e9e dans toute l&#8217;Italie et \u00e0 l&#8217;\u00e9tranger.<\/p>\n","protected":false},"excerpt":{"rendered":"<p>Pelle sur chenilles FIAT KOBELCO E115SR d&#8217;occasion de 2003, 12 500 kg, 10 143 heures. Rayon de giration r\u00e9duit pour espaces restreints, lame avant, installation marteau et pince, vannes de blocage, certificat CE. Fournie avec un godet. Machine pr\u00eate \u00e0 l&#8217;emploi, disponible \u00e0 Foggia.   <\/p>\n","protected":false},"featured_media":10746,"template":"","meta":{"_acf_changed":false},"ubicazione_acf":[],"product_brand":[642],"product_cat":[436],"false":[757],"proprietario":[],"class_list":{"0":"post-10745","1":"product","2":"type-product","3":"status-publish","4":"has-post-thumbnail","6":"product_brand-fiat-kobelco","7":"product_cat-pelles-sur-chenilles","8":"product_tag-fr","9":"pa_brand-fiat-kobelco","11":"first","12":"instock","13":"sold-individually","14":"shipping-taxable","15":"purchasable","16":"product-type-simple"},"acf":[],"_links":{"self":[{"href":"https:\/\/www.damac.it\/fr\/wp-json\/wp\/v2\/product\/10745","targetHints":{"allow":["GET"]}}],"collection":[{"href":"https:\/\/www.damac.it\/fr\/wp-json\/wp\/v2\/product"}],"about":[{"href":"https:\/\/www.damac.it\/fr\/wp-json\/wp\/v2\/types\/product"}],"wp:featuredmedia":[{"embeddable":true,"href":"https:\/\/www.damac.it\/fr\/wp-json\/wp\/v2\/media\/10746"}],"wp:attachment":[{"href":"https:\/\/www.damac.it\/fr\/wp-json\/wp\/v2\/media?parent=10745"}],"wp:term":[{"taxonomy":"ubicazione_acf","embeddable":true,"href":"https:\/\/www.damac.it\/fr\/wp-json\/wp\/v2\/ubicazione_acf?post=10745"},{"taxonomy":"product_brand","embeddable":true,"href":"https:\/\/www.damac.it\/fr\/wp-json\/wp\/v2\/product_brand?post=10745"},{"taxonomy":"product_cat","embeddable":true,"href":"https:\/\/www.damac.it\/fr\/wp-json\/wp\/v2\/product_cat?post=10745"},{"taxonomy":"product_tag","embeddable":true,"href":"https:\/\/www.damac.it\/fr\/wp-json\/wp\/v2\/false?post=10745"},{"taxonomy":"proprietario","embeddable":true,"href":"https:\/\/www.damac.it\/fr\/wp-json\/wp\/v2\/proprietario?post=10745"}],"curies":[{"name":"wp","href":"https:\/\/api.w.org\/{rel}","templated":true}]}}