{"id":10922,"date":"2025-09-25T14:02:06","date_gmt":"2025-09-25T14:02:06","guid":{"rendered":"https:\/\/www.damac.it\/non%20class\u00e9\/iveco-daily-35c160\/"},"modified":"2026-01-08T16:56:14","modified_gmt":"2026-01-08T16:56:14","slug":"iveco-daily-35c160","status":"publish","type":"product","link":"https:\/\/www.damac.it\/fr\/camions-bennes\/iveco-daily-35c160-foggia\/","title":{"rendered":"IVECO DAILY 35C160"},"content":{"rendered":"\n<p>L&#8217;<strong>Iveco Daily 35C160<\/strong> <strong>2017<\/strong> est un <strong>camion benne \u00e0 trois c\u00f4t\u00e9s<\/strong> fiable et pr\u00eat \u00e0 travailler, id\u00e9al pour le transport sur les chantiers de construction, de terrassement et de construction routi\u00e8re.<\/p>\n\n<p>\u00c9quip\u00e9 d&#8217;une <strong>benne \u00e0 trois c\u00f4t\u00e9s<\/strong>, il permet un d\u00e9chargement rapide et polyvalent de tous les c\u00f4t\u00e9s, ce qui simplifie les op\u00e9rations de chargement et de d\u00e9chargement, m\u00eame dans les espaces restreints.<\/p>\n\n<p>Ce v\u00e9hicule d&#8217;occasion est en <strong>excellent \u00e9tat g\u00e9n\u00e9ral<\/strong>, a parcouru <strong>160 000 km<\/strong>, est \u00e9quip\u00e9 de <strong>plaques d&#8217;immatriculation et de cartes grises<\/strong> et poss\u00e8de des <strong>pneus neufs<\/strong>, ce qui garantit une efficacit\u00e9 et une s\u00e9curit\u00e9 imm\u00e9diate sur la route.<\/p>\n\n<p>La cabine est confortable et <strong>climatis\u00e9e<\/strong>, ce qui rend les longues journ\u00e9es de travail plus agr\u00e9ables.<\/p>\n\n<p>Parfait pour les <strong>entreprises de construction, de terrassement et de transport de mat\u00e9riaux<\/strong> \u00e0 la recherche d&#8217;un camion pr\u00eat \u00e0 fonctionner sans intervention suppl\u00e9mentaire, l&#8217;Iveco Daily 35C160 associe la solidit\u00e9 du ch\u00e2ssis Iveco \u00e0 la praticit\u00e9 d&#8217;une benne \u00e0 trois ridelles.<\/p>\n\n<p>Actuellement disponible \u00e0 <strong>Foggia<\/strong>, avec une documentation compl\u00e8te et un soutien pour les pratiques de transport ou d&#8217;exportation.<\/p>\n","protected":false},"excerpt":{"rendered":"<p class=\"p1\">Iveco Daily 35C160 de 2017, camion benne trilaterale d&#8217;occasion avec 160 000 km. En excellent \u00e9tat, pneus neufs, pr\u00eat \u00e0 travailler <\/p>\n","protected":false},"featured_media":10933,"template":"","meta":{"_acf_changed":false},"ubicazione_acf":[],"product_brand":[646],"product_cat":[500],"false":[757],"proprietario":[],"class_list":{"0":"post-10922","1":"product","2":"type-product","3":"status-publish","4":"has-post-thumbnail","6":"product_brand-iveco","7":"product_cat-camions-bennes","8":"product_tag-fr","9":"pa_brand-iveco","11":"first","12":"outofstock","13":"sale","14":"sold-individually","15":"shipping-taxable","16":"purchasable","17":"product-type-simple"},"acf":[],"_links":{"self":[{"href":"https:\/\/www.damac.it\/fr\/wp-json\/wp\/v2\/product\/10922","targetHints":{"allow":["GET"]}}],"collection":[{"href":"https:\/\/www.damac.it\/fr\/wp-json\/wp\/v2\/product"}],"about":[{"href":"https:\/\/www.damac.it\/fr\/wp-json\/wp\/v2\/types\/product"}],"wp:featuredmedia":[{"embeddable":true,"href":"https:\/\/www.damac.it\/fr\/wp-json\/wp\/v2\/media\/10933"}],"wp:attachment":[{"href":"https:\/\/www.damac.it\/fr\/wp-json\/wp\/v2\/media?parent=10922"}],"wp:term":[{"taxonomy":"ubicazione_acf","embeddable":true,"href":"https:\/\/www.damac.it\/fr\/wp-json\/wp\/v2\/ubicazione_acf?post=10922"},{"taxonomy":"product_brand","embeddable":true,"href":"https:\/\/www.damac.it\/fr\/wp-json\/wp\/v2\/product_brand?post=10922"},{"taxonomy":"product_cat","embeddable":true,"href":"https:\/\/www.damac.it\/fr\/wp-json\/wp\/v2\/product_cat?post=10922"},{"taxonomy":"product_tag","embeddable":true,"href":"https:\/\/www.damac.it\/fr\/wp-json\/wp\/v2\/false?post=10922"},{"taxonomy":"proprietario","embeddable":true,"href":"https:\/\/www.damac.it\/fr\/wp-json\/wp\/v2\/proprietario?post=10922"}],"curies":[{"name":"wp","href":"https:\/\/api.w.org\/{rel}","templated":true}]}}