{"id":11014,"date":"2025-09-26T08:54:44","date_gmt":"2025-09-26T08:54:44","guid":{"rendered":"https:\/\/www.damac.it\/non%20class\u00e9\/kubota-u27-4\/"},"modified":"2026-04-09T16:56:59","modified_gmt":"2026-04-09T16:56:59","slug":"kubota-u27-4","status":"publish","type":"product","link":"https:\/\/www.damac.it\/fr\/mini-pelles\/kubota-u27-4-anguillara-sabazia\/","title":{"rendered":"KUBOTA U27-4"},"content":{"rendered":"\n<p><strong><a href=\"https:\/\/www.damac.it\/fr\/mini-pelles\/\">Mini-pelle<\/a> Kubota U27-4 de 2017, d\u2019occasion et certifi\u00e9e CE, id\u00e9ale pour les chantiers exigeant compacit\u00e9 et performances \u00e9lev\u00e9es.<\/strong><\/p>\n\n<p>Avec un poids op\u00e9rationnel de <strong>2 665 kg<\/strong> et <strong>4 700 heures de fonctionnement<\/strong>, ce mod\u00e8le offre une maniabilit\u00e9 maximale gr\u00e2ce \u00e0 sa <strong>rotation sans d\u00e9port arri\u00e8re (zero tail swing)<\/strong>, permettant d&#8217;op\u00e9rer dans des espaces restreints sans encombrement arri\u00e8re.<\/p>\n\n<p>La <strong>cabine ferm\u00e9e et confortable<\/strong> garantit protection et confort \u00e0 l\u2019op\u00e9rateur dans toutes les conditions climatiques, tandis que la <strong>ligne marteau hydraulique d\u00e9j\u00e0 install\u00e9e<\/strong> permet l\u2019utilisation imm\u00e9diate d\u2019<a href=\"https:\/\/www.damac.it\/fr\/accessoires\/\">accessoires<\/a> professionnels pour les d\u00e9molitions et les terrassements exigeants.<\/p>\n\n<p>La mini-pelle est livr\u00e9e avec <strong>godet inclus<\/strong>, pr\u00eate \u00e0 l&#8217;emploi.<\/p>\n\n<p>Gr\u00e2ce \u00e0 la fiabilit\u00e9 de la marque <strong>Kubota<\/strong>, le mod\u00e8le U27-4 est parfait pour les entreprises de construction, l&#8217;entretien routier, les travaux agricoles et les excavations en zones urbaines o\u00f9 la compacit\u00e9 et la pr\u00e9cision sont essentielles.<\/p>\n\n<p>Machine <strong>v\u00e9rifi\u00e9e et pr\u00eate \u00e0 \u00eatre livr\u00e9e<\/strong>, disponible au si\u00e8ge de <strong>DAMAC \u00e0 Rome<\/strong>.<\/p>\n\n<div class=\"wp-block-webfactory-map\"><div class=\"wp-block-webfactory-map\"><iframe title=\"Carte\" width=\"100%\" height=\"380px\" src=\"https:\/\/www.google.com\/maps\/embed\/v1\/place?q=anguillara%20sabazia&amp;maptype=roadmap&amp;zoom=7&amp;key=AIzaSyCbpj9Ji_jwudUhfVpTXiPB79zpZZSDW8c\" frameborder=\"0\"><\/iframe><\/div><\/div>\n","protected":false},"excerpt":{"rendered":"<p>Mini-pelle Kubota U27-4 d&#8217;occasion de 2017, 2 665 kg, 4 700 heures. Cabine ferm\u00e9e, rotation de la fl\u00e8che et circuit marteau. \u00c9quip\u00e9e d&#8217;un godet, certifi\u00e9e CE, disponible \u00e0 Rome.  <\/p>\n","protected":false},"featured_media":30849,"template":"","meta":{"_acf_changed":false},"ubicazione_acf":[],"product_brand":[604],"product_cat":[412],"false":[757],"proprietario":[],"class_list":{"0":"post-11014","1":"product","2":"type-product","3":"status-publish","4":"has-post-thumbnail","6":"product_brand-kubota","7":"product_cat-mini-pelles","8":"product_tag-fr","9":"pa_brand-kubota","11":"first","12":"instock","13":"sold-individually","14":"shipping-taxable","15":"purchasable","16":"product-type-simple"},"acf":[],"_links":{"self":[{"href":"https:\/\/www.damac.it\/fr\/wp-json\/wp\/v2\/product\/11014","targetHints":{"allow":["GET"]}}],"collection":[{"href":"https:\/\/www.damac.it\/fr\/wp-json\/wp\/v2\/product"}],"about":[{"href":"https:\/\/www.damac.it\/fr\/wp-json\/wp\/v2\/types\/product"}],"wp:featuredmedia":[{"embeddable":true,"href":"https:\/\/www.damac.it\/fr\/wp-json\/wp\/v2\/media\/30849"}],"wp:attachment":[{"href":"https:\/\/www.damac.it\/fr\/wp-json\/wp\/v2\/media?parent=11014"}],"wp:term":[{"taxonomy":"ubicazione_acf","embeddable":true,"href":"https:\/\/www.damac.it\/fr\/wp-json\/wp\/v2\/ubicazione_acf?post=11014"},{"taxonomy":"product_brand","embeddable":true,"href":"https:\/\/www.damac.it\/fr\/wp-json\/wp\/v2\/product_brand?post=11014"},{"taxonomy":"product_cat","embeddable":true,"href":"https:\/\/www.damac.it\/fr\/wp-json\/wp\/v2\/product_cat?post=11014"},{"taxonomy":"product_tag","embeddable":true,"href":"https:\/\/www.damac.it\/fr\/wp-json\/wp\/v2\/false?post=11014"},{"taxonomy":"proprietario","embeddable":true,"href":"https:\/\/www.damac.it\/fr\/wp-json\/wp\/v2\/proprietario?post=11014"}],"curies":[{"name":"wp","href":"https:\/\/api.w.org\/{rel}","templated":true}]}}