{"id":11292,"date":"2025-09-26T09:52:20","date_gmt":"2025-09-26T09:52:20","guid":{"rendered":"https:\/\/www.damac.it\/non%20class\u00e9\/kubota-u36-4\/"},"modified":"2025-11-28T11:50:07","modified_gmt":"2025-11-28T11:50:07","slug":"kubota-u36-4","status":"publish","type":"product","link":"https:\/\/www.damac.it\/fr\/mini-pelles\/kubota-u36-4-anguillara-sabazia\/","title":{"rendered":"KUBOTA U36-4"},"content":{"rendered":"\n<p><strong>Mini-pelle Kubota U36-4 de 2018, d&#8217;occasion et certifi\u00e9e CE, id\u00e9ale pour les chantiers n\u00e9cessitant compacit\u00e9 et puissance.<\/strong><\/p>\n\n<p>Avec un poids op\u00e9rationnel de <strong>3 900 kg<\/strong> et <strong>6 060 heures de travail<\/strong>, ce mod\u00e8le offre une grande maniabilit\u00e9 gr\u00e2ce au <strong>rayon de giration nul (zero tail swing)<\/strong> et au <strong>train de roulement fixe \u00e0 double vitesse<\/strong>, parfait pour op\u00e9rer dans des espaces restreints tout en maintenant stabilit\u00e9 et productivit\u00e9.<\/p>\n\n<p>La <strong>cabine ferm\u00e9e<\/strong> garantit confort et protection \u00e0 l&#8217;op\u00e9rateur dans toutes les conditions climatiques. L&#8217;<strong>installation hydraulique pour marteau d\u00e9j\u00e0 install\u00e9e<\/strong> et l&#8217;<strong>attache rapide<\/strong> permettent l&#8217;utilisation imm\u00e9diate d&#8217;accessoires professionnels pour terrassement, d\u00e9molition et maintenance. <\/p>\n\n<p>La mini-pelle est fournie avec <strong>deux godets de terrassement<\/strong>, pr\u00eate \u00e0 l&#8217;emploi.<\/p>\n\n<p>Gr\u00e2ce \u00e0 la puissance du <strong>moteur Kubota de 17,7 kW (24,2 CV)<\/strong>, l&#8217;U36-4 assure fiabilit\u00e9 et performances \u00e9lev\u00e9es tant dans les travaux de construction que agricoles. Machine v\u00e9rifi\u00e9e, <strong>disponible chez DAMAC \u00e0 Anguillara Sabazia (Rome)<\/strong> avec support pour les d\u00e9marches logistiques et transport dans toute l&#8217;Italie et l&#8217;Europe. <\/p>\n\n<div class=\"wp-block-webfactory-map\"><div class=\"wp-block-webfactory-map\"><iframe title=\"Carte\" width=\"100%\" height=\"380px\" src=\"https:\/\/www.google.com\/maps\/embed\/v1\/place?q=anguillara%20sabazia&amp;maptype=roadmap&amp;zoom=7&amp;key=AIzaSyCbpj9Ji_jwudUhfVpTXiPB79zpZZSDW8c\" frameborder=\"0\"><\/iframe><\/div><\/div>\n","protected":false},"excerpt":{"rendered":"<p class=\"p1\">Mini-excavatrice Kubota U36-4 de 2018, poids op\u00e9rationnel 3.900 kg, 6.060 heures de travail, z\u00e9ro d\u00e9port arri\u00e8re, cabine ferm\u00e9e, syst\u00e8me de marteau hydraulique, attache rapide et deux godets de creusement.<br \/>Machine certifi\u00e9e CE, pr\u00eate \u00e0 l&#8217;emploi et disponible chez DAMAC \u00e0 Anguillara Sabazia (Rome).<\/p>\n","protected":false},"featured_media":11317,"template":"","meta":{"_acf_changed":false},"ubicazione_acf":[],"product_brand":[604],"product_cat":[412],"false":[757],"proprietario":[],"class_list":{"0":"post-11292","1":"product","2":"type-product","3":"status-publish","4":"has-post-thumbnail","6":"product_brand-kubota","7":"product_cat-mini-pelles","8":"product_tag-fr","9":"pa_brand-kubota","11":"first","12":"outofstock","13":"sale","14":"sold-individually","15":"shipping-taxable","16":"purchasable","17":"product-type-simple"},"acf":[],"_links":{"self":[{"href":"https:\/\/www.damac.it\/fr\/wp-json\/wp\/v2\/product\/11292","targetHints":{"allow":["GET"]}}],"collection":[{"href":"https:\/\/www.damac.it\/fr\/wp-json\/wp\/v2\/product"}],"about":[{"href":"https:\/\/www.damac.it\/fr\/wp-json\/wp\/v2\/types\/product"}],"wp:featuredmedia":[{"embeddable":true,"href":"https:\/\/www.damac.it\/fr\/wp-json\/wp\/v2\/media\/11317"}],"wp:attachment":[{"href":"https:\/\/www.damac.it\/fr\/wp-json\/wp\/v2\/media?parent=11292"}],"wp:term":[{"taxonomy":"ubicazione_acf","embeddable":true,"href":"https:\/\/www.damac.it\/fr\/wp-json\/wp\/v2\/ubicazione_acf?post=11292"},{"taxonomy":"product_brand","embeddable":true,"href":"https:\/\/www.damac.it\/fr\/wp-json\/wp\/v2\/product_brand?post=11292"},{"taxonomy":"product_cat","embeddable":true,"href":"https:\/\/www.damac.it\/fr\/wp-json\/wp\/v2\/product_cat?post=11292"},{"taxonomy":"product_tag","embeddable":true,"href":"https:\/\/www.damac.it\/fr\/wp-json\/wp\/v2\/false?post=11292"},{"taxonomy":"proprietario","embeddable":true,"href":"https:\/\/www.damac.it\/fr\/wp-json\/wp\/v2\/proprietario?post=11292"}],"curies":[{"name":"wp","href":"https:\/\/api.w.org\/{rel}","templated":true}]}}