{"id":11477,"date":"2025-09-26T13:29:03","date_gmt":"2025-09-26T13:29:03","guid":{"rendered":"https:\/\/www.damac.it\/non%20class\u00e9\/kobelco-sk17sr-3e\/"},"modified":"2026-04-08T07:30:34","modified_gmt":"2026-04-08T07:30:34","slug":"kobelco-sk17sr-3e","status":"publish","type":"product","link":"https:\/\/www.damac.it\/fr\/mini-pelles\/kobelco-sk17sr-3e-anguillara-sabazia\/","title":{"rendered":"KOBELCO SK17SR-3E"},"content":{"rendered":"\n<p><strong><a href=\"https:\/\/www.damac.it\/fr\/mini-pelles\/\">Mini-pelle<\/a> KOBELCO SK17SR-3E de 2021, d\u2019occasion et certifi\u00e9e CE, compacte et fiable pour les travaux en espaces restreints.<\/strong><\/p>\n\n<p>Avec un poids op\u00e9rationnel de <strong>1 810 kg<\/strong>, des dimensions r\u00e9duites (<strong>longueur 3 490 mm, largeur 990 mm, hauteur 2 350 mm<\/strong>) et un <strong>train de roulement variable hydraulique<\/strong>, ce mod\u00e8le offre stabilit\u00e9 et maniabilit\u00e9 m\u00eame dans les zones difficiles.<\/p>\n\n<p>La KOBELCO SK17SR-3E est particuli\u00e8rement adapt\u00e9e aux travaux d&#8217;excavation dans les espaces restreints gr\u00e2ce \u00e0 ses dimensions compactes.<\/p>\n\n<p>Dotato di\u00a0<strong>girosagoma (zero tail swing)<\/strong>\u00a0per lavorare vicino a muri e ostacoli senza ingombro posteriore,\u00a0<strong>impianto martello idraulico gi\u00e0 installato<\/strong>\u00a0per <a href=\"https:\/\/www.damac.it\/fr\/accessoires\/\">accessori<\/a> da demolizione e scavo,\u00a0<strong>cingoli in gomma<\/strong>\u00a0per operare su diversi tipi di terreno senza danneggiarlo.<\/p>\n\n<p>Le poste de conduite avec <strong>toit ouvert<\/strong> assure un acc\u00e8s rapide et une excellente visibilit\u00e9.<\/p>\n\n<p>Avec <strong>2 564 heures de travail<\/strong>, cette Kobelco SK17SR repr\u00e9sente un choix solide pour les entreprises de construction, la maintenance urbaine et les travaux agricoles l\u00e9gers.<\/p>\n\n<p>Machine contr\u00f4l\u00e9e, <strong>pr\u00eate \u00e0 l&#8217;emploi et disponible chez DAMAC \u00e0 Rome<\/strong>, avec possibilit\u00e9 de support pour le transport et les d\u00e9marches logistiques dans toute l&#8217;Italie et l&#8217;Europe.<\/p>\n\n<div class=\"wp-block-webfactory-map\"><div class=\"wp-block-webfactory-map\"><iframe title=\"Carte\" width=\"100%\" height=\"380px\" src=\"https:\/\/www.google.com\/maps\/embed\/v1\/place?q=damac%20di%20volpe%20matteo&amp;maptype=roadmap&amp;zoom=7&amp;key=AIzaSyCbpj9Ji_jwudUhfVpTXiPB79zpZZSDW8c\" frameborder=\"0\"><\/iframe><\/div><\/div>\n","protected":false},"excerpt":{"rendered":"<p>Minipelle Kobelco SK17SR-3E de 2021, 1 810 kg, d\u00e9port arri\u00e8re nul, ch\u00e2ssis variable, chenilles en caoutchouc, syst\u00e8me de marteau hydraulique, 2 564 heures de travail. Certifi\u00e9e CE, disponible \u00e0 Anguillara Sabazia. <\/p>\n","protected":false},"featured_media":11502,"template":"","meta":{"_acf_changed":false},"ubicazione_acf":[],"product_brand":[652],"product_cat":[412],"false":[757],"proprietario":[],"class_list":{"0":"post-11477","1":"product","2":"type-product","3":"status-publish","4":"has-post-thumbnail","6":"product_brand-kobelco","7":"product_cat-mini-pelles","8":"product_tag-fr","9":"pa_brand-kobelco","11":"first","12":"instock","13":"sale","14":"sold-individually","15":"shipping-taxable","16":"purchasable","17":"product-type-simple"},"acf":[],"_links":{"self":[{"href":"https:\/\/www.damac.it\/fr\/wp-json\/wp\/v2\/product\/11477","targetHints":{"allow":["GET"]}}],"collection":[{"href":"https:\/\/www.damac.it\/fr\/wp-json\/wp\/v2\/product"}],"about":[{"href":"https:\/\/www.damac.it\/fr\/wp-json\/wp\/v2\/types\/product"}],"wp:featuredmedia":[{"embeddable":true,"href":"https:\/\/www.damac.it\/fr\/wp-json\/wp\/v2\/media\/11502"}],"wp:attachment":[{"href":"https:\/\/www.damac.it\/fr\/wp-json\/wp\/v2\/media?parent=11477"}],"wp:term":[{"taxonomy":"ubicazione_acf","embeddable":true,"href":"https:\/\/www.damac.it\/fr\/wp-json\/wp\/v2\/ubicazione_acf?post=11477"},{"taxonomy":"product_brand","embeddable":true,"href":"https:\/\/www.damac.it\/fr\/wp-json\/wp\/v2\/product_brand?post=11477"},{"taxonomy":"product_cat","embeddable":true,"href":"https:\/\/www.damac.it\/fr\/wp-json\/wp\/v2\/product_cat?post=11477"},{"taxonomy":"product_tag","embeddable":true,"href":"https:\/\/www.damac.it\/fr\/wp-json\/wp\/v2\/false?post=11477"},{"taxonomy":"proprietario","embeddable":true,"href":"https:\/\/www.damac.it\/fr\/wp-json\/wp\/v2\/proprietario?post=11477"}],"curies":[{"name":"wp","href":"https:\/\/api.w.org\/{rel}","templated":true}]}}