{"id":11726,"date":"2025-10-02T12:36:40","date_gmt":"2025-10-02T12:36:40","guid":{"rendered":"https:\/\/www.damac.it\/non%20class\u00e9\/benfra-515b\/"},"modified":"2026-04-08T07:48:55","modified_gmt":"2026-04-08T07:48:55","slug":"benfra-515b","status":"publish","type":"product","link":"https:\/\/www.damac.it\/fr\/chargeuses-sur-pneus\/benfra-515b-rome\/","title":{"rendered":"BENFRA 515B"},"content":{"rendered":"\n<p>La <strong>Benfra 515B<\/strong> de 1986 est une <strong><a href=\"https:\/\/www.damac.it\/fr\/chargeuses-sur-pneus\/\">chargeuse sur pneus<\/a> d&#8217;occasion<\/strong> robuste et fiable, id\u00e9ale pour les travaux de terrassement, de chargement et de manutention de mat\u00e9riaux. Avec un <strong>poids op\u00e9rationnel de 9 200 kg<\/strong> et une direction articul\u00e9e, elle garantit stabilit\u00e9 et maniabilit\u00e9 m\u00eame dans des espaces de travail exigeants. <\/p>\n\n<p>\u00c8 dotata di\u00a0<strong>cabina chiusa<\/strong>\u00a0per una maggiore protezione e comfort dell\u2019operatore, motore\u00a0<strong>FIAT 806L da 89 kW<\/strong>, pneumatici 17.5-25 (30% di usura) e una\u00a0<strong><a href=\"https:\/\/www.damac.it\/fr\/accessoires\/\">benna<\/a> da carico<\/strong>\u00a0inclusa. La macchina \u00e8 completa di\u00a0<strong>targa e libretto di circolazione<\/strong>, quindi pronta per essere utilizzata e regolarmente documentata.<\/p>\n\n<p>Cette chargeuse sur pneus Benfra repr\u00e9sente une solution \u00e9conomique et solide pour les entreprises de construction, les exploitations agricoles ou les activit\u00e9s n\u00e9cessitant un engin fiable sans investir dans des machines neuves. Disponible \u00e0 <strong>Rome<\/strong>.<\/p>\n","protected":false},"excerpt":{"rendered":"<p>Chargeuse sur pneus Benfra 515B de 1986, 9 200 kg, cabine ferm\u00e9e, moteur FIAT 806L de 89 kW, direction articul\u00e9e et godet de chargement. Machine en \u00e9tat de fonctionnement, compl\u00e8te avec plaque d&#8217;immatriculation et carte grise, disponible \u00e0 Rome. <\/p>\n","protected":false},"featured_media":11745,"template":"","meta":{"_acf_changed":false},"ubicazione_acf":[],"product_brand":[654],"product_cat":[517],"false":[757],"proprietario":[],"class_list":{"0":"post-11726","1":"product","2":"type-product","3":"status-publish","4":"has-post-thumbnail","6":"product_brand-benfra","7":"product_cat-chargeuses-sur-pneus","8":"product_tag-fr","9":"pa_brand-benfra","11":"first","12":"instock","13":"sold-individually","14":"shipping-taxable","15":"purchasable","16":"product-type-simple"},"acf":[],"_links":{"self":[{"href":"https:\/\/www.damac.it\/fr\/wp-json\/wp\/v2\/product\/11726","targetHints":{"allow":["GET"]}}],"collection":[{"href":"https:\/\/www.damac.it\/fr\/wp-json\/wp\/v2\/product"}],"about":[{"href":"https:\/\/www.damac.it\/fr\/wp-json\/wp\/v2\/types\/product"}],"wp:featuredmedia":[{"embeddable":true,"href":"https:\/\/www.damac.it\/fr\/wp-json\/wp\/v2\/media\/11745"}],"wp:attachment":[{"href":"https:\/\/www.damac.it\/fr\/wp-json\/wp\/v2\/media?parent=11726"}],"wp:term":[{"taxonomy":"ubicazione_acf","embeddable":true,"href":"https:\/\/www.damac.it\/fr\/wp-json\/wp\/v2\/ubicazione_acf?post=11726"},{"taxonomy":"product_brand","embeddable":true,"href":"https:\/\/www.damac.it\/fr\/wp-json\/wp\/v2\/product_brand?post=11726"},{"taxonomy":"product_cat","embeddable":true,"href":"https:\/\/www.damac.it\/fr\/wp-json\/wp\/v2\/product_cat?post=11726"},{"taxonomy":"product_tag","embeddable":true,"href":"https:\/\/www.damac.it\/fr\/wp-json\/wp\/v2\/false?post=11726"},{"taxonomy":"proprietario","embeddable":true,"href":"https:\/\/www.damac.it\/fr\/wp-json\/wp\/v2\/proprietario?post=11726"}],"curies":[{"name":"wp","href":"https:\/\/api.w.org\/{rel}","templated":true}]}}