{"id":11894,"date":"2025-10-06T07:49:25","date_gmt":"2025-10-06T07:49:25","guid":{"rendered":"https:\/\/www.damac.it\/non%20class\u00e9\/utex-1-3\/"},"modified":"2025-10-08T14:26:21","modified_gmt":"2025-10-08T14:26:21","slug":"utex-1-3","status":"publish","type":"product","link":"https:\/\/www.damac.it\/fr\/mini-pelles\/utex-1-3-foggia\/","title":{"rendered":"UTEX 1.3"},"content":{"rendered":"\n<p>La <strong>mini-pelle UTEX 1.3<\/strong> <strong>de 1997<\/strong> est une machine compacte et fiable, avec un <strong>poids en ordre de marche de 1 300 kg<\/strong> et <strong>4 000 heures de travail<\/strong>.<\/p>\n\n<p>Elle dispose d&#8217;une <strong>cabine ouverte<\/strong>, d&#8217;un <strong>ch\u00e2ssis fixe<\/strong> avec <strong>fl\u00e8che monolithique<\/strong>, de 50 % de <strong>chenilles en caoutchouc<\/strong> et d&#8217;une <strong>lame avant<\/strong> pour le nivellement et la finition. Elle est d\u00e9j\u00e0 \u00e9quip\u00e9e d&#8217;un <strong>syst\u00e8me de marteau hydraulique<\/strong> et fournie avec un <strong>godet d&#8217;excavation<\/strong>. <\/p>\n\n<p>Machine <strong>certifi\u00e9e CE<\/strong>, pratique \u00e0 transporter et id\u00e9ale pour les petits chantiers, les r\u00e9novations et les travaux d&#8217;excavation dans des espaces confin\u00e9s.<\/p>\n","protected":false},"excerpt":{"rendered":"<p class=\"p1\">Minipelle UTEX 1.3 de 1997, poids op\u00e9rationnel de 1 300 kg et 4 000 heures de travail. Cabine ouverte, chenilles en caoutchouc \u00e0 50 %, lame frontale, syst\u00e8me de marteau hydraulique et godet de fouille. Certifi\u00e9e CE.  <\/p>\n","protected":false},"featured_media":11929,"template":"","meta":{"_acf_changed":false},"ubicazione_acf":[],"product_brand":[662],"product_cat":[412],"false":[757],"proprietario":[],"class_list":{"0":"post-11894","1":"product","2":"type-product","3":"status-publish","4":"has-post-thumbnail","6":"product_brand-utex","7":"product_cat-mini-pelles","8":"product_tag-fr","9":"pa_brand-utex","11":"first","12":"outofstock","13":"sale","14":"sold-individually","15":"shipping-taxable","16":"purchasable","17":"product-type-simple"},"acf":[],"_links":{"self":[{"href":"https:\/\/www.damac.it\/fr\/wp-json\/wp\/v2\/product\/11894","targetHints":{"allow":["GET"]}}],"collection":[{"href":"https:\/\/www.damac.it\/fr\/wp-json\/wp\/v2\/product"}],"about":[{"href":"https:\/\/www.damac.it\/fr\/wp-json\/wp\/v2\/types\/product"}],"wp:featuredmedia":[{"embeddable":true,"href":"https:\/\/www.damac.it\/fr\/wp-json\/wp\/v2\/media\/11929"}],"wp:attachment":[{"href":"https:\/\/www.damac.it\/fr\/wp-json\/wp\/v2\/media?parent=11894"}],"wp:term":[{"taxonomy":"ubicazione_acf","embeddable":true,"href":"https:\/\/www.damac.it\/fr\/wp-json\/wp\/v2\/ubicazione_acf?post=11894"},{"taxonomy":"product_brand","embeddable":true,"href":"https:\/\/www.damac.it\/fr\/wp-json\/wp\/v2\/product_brand?post=11894"},{"taxonomy":"product_cat","embeddable":true,"href":"https:\/\/www.damac.it\/fr\/wp-json\/wp\/v2\/product_cat?post=11894"},{"taxonomy":"product_tag","embeddable":true,"href":"https:\/\/www.damac.it\/fr\/wp-json\/wp\/v2\/false?post=11894"},{"taxonomy":"proprietario","embeddable":true,"href":"https:\/\/www.damac.it\/fr\/wp-json\/wp\/v2\/proprietario?post=11894"}],"curies":[{"name":"wp","href":"https:\/\/api.w.org\/{rel}","templated":true}]}}