{"id":11993,"date":"2025-10-06T08:12:53","date_gmt":"2025-10-06T08:12:53","guid":{"rendered":"https:\/\/www.damac.it\/non%20class\u00e9\/caterpillar-248-per-ricambi\/"},"modified":"2025-12-19T09:48:09","modified_gmt":"2025-12-19T09:48:09","slug":"caterpillar-248-per-ricambi","status":"publish","type":"product","link":"https:\/\/www.damac.it\/fr\/mini-chargeuses\/caterpillar-248-per-ricambi-foggia\/","title":{"rendered":"CATERPILLAR 248 POUR PI\u00c8CES D\u00c9TACH\u00c9ES"},"content":{"rendered":"\n<p>La chargeuse compacte <strong>CATERPILLAR 248<\/strong> <strong>2002<\/strong> est une chargeuse compacte d&#8217;un <strong>poids de 3 490 kg<\/strong>, propos\u00e9e <strong>en pi\u00e8ces d\u00e9tach\u00e9es<\/strong>. La machine dispose d&#8217;une <strong>cabine ouverte<\/strong> et d&#8217;un <strong>syst\u00e8me de broyage hydraulique<\/strong>, mais n&#8217;a pas de moteur. <\/p>\n\n<p>Cette solution convient \u00e0 ceux qui ont besoin de <strong>composants CATERPILLAR d&#8217;origine<\/strong> pour des travaux d&#8217;entretien ou de r\u00e9paration sur des machines similaires. La machine est <strong>certifi\u00e9e CE<\/strong> et est disponible sur notre site de <strong>Foggia<\/strong>. <\/p>\n\n<p>Une excellente opportunit\u00e9 pour les ateliers, les concessionnaires et les entreprises qui souhaitent r\u00e9cup\u00e9rer des pi\u00e8ces de rechange fiables aupr\u00e8s d&#8217;une installation Caterpillar d&#8217;origine.<\/p>\n","protected":false},"excerpt":{"rendered":"<p>Chargeuse sur pneus Caterpillar 248 de 2002, poids en ordre de marche 3 490 kg, vendue pour pi\u00e8ces d\u00e9tach\u00e9es. Cabine ouverte, syst\u00e8me de brise-roche hydraulique, machine certifi\u00e9e CE. Le moteur n&#8217;est pas pr\u00e9sent.  <\/p>\n","protected":false},"featured_media":12001,"template":"","meta":{"_acf_changed":false},"ubicazione_acf":[],"product_brand":[857],"product_cat":[426],"false":[757],"proprietario":[],"class_list":{"0":"post-11993","1":"product","2":"type-product","3":"status-publish","4":"has-post-thumbnail","6":"product_brand-caterpillar","7":"product_cat-mini-chargeuses","8":"product_tag-fr","9":"pa_brand-caterpillar","11":"first","12":"outofstock","13":"sold-individually","14":"shipping-taxable","15":"purchasable","16":"product-type-simple"},"acf":[],"_links":{"self":[{"href":"https:\/\/www.damac.it\/fr\/wp-json\/wp\/v2\/product\/11993","targetHints":{"allow":["GET"]}}],"collection":[{"href":"https:\/\/www.damac.it\/fr\/wp-json\/wp\/v2\/product"}],"about":[{"href":"https:\/\/www.damac.it\/fr\/wp-json\/wp\/v2\/types\/product"}],"wp:featuredmedia":[{"embeddable":true,"href":"https:\/\/www.damac.it\/fr\/wp-json\/wp\/v2\/media\/12001"}],"wp:attachment":[{"href":"https:\/\/www.damac.it\/fr\/wp-json\/wp\/v2\/media?parent=11993"}],"wp:term":[{"taxonomy":"ubicazione_acf","embeddable":true,"href":"https:\/\/www.damac.it\/fr\/wp-json\/wp\/v2\/ubicazione_acf?post=11993"},{"taxonomy":"product_brand","embeddable":true,"href":"https:\/\/www.damac.it\/fr\/wp-json\/wp\/v2\/product_brand?post=11993"},{"taxonomy":"product_cat","embeddable":true,"href":"https:\/\/www.damac.it\/fr\/wp-json\/wp\/v2\/product_cat?post=11993"},{"taxonomy":"product_tag","embeddable":true,"href":"https:\/\/www.damac.it\/fr\/wp-json\/wp\/v2\/false?post=11993"},{"taxonomy":"proprietario","embeddable":true,"href":"https:\/\/www.damac.it\/fr\/wp-json\/wp\/v2\/proprietario?post=11993"}],"curies":[{"name":"wp","href":"https:\/\/api.w.org\/{rel}","templated":true}]}}