{"id":12136,"date":"2025-10-06T12:41:35","date_gmt":"2025-10-06T12:41:35","guid":{"rendered":"https:\/\/www.damac.it\/non%20class\u00e9\/fiat-kobelco-e305\/"},"modified":"2026-04-08T07:50:21","modified_gmt":"2026-04-08T07:50:21","slug":"fiat-kobelco-e305","status":"publish","type":"product","link":"https:\/\/www.damac.it\/fr\/pelles-sur-chenilles\/fiat-kobelco-e305-pescara\/","title":{"rendered":"FIAT KOBELCO E305"},"content":{"rendered":"\n<p>L\u2019<strong><a href=\"https:\/\/www.damac.it\/fr\/pelles-sur-chenilles\/\">excavatrice sur chenilles<\/a> FIAT KOBELCO E305<\/strong>, ann\u00e9e <strong>2003<\/strong>, est une machine robuste et fiable avec un <strong>poids op\u00e9rationnel de 31 600 kg<\/strong> et <strong>8 000 heures de travail<\/strong>. Con\u00e7ue pour des travaux d\u2019excavation exigeants et le terrassement sur de grands chantiers, elle offre des performances \u00e9lev\u00e9es et une grande stabilit\u00e9 gr\u00e2ce \u00e0 sa structure solide et \u00e0 ses <strong>chenilles en fer<\/strong> avec une usure de 60 %. <\/p>\n\n<p>La cabina \u00e8\u00a0<strong>chiusa e climatizzata<\/strong>, garantendo comfort anche in condizioni di lavoro gravose. Il modello \u00e8 dotato di\u00a0<strong>braccio a tre pezzi<\/strong>,\u00a0<strong>doppia velocit\u00e0 di traslazione<\/strong>\u00a0e\u00a0<strong>impianto martello idraulico<\/strong>, risultando versatile per diverse applicazioni. \u00c8 fornito con\u00a0<strong><a href=\"https:\/\/www.damac.it\/fr\/accessoires\/\">benna<\/a> da scavo<\/strong>\u00a0e dispone di\u00a0<strong>certificazione CE<\/strong>\u00a0e\u00a0<strong>scheda tecnica completa<\/strong>.<\/p>\n\n<p>Une option id\u00e9ale pour les entreprises de construction, d&#8217;excavation et de terrassement \u00e0 la recherche d&#8217;une <strong>pelle d&#8217;occasion de grande taille<\/strong>, fiable et pr\u00eate \u00e0 l&#8217;emploi.<\/p>\n","protected":false},"excerpt":{"rendered":"<p class=\"p1\">Pelle sur chenilles FIAT KOBELCO E305 de 2003, poids en ordre de marche 31.600 kg et 8.000 heures de travail. Cabine ferm\u00e9e avec air conditionn\u00e9, triple fl\u00e8che, chenilles en fer \u00e0 60%, double vitesse, syst\u00e8me de marteau hydraulique et godet de fouille inclus. Certifi\u00e9e CE.  <\/p>\n","protected":false},"featured_media":12158,"template":"","meta":{"_acf_changed":false},"ubicazione_acf":[],"product_brand":[642],"product_cat":[436],"false":[757],"proprietario":[],"class_list":{"0":"post-12136","1":"product","2":"type-product","3":"status-publish","4":"has-post-thumbnail","6":"product_brand-fiat-kobelco","7":"product_cat-pelles-sur-chenilles","8":"product_tag-fr","9":"pa_brand-fiat-kobelco","11":"first","12":"instock","13":"sold-individually","14":"shipping-taxable","15":"purchasable","16":"product-type-simple"},"acf":[],"_links":{"self":[{"href":"https:\/\/www.damac.it\/fr\/wp-json\/wp\/v2\/product\/12136","targetHints":{"allow":["GET"]}}],"collection":[{"href":"https:\/\/www.damac.it\/fr\/wp-json\/wp\/v2\/product"}],"about":[{"href":"https:\/\/www.damac.it\/fr\/wp-json\/wp\/v2\/types\/product"}],"wp:featuredmedia":[{"embeddable":true,"href":"https:\/\/www.damac.it\/fr\/wp-json\/wp\/v2\/media\/12158"}],"wp:attachment":[{"href":"https:\/\/www.damac.it\/fr\/wp-json\/wp\/v2\/media?parent=12136"}],"wp:term":[{"taxonomy":"ubicazione_acf","embeddable":true,"href":"https:\/\/www.damac.it\/fr\/wp-json\/wp\/v2\/ubicazione_acf?post=12136"},{"taxonomy":"product_brand","embeddable":true,"href":"https:\/\/www.damac.it\/fr\/wp-json\/wp\/v2\/product_brand?post=12136"},{"taxonomy":"product_cat","embeddable":true,"href":"https:\/\/www.damac.it\/fr\/wp-json\/wp\/v2\/product_cat?post=12136"},{"taxonomy":"product_tag","embeddable":true,"href":"https:\/\/www.damac.it\/fr\/wp-json\/wp\/v2\/false?post=12136"},{"taxonomy":"proprietario","embeddable":true,"href":"https:\/\/www.damac.it\/fr\/wp-json\/wp\/v2\/proprietario?post=12136"}],"curies":[{"name":"wp","href":"https:\/\/api.w.org\/{rel}","templated":true}]}}