{"id":12223,"date":"2025-10-06T15:54:17","date_gmt":"2025-10-06T15:54:17","guid":{"rendered":"https:\/\/www.damac.it\/non%20class\u00e9\/wacker-neuson-e08-01\/"},"modified":"2026-04-16T17:16:57","modified_gmt":"2026-04-16T17:16:57","slug":"wacker-neuson-e08-01","status":"publish","type":"product","link":"https:\/\/www.damac.it\/fr\/mini-pelles\/wacker-neuson-e08-01-anguillara-sabazia\/","title":{"rendered":"WACKER NEUSON E08-01"},"content":{"rendered":"\n<p>Le <strong>Wacker Neuson E08-01<\/strong> est une <strong><a href=\"https:\/\/www.damac.it\/fr\/mini-pelles\/\">mini-pelle<\/a> compacte de 1,1 tonne<\/strong>, id\u00e9ale pour les travaux en espaces restreints gr\u00e2ce au <strong>z\u00e9ro d\u00e9port<\/strong> et au <strong>ch\u00e2ssis variable<\/strong> garantissant stabilit\u00e9 et man\u0153uvrabilit\u00e9 m\u00eame sur les chantiers les plus \u00e9troits.<\/p>\n\n<p>Cette machine <strong>d&#8217;occasion de 2012<\/strong> compte <strong>1 363 heures de travail<\/strong> et est \u00e9quip\u00e9e d&#8217;un <strong>moteur Yanmar 3TNV70-VNS de 9,6 kW<\/strong>, de chenilles en caoutchouc (40 % d&#8217;usure), d&#8217;une <strong>lame avant<\/strong>, d&#8217;une <strong>installation pour marteau<\/strong> et d&#8217;un <strong><a href=\"https:\/\/www.damac.it\/fr\/accessoires\/\">godet<\/a> de terrassement inclus<\/strong>.<\/p>\n\n<p>Certifi\u00e9 CE et pr\u00eat \u00e0 l&#8217;emploi, il constitue une solution fiable pour les entreprises de construction, les travaux de r\u00e9novation et les excavations l\u00e9g\u00e8res.<\/p>\n\n<div class=\"wp-block-webfactory-map\"><div class=\"wp-block-webfactory-map\"><iframe title=\"Carte\" width=\"100%\" height=\"380px\" src=\"https:\/\/www.google.com\/maps\/embed\/v1\/place?q=anguillara%20sabazia&amp;maptype=roadmap&amp;zoom=7&amp;key=AIzaSyCbpj9Ji_jwudUhfVpTXiPB79zpZZSDW8c\" frameborder=\"0\"><\/iframe><\/div><\/div>\n","protected":false},"excerpt":{"rendered":"<p class=\"p1\">Mini-excavatrice <span class=\"s1\"><b>Wacker Neuson E08-01<\/b><\/span> de 2012, 1 100 kg, 1 363 heures, ch\u00e2ssis variable, lame frontale et syst\u00e8me de marteau. En bon \u00e9tat. <\/p>\n","protected":false},"featured_media":22114,"template":"","meta":{"_acf_changed":false},"ubicazione_acf":[],"product_brand":[673],"product_cat":[412],"false":[757],"proprietario":[],"class_list":{"0":"post-12223","1":"product","2":"type-product","3":"status-publish","4":"has-post-thumbnail","6":"product_brand-wacker-neuson","7":"product_cat-mini-pelles","8":"product_tag-fr","9":"pa_brand-wacker-neuson","11":"first","12":"outofstock","13":"sale","14":"sold-individually","15":"shipping-taxable","16":"purchasable","17":"product-type-simple"},"acf":[],"_links":{"self":[{"href":"https:\/\/www.damac.it\/fr\/wp-json\/wp\/v2\/product\/12223","targetHints":{"allow":["GET"]}}],"collection":[{"href":"https:\/\/www.damac.it\/fr\/wp-json\/wp\/v2\/product"}],"about":[{"href":"https:\/\/www.damac.it\/fr\/wp-json\/wp\/v2\/types\/product"}],"wp:featuredmedia":[{"embeddable":true,"href":"https:\/\/www.damac.it\/fr\/wp-json\/wp\/v2\/media\/22114"}],"wp:attachment":[{"href":"https:\/\/www.damac.it\/fr\/wp-json\/wp\/v2\/media?parent=12223"}],"wp:term":[{"taxonomy":"ubicazione_acf","embeddable":true,"href":"https:\/\/www.damac.it\/fr\/wp-json\/wp\/v2\/ubicazione_acf?post=12223"},{"taxonomy":"product_brand","embeddable":true,"href":"https:\/\/www.damac.it\/fr\/wp-json\/wp\/v2\/product_brand?post=12223"},{"taxonomy":"product_cat","embeddable":true,"href":"https:\/\/www.damac.it\/fr\/wp-json\/wp\/v2\/product_cat?post=12223"},{"taxonomy":"product_tag","embeddable":true,"href":"https:\/\/www.damac.it\/fr\/wp-json\/wp\/v2\/false?post=12223"},{"taxonomy":"proprietario","embeddable":true,"href":"https:\/\/www.damac.it\/fr\/wp-json\/wp\/v2\/proprietario?post=12223"}],"curies":[{"name":"wp","href":"https:\/\/api.w.org\/{rel}","templated":true}]}}