{"id":12434,"date":"2025-10-06T16:05:08","date_gmt":"2025-10-06T16:05:08","guid":{"rendered":"https:\/\/www.damac.it\/non%20class\u00e9\/bobcat-s70\/"},"modified":"2026-04-03T07:09:51","modified_gmt":"2026-04-03T07:09:51","slug":"bobcat-s70","status":"publish","type":"product","link":"https:\/\/www.damac.it\/fr\/mini-chargeuses\/bobcat-s70-anguillara-sabazia\/","title":{"rendered":"BOBCAT 463"},"content":{"rendered":"\n<p>La <strong>Bobcat S70<\/strong> ou plus commun\u00e9ment BOBCAT 463 est une <strong><a href=\"https:\/\/www.damac.it\/fr\/mini-chargeuses\/\">mini-chargeuse<\/a> compacte sur pneus<\/strong> parfaite pour les travaux en espaces restreints gr\u00e2ce \u00e0 ses dimensions r\u00e9duites (<strong>2640 \u00d7 1200 \u00d7 1840 mm<\/strong>) et \u00e0 son poids op\u00e9rationnel de seulement <strong>1 300 kg<\/strong>.<\/p>\n\n<p>Ce mod\u00e8le d&#8217;<strong>occasion de 2003<\/strong> a <strong>1 444 heures de travail<\/strong> et est \u00e9quip\u00e9 d&#8217;un <strong>moteur Kubota de 16,8 kW<\/strong>, d&#8217;une cabine ouverte et d&#8217;un <strong>godet de chargement inclus<\/strong>. Il est id\u00e9al pour la manutention de mat\u00e9riaux, les petits travaux de construction, la r\u00e9novation et l&#8217;entretien urbain.<\/p>\n\n<p>Machine certifi\u00e9e CE, pr\u00eate \u00e0 l&#8217;emploi et disponible \u00e0 <strong>Anguillara Sabazia (RM).<\/strong><\/p>\n\n<div class=\"wp-block-webfactory-map\"><div class=\"wp-block-webfactory-map\"><iframe title=\"Carte\" width=\"100%\" height=\"380px\" src=\"https:\/\/www.google.com\/maps\/embed\/v1\/place?q=anguillara%20sabazia&amp;maptype=roadmap&amp;zoom=7&amp;key=AIzaSyCbpj9Ji_jwudUhfVpTXiPB79zpZZSDW8c\" frameborder=\"0\"><\/iframe><\/div><\/div>\n","protected":false},"excerpt":{"rendered":"<p>2003 Bobcat 463 chargeur sur roues, 1,230 kg, 1,444 heures, cabine ouverte et godet de chargement inclus. Bonne condition. <\/p>\n","protected":false},"featured_media":12435,"template":"","meta":{"_acf_changed":false},"ubicazione_acf":[],"product_brand":[667],"product_cat":[426],"false":[757],"proprietario":[],"class_list":{"0":"post-12434","1":"product","2":"type-product","3":"status-publish","4":"has-post-thumbnail","6":"product_brand-bobcat","7":"product_cat-mini-chargeuses","8":"product_tag-fr","9":"pa_brand-bobcat","11":"first","12":"outofstock","13":"sold-individually","14":"shipping-taxable","15":"purchasable","16":"product-type-simple"},"acf":[],"_links":{"self":[{"href":"https:\/\/www.damac.it\/fr\/wp-json\/wp\/v2\/product\/12434","targetHints":{"allow":["GET"]}}],"collection":[{"href":"https:\/\/www.damac.it\/fr\/wp-json\/wp\/v2\/product"}],"about":[{"href":"https:\/\/www.damac.it\/fr\/wp-json\/wp\/v2\/types\/product"}],"wp:featuredmedia":[{"embeddable":true,"href":"https:\/\/www.damac.it\/fr\/wp-json\/wp\/v2\/media\/12435"}],"wp:attachment":[{"href":"https:\/\/www.damac.it\/fr\/wp-json\/wp\/v2\/media?parent=12434"}],"wp:term":[{"taxonomy":"ubicazione_acf","embeddable":true,"href":"https:\/\/www.damac.it\/fr\/wp-json\/wp\/v2\/ubicazione_acf?post=12434"},{"taxonomy":"product_brand","embeddable":true,"href":"https:\/\/www.damac.it\/fr\/wp-json\/wp\/v2\/product_brand?post=12434"},{"taxonomy":"product_cat","embeddable":true,"href":"https:\/\/www.damac.it\/fr\/wp-json\/wp\/v2\/product_cat?post=12434"},{"taxonomy":"product_tag","embeddable":true,"href":"https:\/\/www.damac.it\/fr\/wp-json\/wp\/v2\/false?post=12434"},{"taxonomy":"proprietario","embeddable":true,"href":"https:\/\/www.damac.it\/fr\/wp-json\/wp\/v2\/proprietario?post=12434"}],"curies":[{"name":"wp","href":"https:\/\/api.w.org\/{rel}","templated":true}]}}