{"id":12752,"date":"2025-10-07T08:49:02","date_gmt":"2025-10-07T08:49:02","guid":{"rendered":"https:\/\/www.damac.it\/non%20class\u00e9\/turchi-300f-2\/"},"modified":"2026-04-13T10:02:00","modified_gmt":"2026-04-13T10:02:00","slug":"turchi-300f-2","status":"publish","type":"product","link":"https:\/\/www.damac.it\/fr\/marteaux-de-battage-hydrauliques\/turchi-300f-2-rome\/","title":{"rendered":"TURCHI 300F"},"content":{"rendered":"\n<p>Le <strong><a href=\"https:\/\/www.damac.it\/fr\/battipalo-turchi-300f\/\">Turchi 300F<\/a><\/strong> est un <strong>enfonce-pieux hydraulique automoteur<\/strong> con\u00e7u pour le battage rapide et pr\u00e9cis de pieux destin\u00e9s aux installations photovolta\u00efques, barri\u00e8res routi\u00e8res et structures sur terrain. Hauteur des piles jusqu&#8217;\u00e0 4,5 m\u00e8tres.<\/p>\n\n<p>Gr\u00e2ce \u00e0 ses <strong>chenilles 100 % caoutchouc<\/strong>, son poids op\u00e9rationnel de 4 500 kg et ses dimensions compactes (longueur 2,1 m, largeur 2,35 m, hauteur 2,67 m), la machine offre <strong>stabilit\u00e9 et maniabilit\u00e9<\/strong>, m\u00eame sur les sites difficiles ou dans les espaces restreints.<\/p>\n\n<p>Elle est \u00e9quip\u00e9e d&#8217;un <strong>moteur Hyundai 3 cylindres de 45 kW<\/strong>, d&#8217;un syst\u00e8me hydraulique haute performance et d&#8217;un <strong>marteau Indeco d&#8217;une puissance d&#8217;impact allant jusqu&#8217;\u00e0 950 joules<\/strong>, id\u00e9al pour les poteaux photovolta\u00efques et les structures l\u00e9g\u00e8res.<\/p>\n\n<p>La <strong>colonne r\u00e9glable<\/strong> permet des inclinaisons frontales jusqu&#8217;\u00e0 -51\u00b0 et des inclinaisons lat\u00e9rales de \u00b19,5\u00b0, ce qui garantit la pr\u00e9cision et la verticalit\u00e9 m\u00eame sur un terrain accident\u00e9.<\/p>\n\n<p>Ce mod\u00e8le est livr\u00e9 avec un <strong>GPS int\u00e9gr\u00e9<\/strong>, un <strong>extracteur m\u00e9canique<\/strong> et un <strong>brise-roche hydraulique Indeco<\/strong>, ainsi que la certification CE, un manuel d&#8217;utilisation et une fiche technique compl\u00e8te.<\/p>\n\n<p>La combinaison de la <strong>puissance, de la compacit\u00e9 et des accessoires professionnels<\/strong> fait de la Turchi 300F une solution parfaite pour les entreprises qui veulent r\u00e9duire les temps de pr\u00e9paration et travailler avec un maximum d&#8217;efficacit\u00e9 et de s\u00e9curit\u00e9.<\/p>\n","protected":false},"excerpt":{"rendered":"<p>Enfonceur de pieux hydraulique automoteur Turchi 300F, id\u00e9al pour les installations photovolta\u00efques et les cl\u00f4tures. Hauteur de battage jusqu&#8217;\u00e0 4,5 m\u00e8tres.<br \/>Moteur Hyundai de 45 kW, marteau Indeco de 950 joules, GPS int\u00e9gr\u00e9 et colonne inclinable jusqu&#8217;\u00e0 -51\u00b0.<br \/>Compact, pr\u00e9cis et puissant, avec un poids op\u00e9rationnel de 4 500 kg et des chenilles 100% caoutchouc. <\/p>\n","protected":false},"featured_media":12769,"template":"","meta":{"_acf_changed":false},"ubicazione_acf":[],"product_brand":[597],"product_cat":[416],"false":[757],"proprietario":[],"class_list":{"0":"post-12752","1":"product","2":"type-product","3":"status-publish","4":"has-post-thumbnail","6":"product_brand-turchi","7":"product_cat-marteaux-de-battage-hydrauliques","8":"product_tag-fr","9":"pa_brand-turchi","11":"first","12":"instock","13":"sold-individually","14":"shipping-taxable","15":"product-type-simple"},"acf":[],"_links":{"self":[{"href":"https:\/\/www.damac.it\/fr\/wp-json\/wp\/v2\/product\/12752","targetHints":{"allow":["GET"]}}],"collection":[{"href":"https:\/\/www.damac.it\/fr\/wp-json\/wp\/v2\/product"}],"about":[{"href":"https:\/\/www.damac.it\/fr\/wp-json\/wp\/v2\/types\/product"}],"wp:featuredmedia":[{"embeddable":true,"href":"https:\/\/www.damac.it\/fr\/wp-json\/wp\/v2\/media\/12769"}],"wp:attachment":[{"href":"https:\/\/www.damac.it\/fr\/wp-json\/wp\/v2\/media?parent=12752"}],"wp:term":[{"taxonomy":"ubicazione_acf","embeddable":true,"href":"https:\/\/www.damac.it\/fr\/wp-json\/wp\/v2\/ubicazione_acf?post=12752"},{"taxonomy":"product_brand","embeddable":true,"href":"https:\/\/www.damac.it\/fr\/wp-json\/wp\/v2\/product_brand?post=12752"},{"taxonomy":"product_cat","embeddable":true,"href":"https:\/\/www.damac.it\/fr\/wp-json\/wp\/v2\/product_cat?post=12752"},{"taxonomy":"product_tag","embeddable":true,"href":"https:\/\/www.damac.it\/fr\/wp-json\/wp\/v2\/false?post=12752"},{"taxonomy":"proprietario","embeddable":true,"href":"https:\/\/www.damac.it\/fr\/wp-json\/wp\/v2\/proprietario?post=12752"}],"curies":[{"name":"wp","href":"https:\/\/api.w.org\/{rel}","templated":true}]}}