{"id":13105,"date":"2025-10-07T13:50:16","date_gmt":"2025-10-07T13:50:16","guid":{"rendered":"https:\/\/www.damac.it\/non%20class\u00e9\/dynapac-f121-4w\/"},"modified":"2026-04-08T07:53:28","modified_gmt":"2026-04-08T07:53:28","slug":"dynapac-f121-4w","status":"publish","type":"product","link":"https:\/\/www.damac.it\/fr\/paves-routiers\/dynapac-f121-4w-rome\/","title":{"rendered":"DYNAPAC F121-4W"},"content":{"rendered":"\n<p>Le <strong>Dynapac F121-4W<\/strong> est un finisseur de routes sur roues id\u00e9al pour les travaux d&#8217;asphalte sur les routes, les cours et les grandes surfaces.<\/p>\n\n<p>Ce mod\u00e8le d&#8217;occasion, ann\u00e9e <strong>2000<\/strong>, offre une <strong>largeur de travail r\u00e9glable de 2,55 m \u00e0 5 m<\/strong>, un poids op\u00e9rationnel de <strong>17 000 kg<\/strong> et est \u00e9quip\u00e9 d&#8217;un moteur <strong>Cummins 6B5.9-150 112 kW<\/strong> fiable, qui garantit de bonnes performances et une faible consommation de carburant.<\/p>\n\n<p>La machine est <strong>certifi\u00e9e CE<\/strong> et est en bon \u00e9tat g\u00e9n\u00e9ral, avec des pneus \u00e0 60%. Parfaite pour les entreprises de construction et d&#8217;entretien des routes \u00e0 la recherche d&#8217;un finisseur fiable et pr\u00eat \u00e0 l&#8217;emploi. <\/p>\n\n<p>Actuellement disponible \u00e0 <strong>Rome<\/strong> \u00e0 des prix comp\u00e9titifs et avec un soutien pour le transport international et l&#8217;exportation.<\/p>\n\n<p><\/p>\n","protected":false},"excerpt":{"rendered":"<p>Finisseur de routes sur roues Dynapac F121-4W d&#8217;occasion, ann\u00e9e 2000, largeur de travail r\u00e9glable de 2,55 \u00e0 5 m, poids 17 000 kg, moteur Cummins 112 kW, certifi\u00e9 CE. Disponible \u00e0 Rome. <\/p>\n","protected":false},"featured_media":13127,"template":"","meta":{"_acf_changed":false},"ubicazione_acf":[],"product_brand":[670],"product_cat":[548],"false":[757],"proprietario":[],"class_list":{"0":"post-13105","1":"product","2":"type-product","3":"status-publish","4":"has-post-thumbnail","6":"product_brand-dynapac","7":"product_cat-paves-routiers","8":"product_tag-fr","9":"pa_brand-dynapac","11":"first","12":"instock","13":"sold-individually","14":"shipping-taxable","15":"purchasable","16":"product-type-simple"},"acf":[],"_links":{"self":[{"href":"https:\/\/www.damac.it\/fr\/wp-json\/wp\/v2\/product\/13105","targetHints":{"allow":["GET"]}}],"collection":[{"href":"https:\/\/www.damac.it\/fr\/wp-json\/wp\/v2\/product"}],"about":[{"href":"https:\/\/www.damac.it\/fr\/wp-json\/wp\/v2\/types\/product"}],"wp:featuredmedia":[{"embeddable":true,"href":"https:\/\/www.damac.it\/fr\/wp-json\/wp\/v2\/media\/13127"}],"wp:attachment":[{"href":"https:\/\/www.damac.it\/fr\/wp-json\/wp\/v2\/media?parent=13105"}],"wp:term":[{"taxonomy":"ubicazione_acf","embeddable":true,"href":"https:\/\/www.damac.it\/fr\/wp-json\/wp\/v2\/ubicazione_acf?post=13105"},{"taxonomy":"product_brand","embeddable":true,"href":"https:\/\/www.damac.it\/fr\/wp-json\/wp\/v2\/product_brand?post=13105"},{"taxonomy":"product_cat","embeddable":true,"href":"https:\/\/www.damac.it\/fr\/wp-json\/wp\/v2\/product_cat?post=13105"},{"taxonomy":"product_tag","embeddable":true,"href":"https:\/\/www.damac.it\/fr\/wp-json\/wp\/v2\/false?post=13105"},{"taxonomy":"proprietario","embeddable":true,"href":"https:\/\/www.damac.it\/fr\/wp-json\/wp\/v2\/proprietario?post=13105"}],"curies":[{"name":"wp","href":"https:\/\/api.w.org\/{rel}","templated":true}]}}