{"id":13561,"date":"2025-10-09T13:35:08","date_gmt":"2025-10-09T13:35:08","guid":{"rendered":"https:\/\/www.damac.it\/non%20class\u00e9\/fiat-kobelco-fb100\/"},"modified":"2026-04-08T07:56:15","modified_gmt":"2026-04-08T07:56:15","slug":"fiat-kobelco-fb100","status":"publish","type":"product","link":"https:\/\/www.damac.it\/fr\/chargeuses-pelleteuses\/fiat-kobelco-fb100-foggia\/","title":{"rendered":"FIAT KOBELCO FB100"},"content":{"rendered":"\n<p><strong>Fiable<\/strong> et robuste, cette <strong>Fiat Kobelco FB100 2004<\/strong> est une machine parfaite pour les travaux de terrassement, d&#8217;excavation et d&#8217;entretien des routes. Avec <strong>6 000 heures de travail<\/strong>, elle est en bon \u00e9tat g\u00e9n\u00e9ral et pr\u00eate \u00e0 \u00eatre utilis\u00e9e imm\u00e9diatement sur le chantier. <\/p>\n\n<p>\u00c8 dotata di\u00a0<strong>cabina chiusa<\/strong>, confortevole e con un\u2019ottima visibilit\u00e0, che assicura protezione e comodit\u00e0 all\u2019operatore. Davanti monta una\u00a0<strong><a href=\"https:\/\/www.damac.it\/accessori\/\">benna<\/a> mordente<\/strong>, ideale per il carico e la movimentazione di materiali, mentre posteriormente \u00e8 equipaggiata con\u00a0<strong>braccio standard<\/strong>,\u00a0<strong>impianto martello<\/strong>\u00a0e\u00a0<strong>benna da scavo<\/strong>, caratteristiche che ne aumentano la versatilit\u00e0 in diversi contesti operativi.<\/p>\n\n<p>Les dimensions globales de la machine sont de <strong>5720 mm de long<\/strong>, <strong>2430 mm de large<\/strong> et <strong>3890 mm de haut<\/strong>, pour un poids en ordre de marche d&#8217;environ <strong>8360 kg<\/strong>, ce qui la rend stable, \u00e9quilibr\u00e9e et facile \u00e0 manier, m\u00eame sur les terrains les plus difficiles.<\/p>\n\n<p>Gr\u00e2ce \u00e0 la fiabilit\u00e9 de la marque <strong>Fiat Kobelco<\/strong>, cette <a href=\"https:\/\/www.damac.it\/fr\/chargeuses-pelleteuses\/\">tractopelle<\/a> repr\u00e9sente une solution solide et fonctionnelle pour ceux qui recherchent une machine compl\u00e8te et pr\u00eate \u00e0 l\u2019emploi.<\/p>\n\n<p><\/p>\n","protected":false},"excerpt":{"rendered":"<p>Chargeuse-pelleteuse rigide Fiat Kobelco FB100 de 2004, avec 6.000 heures de travail, cabine ferm\u00e9e, syst\u00e8me de brise-roche hydraulique, benne preneuse \u00e0 l&#8217;avant et benne de creusement \u00e0 l&#8217;arri\u00e8re.<br \/>Machine certifi\u00e9e CE, en bon \u00e9tat g\u00e9n\u00e9ral et disponible \u00e0 Foggia, pr\u00eate \u00e0 travailler sur le chantier.<\/p>\n","protected":false},"featured_media":13562,"template":"","meta":{"_acf_changed":false},"ubicazione_acf":[],"product_brand":[642],"product_cat":[406],"false":[757],"proprietario":[],"class_list":{"0":"post-13561","1":"product","2":"type-product","3":"status-publish","4":"has-post-thumbnail","6":"product_brand-fiat-kobelco","7":"product_cat-chargeuses-pelleteuses","8":"product_tag-fr","9":"pa_brand-fiat-kobelco","11":"first","12":"instock","13":"sold-individually","14":"shipping-taxable","15":"purchasable","16":"product-type-simple"},"acf":[],"_links":{"self":[{"href":"https:\/\/www.damac.it\/fr\/wp-json\/wp\/v2\/product\/13561","targetHints":{"allow":["GET"]}}],"collection":[{"href":"https:\/\/www.damac.it\/fr\/wp-json\/wp\/v2\/product"}],"about":[{"href":"https:\/\/www.damac.it\/fr\/wp-json\/wp\/v2\/types\/product"}],"wp:featuredmedia":[{"embeddable":true,"href":"https:\/\/www.damac.it\/fr\/wp-json\/wp\/v2\/media\/13562"}],"wp:attachment":[{"href":"https:\/\/www.damac.it\/fr\/wp-json\/wp\/v2\/media?parent=13561"}],"wp:term":[{"taxonomy":"ubicazione_acf","embeddable":true,"href":"https:\/\/www.damac.it\/fr\/wp-json\/wp\/v2\/ubicazione_acf?post=13561"},{"taxonomy":"product_brand","embeddable":true,"href":"https:\/\/www.damac.it\/fr\/wp-json\/wp\/v2\/product_brand?post=13561"},{"taxonomy":"product_cat","embeddable":true,"href":"https:\/\/www.damac.it\/fr\/wp-json\/wp\/v2\/product_cat?post=13561"},{"taxonomy":"product_tag","embeddable":true,"href":"https:\/\/www.damac.it\/fr\/wp-json\/wp\/v2\/false?post=13561"},{"taxonomy":"proprietario","embeddable":true,"href":"https:\/\/www.damac.it\/fr\/wp-json\/wp\/v2\/proprietario?post=13561"}],"curies":[{"name":"wp","href":"https:\/\/api.w.org\/{rel}","templated":true}]}}