{"id":13705,"date":"2025-10-10T08:07:35","date_gmt":"2025-10-10T08:07:35","guid":{"rendered":"https:\/\/www.damac.it\/non%20class\u00e9\/case-321f\/"},"modified":"2026-04-08T07:56:58","modified_gmt":"2026-04-08T07:56:58","slug":"case-321f","status":"publish","type":"product","link":"https:\/\/www.damac.it\/fr\/chargeuses-sur-pneus\/case-321f-rome\/","title":{"rendered":"CASE 321F"},"content":{"rendered":"\n<p>La <strong>CASE 321F<\/strong> de <strong>2019<\/strong> est une <strong><a href=\"https:\/\/www.damac.it\/fr\/chargeuses-sur-pneus\/\">chargeuse sur pneus<\/a> compacte et puissante<\/strong>, con\u00e7ue pour garantir efficacit\u00e9, confort et performances \u00e9lev\u00e9es dans toutes les conditions de travail.<\/p>\n\n<p>Avec un poids en ordre de marche de <strong>6 100 kg<\/strong> et seulement <strong>1 000 heures d&#8217;utilisation<\/strong>, cette machine d&#8217;occasion est en <strong>excellent \u00e9tat<\/strong>, pr\u00eate \u00e0 fonctionner sans aucune intervention.<\/p>\n\n<p>\u00c9quip\u00e9 d&#8217;une <strong>cabine ferm\u00e9e et climatis\u00e9e<\/strong>, il offre \u00e0 l&#8217;op\u00e9rateur un environnement de travail confortable et prot\u00e9g\u00e9, id\u00e9al pour une utilisation intensive dans la construction, l&#8217;agriculture ou l&#8217;entretien des routes.<\/p>\n\n<p>La <strong><a href=\"https:\/\/www.damac.it\/fr\/accessoires\/\">benna<\/a> mordente 4&#215;1<\/strong> e l\u2019<strong>attacco rapido idraulico<\/strong> rendono la 321F estremamente versatile: pu\u00f2 passare rapidamente da operazioni di carico a livellamento o movimentazione materiali.<\/p>\n\n<p>Le moteur de <strong>55 kW<\/strong> garantit une excellente puissance avec une faible consommation de carburant, tandis que les <strong>pneus de 80 %<\/strong> et la <strong>certification CE<\/strong> confirment sa fiabilit\u00e9 et sa conformit\u00e9 totale aux r\u00e9glementations europ\u00e9ennes.<\/p>\n\n<p>Cette <strong>chargeuse sur pneus CASE 321F<\/strong> est la solution id\u00e9ale pour tous ceux qui recherchent une machine moderne, s\u00fbre et performante avec un excellent rapport qualit\u00e9, efficacit\u00e9 et prix.<\/p>\n\n<p>Disponible<strong> \u00e0 Rome<\/strong>, avec possibilit\u00e9 de <strong>transport dans toute l&#8217;Italie et assistance \u00e0 l&#8217;exportation internationale.<\/strong><\/p>\n\n<p><\/p>\n","protected":false},"excerpt":{"rendered":"<p>2019 CASE 321F chargeuse sur pneus, seulement 1.000 heures de travail, cabine ferm\u00e9e avec air conditionn\u00e9, attache rapide hydraulique et benne preneuse 4&#215;1.<br \/>Machine certifi\u00e9e CE, en excellent \u00e9tat, pr\u00eate \u00e0 l&#8217;emploi et disponible \u00e0 Rome.<\/p>\n","protected":false},"featured_media":13729,"template":"","meta":{"_acf_changed":false},"ubicazione_acf":[],"product_brand":[680],"product_cat":[517],"false":[757],"proprietario":[],"class_list":{"0":"post-13705","1":"product","2":"type-product","3":"status-publish","4":"has-post-thumbnail","6":"product_brand-case","7":"product_cat-chargeuses-sur-pneus","8":"product_tag-fr","9":"pa_brand-case","11":"first","12":"instock","13":"sold-individually","14":"shipping-taxable","15":"purchasable","16":"product-type-simple"},"acf":[],"_links":{"self":[{"href":"https:\/\/www.damac.it\/fr\/wp-json\/wp\/v2\/product\/13705","targetHints":{"allow":["GET"]}}],"collection":[{"href":"https:\/\/www.damac.it\/fr\/wp-json\/wp\/v2\/product"}],"about":[{"href":"https:\/\/www.damac.it\/fr\/wp-json\/wp\/v2\/types\/product"}],"wp:featuredmedia":[{"embeddable":true,"href":"https:\/\/www.damac.it\/fr\/wp-json\/wp\/v2\/media\/13729"}],"wp:attachment":[{"href":"https:\/\/www.damac.it\/fr\/wp-json\/wp\/v2\/media?parent=13705"}],"wp:term":[{"taxonomy":"ubicazione_acf","embeddable":true,"href":"https:\/\/www.damac.it\/fr\/wp-json\/wp\/v2\/ubicazione_acf?post=13705"},{"taxonomy":"product_brand","embeddable":true,"href":"https:\/\/www.damac.it\/fr\/wp-json\/wp\/v2\/product_brand?post=13705"},{"taxonomy":"product_cat","embeddable":true,"href":"https:\/\/www.damac.it\/fr\/wp-json\/wp\/v2\/product_cat?post=13705"},{"taxonomy":"product_tag","embeddable":true,"href":"https:\/\/www.damac.it\/fr\/wp-json\/wp\/v2\/false?post=13705"},{"taxonomy":"proprietario","embeddable":true,"href":"https:\/\/www.damac.it\/fr\/wp-json\/wp\/v2\/proprietario?post=13705"}],"curies":[{"name":"wp","href":"https:\/\/api.w.org\/{rel}","templated":true}]}}