{"id":14759,"date":"2025-10-11T12:04:13","date_gmt":"2025-10-11T12:04:13","guid":{"rendered":"https:\/\/www.damac.it\/non%20class\u00e9\/bitelli-sf200l\/"},"modified":"2025-11-18T11:21:56","modified_gmt":"2025-11-18T11:21:56","slug":"bitelli-sf200l","status":"publish","type":"product","link":"https:\/\/www.damac.it\/fr\/fraiseuses-routieres\/bitelli-sf200l-rome\/","title":{"rendered":"BITELLI SF200L"},"content":{"rendered":"\n<p>La <strong>Bitelli SF200L<\/strong> est une fraiseuse routi\u00e8re robuste et fiable, id\u00e9ale pour les travaux routiers de grande envergure. Immatricul\u00e9e en <strong>1997<\/strong> et comptant <strong>4 725 heures de travail<\/strong>, elle est en <strong>bon \u00e9tat<\/strong> et pr\u00eate \u00e0 s&#8217;attaquer \u00e0 de nouveaux chantiers. Elle se trouve actuellement \u00e0 <strong>Rome<\/strong> et peut \u00eatre visit\u00e9e et test\u00e9e sur rendez-vous.  <\/p>\n\n<p>Dot\u00e9e d&#8217;une <strong>largeur de travail de 2 000 mm<\/strong> et d&#8217;une <strong>largeur totale de 1 999 mm<\/strong>, cette machine offre une excellente capacit\u00e9 de fonctionnement, garantissant l&#8217;efficacit\u00e9 et la pr\u00e9cision de l&#8217;usinage. Le <strong>poids en ordre<\/strong> de <strong>marche<\/strong> est de <strong>28 700 kg<\/strong>, synonyme de stabilit\u00e9 m\u00eame dans les op\u00e9rations d&#8217;usinage les plus exigeantes. <\/p>\n\n<p>Le moteur, un <strong>Mercedes-Benz OM442 LA<\/strong> fiable, d\u00e9livre une puissance de <strong>370 kW<\/strong> (environ <strong>503 ch<\/strong>), ce qui garantit des performances \u00e9lev\u00e9es m\u00eame en charge. La machine est \u00e9quip\u00e9e de <strong>chenilles<\/strong> <strong>en fer<\/strong> et en <strong>caoutchouc<\/strong>, avec un <strong>\u00e9tat r\u00e9siduel de 60 %<\/strong>, et peut atteindre une <strong>vitesse maximale de 4,5 km\/h.<\/strong> <\/p>\n\n<p>Tous les <strong>documents essentiels<\/strong> sont disponibles : certification CE, certificat d&#8217;enregistrement, manuel d&#8217;utilisation et d&#8217;entretien, plaque signal\u00e9tique et fiche technique. L&#8217;appareil est ainsi imm\u00e9diatement pr\u00eat \u00e0 l&#8217;emploi et conforme aux r\u00e9glementations en vigueur. <\/p>\n\n<p>Un v\u00e9hicule con\u00e7u pour ceux qui recherchent \u00e0 la fois <strong>puissance, fiabilit\u00e9 et documentation compl\u00e8te<\/strong>.<\/p>\n\n<p><\/p>\n","protected":false},"excerpt":{"rendered":"<p>Fraiseuse routi\u00e8re Bitelli SF200L de 1997 avec 4.725 heures de travail.<br \/>Moteur Mercedes-Benz OM442 LA Turbo Intercooler 370 kW (503 hp), largeur de travail 2.000 mm et profondeur de fraisage jusqu&#8217;\u00e0 320 mm.<br \/>Poids en ordre de marche 28.700 kg, en bon \u00e9tat g\u00e9n\u00e9ral et pr\u00eate \u00e0 l&#8217;emploi.<br \/>Disponible \u00e0 Rome, compl\u00e8te avec certification CE et documentation technique d&#8217;origine.<\/p>\n","protected":false},"featured_media":14760,"template":"","meta":{"_acf_changed":false},"ubicazione_acf":[],"product_brand":[683],"product_cat":[562],"false":[757],"proprietario":[],"class_list":{"0":"post-14759","1":"product","2":"type-product","3":"status-publish","4":"has-post-thumbnail","6":"product_brand-bitelli","7":"product_cat-fraiseuses-routieres","8":"product_tag-fr","9":"pa_brand-bitelli","11":"first","12":"outofstock","13":"sold-individually","14":"shipping-taxable","15":"purchasable","16":"product-type-simple"},"acf":[],"_links":{"self":[{"href":"https:\/\/www.damac.it\/fr\/wp-json\/wp\/v2\/product\/14759","targetHints":{"allow":["GET"]}}],"collection":[{"href":"https:\/\/www.damac.it\/fr\/wp-json\/wp\/v2\/product"}],"about":[{"href":"https:\/\/www.damac.it\/fr\/wp-json\/wp\/v2\/types\/product"}],"wp:featuredmedia":[{"embeddable":true,"href":"https:\/\/www.damac.it\/fr\/wp-json\/wp\/v2\/media\/14760"}],"wp:attachment":[{"href":"https:\/\/www.damac.it\/fr\/wp-json\/wp\/v2\/media?parent=14759"}],"wp:term":[{"taxonomy":"ubicazione_acf","embeddable":true,"href":"https:\/\/www.damac.it\/fr\/wp-json\/wp\/v2\/ubicazione_acf?post=14759"},{"taxonomy":"product_brand","embeddable":true,"href":"https:\/\/www.damac.it\/fr\/wp-json\/wp\/v2\/product_brand?post=14759"},{"taxonomy":"product_cat","embeddable":true,"href":"https:\/\/www.damac.it\/fr\/wp-json\/wp\/v2\/product_cat?post=14759"},{"taxonomy":"product_tag","embeddable":true,"href":"https:\/\/www.damac.it\/fr\/wp-json\/wp\/v2\/false?post=14759"},{"taxonomy":"proprietario","embeddable":true,"href":"https:\/\/www.damac.it\/fr\/wp-json\/wp\/v2\/proprietario?post=14759"}],"curies":[{"name":"wp","href":"https:\/\/api.w.org\/{rel}","templated":true}]}}