{"id":14839,"date":"2025-10-11T13:01:55","date_gmt":"2025-10-11T13:01:55","guid":{"rendered":"https:\/\/www.damac.it\/non%20class\u00e9\/takeuchi-tb135\/"},"modified":"2025-11-18T18:52:42","modified_gmt":"2025-11-18T18:52:42","slug":"takeuchi-tb135","status":"publish","type":"product","link":"https:\/\/www.damac.it\/fr\/mini-pelles\/takeuchi-tb135-rome\/","title":{"rendered":"TAKEUCHI TB135"},"content":{"rendered":"\n<p>La <strong>Takeuchi TB135<\/strong> est une mini-pelle compacte et polyvalente con\u00e7ue pour offrir des performances \u00e9lev\u00e9es dans les espaces restreints <strong>.<\/strong> <\/p>\n\n<p>Cette unit\u00e9, datant de <strong>2002<\/strong>, est en <strong>bon \u00e9tat g\u00e9n\u00e9ral<\/strong> et a accumul\u00e9 <strong>6 258 heures de travail<\/strong>. Avec un <strong>poids en ordre de marche de 3 430 kg<\/strong> et des <strong>dimensions compactes (4930 \u00d7 1630 \u00d7 2450 mm)<\/strong>, il offre un \u00e9quilibre parfait entre stabilit\u00e9, puissance et maniabilit\u00e9. <\/p>\n\n<p>\u00c9quip\u00e9e d&#8217;un <strong>moteur Yanmar 3TNE88TB de 14,7 kW<\/strong>, la TB135 garantit le rendement \u00e9nerg\u00e9tique et la fiabilit\u00e9, m\u00eame sur les chantiers les plus exigeants. Elle est \u00e9quip\u00e9e d&#8217;une <strong>cabine ferm\u00e9e<\/strong>, d&#8217;un <strong>ch\u00e2ssis fixe<\/strong>, d&#8217;une <strong>lame avant<\/strong> <strong>\u00e0 double vitesse<\/strong> et d&#8217;un <strong>syst\u00e8me de marteau hydraulique<\/strong>, ce qui la rend id\u00e9ale pour les travaux d&#8217;excavation, de d\u00e9molition et d&#8217;entretien urbain. <\/p>\n\n<p>Les <strong>chenilles en caoutchouc (usure de 40 %)<\/strong> assurent une bonne traction et r\u00e9duisent l&#8217;impact sur les surfaces, tandis que la <strong>certification CE<\/strong> garantit la conformit\u00e9 avec les r\u00e9glementations europ\u00e9ennes en mati\u00e8re de s\u00e9curit\u00e9.<\/p>\n\n<p>La machine est livr\u00e9e avec un <strong>godet d&#8217;excavation<\/strong> et est pr\u00eate \u00e0 \u00eatre utilis\u00e9e imm\u00e9diatement sur le chantier.<\/p>\n\n<p>Disponible \u00e0 <strong>Rome<\/strong>, la Takeuchi TB135 est une solution solide et fiable pour les entreprises de construction et les op\u00e9rateurs \u00e0 la recherche d&#8217;une mini-pelle d&#8217;occasion de qualit\u00e9 avec un excellent rapport qualit\u00e9-prix.<\/p>\n\n<p><\/p>\n","protected":false},"excerpt":{"rendered":"<p class=\"p1\">Mini-excavatrice Takeuchi TB135 de 2002, poids op\u00e9rationnel de 3 430 kg et 6 258 heures de travail. Cabine ferm\u00e9e, double vitesse, lame frontale et syst\u00e8me de brise-roche hydraulique. Moteur Yanmar 3TNE88TB 14,7 kW. En bon \u00e9tat g\u00e9n\u00e9ral, certifi\u00e9e CE et pr\u00eate \u00e0 l&#8217;emploi. Disponible \u00e0 Rome.    <\/p>\n","protected":false},"featured_media":14847,"template":"","meta":{"_acf_changed":false},"ubicazione_acf":[],"product_brand":[687],"product_cat":[412],"false":[757],"proprietario":[],"class_list":{"0":"post-14839","1":"product","2":"type-product","3":"status-publish","4":"has-post-thumbnail","6":"product_brand-takeuchi","7":"product_cat-mini-pelles","8":"product_tag-fr","9":"pa_brand-takeuchi","11":"first","12":"outofstock","13":"sold-individually","14":"shipping-taxable","15":"purchasable","16":"product-type-simple"},"acf":[],"_links":{"self":[{"href":"https:\/\/www.damac.it\/fr\/wp-json\/wp\/v2\/product\/14839","targetHints":{"allow":["GET"]}}],"collection":[{"href":"https:\/\/www.damac.it\/fr\/wp-json\/wp\/v2\/product"}],"about":[{"href":"https:\/\/www.damac.it\/fr\/wp-json\/wp\/v2\/types\/product"}],"wp:featuredmedia":[{"embeddable":true,"href":"https:\/\/www.damac.it\/fr\/wp-json\/wp\/v2\/media\/14847"}],"wp:attachment":[{"href":"https:\/\/www.damac.it\/fr\/wp-json\/wp\/v2\/media?parent=14839"}],"wp:term":[{"taxonomy":"ubicazione_acf","embeddable":true,"href":"https:\/\/www.damac.it\/fr\/wp-json\/wp\/v2\/ubicazione_acf?post=14839"},{"taxonomy":"product_brand","embeddable":true,"href":"https:\/\/www.damac.it\/fr\/wp-json\/wp\/v2\/product_brand?post=14839"},{"taxonomy":"product_cat","embeddable":true,"href":"https:\/\/www.damac.it\/fr\/wp-json\/wp\/v2\/product_cat?post=14839"},{"taxonomy":"product_tag","embeddable":true,"href":"https:\/\/www.damac.it\/fr\/wp-json\/wp\/v2\/false?post=14839"},{"taxonomy":"proprietario","embeddable":true,"href":"https:\/\/www.damac.it\/fr\/wp-json\/wp\/v2\/proprietario?post=14839"}],"curies":[{"name":"wp","href":"https:\/\/api.w.org\/{rel}","templated":true}]}}