{"id":14918,"date":"2025-10-13T12:41:40","date_gmt":"2025-10-13T12:41:40","guid":{"rendered":"https:\/\/www.damac.it\/non%20class\u00e9\/fiat-hitachi-fb100\/"},"modified":"2025-11-18T12:32:19","modified_gmt":"2025-11-18T12:32:19","slug":"fiat-hitachi-fb100","status":"publish","type":"product","link":"https:\/\/www.damac.it\/fr\/chargeuses-pelleteuses\/fiat-hitachi-fb100-rome\/","title":{"rendered":"FIAT HITACHI FB100"},"content":{"rendered":"\n<p>La <strong>FIAT HITACHI FB100<\/strong> 2002 est une <strong>chargeuse-pelleteuse rigide d&#8217;occasion<\/strong> en excellent \u00e9tat, avec <strong>4.540 heures de travail<\/strong> et une <strong>cabine ferm\u00e9e<\/strong> pour le confort et la s\u00e9curit\u00e9. Elle est \u00e9quip\u00e9e d&#8217;un <strong>syst\u00e8me de marteau<\/strong>, d&#8217;un <strong>godet avant<\/strong> et d&#8217;un <strong>godet pelleteuse<\/strong>, id\u00e9ale pour les travaux de creusement, de chargement et d&#8217;entretien. <\/p>\n\n<p>La machine est <strong>enregistr\u00e9e<\/strong>, compl\u00e8te avec la <strong>certification CE, le livret et la fiche technique<\/strong>, elle est donc pr\u00eate \u00e0 l&#8217;emploi et conforme \u00e0 la r\u00e9glementation. Fiable et polyvalente, la FB100 est parfaite pour les entreprises de construction et les op\u00e9rateurs \u00e0 la recherche d&#8217;une <strong>chargeuse-pelleteuse solide et pr\u00eate \u00e0 l&#8217;emploi<\/strong>. Disponible \u00e0 <strong>Rome<\/strong>.  <\/p>\n","protected":false},"excerpt":{"rendered":"<p>Chargeuse-pelleteuse rigide FIAT HITACHI FB100 de 2002, en excellent \u00e9tat avec 4.540 heures de travail. Cabine ferm\u00e9e, syst\u00e8me de marteau, certification CE et documents complets. Equip\u00e9e d&#8217;un godet avant et d&#8217;un godet de pelleteuse. Machine pr\u00eate \u00e0 l&#8217;emploi, visible \u00e0 Rome.   <\/p>\n","protected":false},"featured_media":14927,"template":"","meta":{"_acf_changed":false},"ubicazione_acf":[],"product_brand":[638],"product_cat":[406],"false":[757],"proprietario":[],"class_list":{"0":"post-14918","1":"product","2":"type-product","3":"status-publish","4":"has-post-thumbnail","6":"product_brand-fiat-hitachi","7":"product_cat-chargeuses-pelleteuses","8":"product_tag-fr","9":"pa_brand-fiat-hitachi","11":"first","12":"outofstock","13":"sold-individually","14":"shipping-taxable","15":"product-type-simple"},"acf":[],"_links":{"self":[{"href":"https:\/\/www.damac.it\/fr\/wp-json\/wp\/v2\/product\/14918","targetHints":{"allow":["GET"]}}],"collection":[{"href":"https:\/\/www.damac.it\/fr\/wp-json\/wp\/v2\/product"}],"about":[{"href":"https:\/\/www.damac.it\/fr\/wp-json\/wp\/v2\/types\/product"}],"wp:featuredmedia":[{"embeddable":true,"href":"https:\/\/www.damac.it\/fr\/wp-json\/wp\/v2\/media\/14927"}],"wp:attachment":[{"href":"https:\/\/www.damac.it\/fr\/wp-json\/wp\/v2\/media?parent=14918"}],"wp:term":[{"taxonomy":"ubicazione_acf","embeddable":true,"href":"https:\/\/www.damac.it\/fr\/wp-json\/wp\/v2\/ubicazione_acf?post=14918"},{"taxonomy":"product_brand","embeddable":true,"href":"https:\/\/www.damac.it\/fr\/wp-json\/wp\/v2\/product_brand?post=14918"},{"taxonomy":"product_cat","embeddable":true,"href":"https:\/\/www.damac.it\/fr\/wp-json\/wp\/v2\/product_cat?post=14918"},{"taxonomy":"product_tag","embeddable":true,"href":"https:\/\/www.damac.it\/fr\/wp-json\/wp\/v2\/false?post=14918"},{"taxonomy":"proprietario","embeddable":true,"href":"https:\/\/www.damac.it\/fr\/wp-json\/wp\/v2\/proprietario?post=14918"}],"curies":[{"name":"wp","href":"https:\/\/api.w.org\/{rel}","templated":true}]}}