{"id":15048,"date":"2025-10-13T13:35:00","date_gmt":"2025-10-13T13:35:00","guid":{"rendered":"https:\/\/www.damac.it\/non%20class\u00e9\/caterpillar-318b\/"},"modified":"2026-04-08T09:48:59","modified_gmt":"2026-04-08T09:48:59","slug":"caterpillar-318b","status":"publish","type":"product","link":"https:\/\/www.damac.it\/fr\/pelles-sur-chenilles\/caterpillar-318b-rome\/","title":{"rendered":"CHENILLE 318B"},"content":{"rendered":"\n<p>La <strong><a href=\"https:\/\/www.damac.it\/fr\/pelles-sur-chenilles\/\">pelle sur chenilles<\/a> CATERPILLAR 318B<\/strong> de 2001 est une machine fiable et puissante, id\u00e9ale pour les travaux d&#8217;excavation, de terrassement et de d\u00e9molition. Avec <strong>7 057 heures de travail<\/strong> et un poids op\u00e9rationnel de <strong>18 500 kg<\/strong>, elle garantit stabilit\u00e9, force et productivit\u00e9 m\u00eame sur les chantiers les plus exigeants. <\/p>\n\n<p>Il est \u00e9quip\u00e9 d\u2019une <strong>cabine ferm\u00e9e<\/strong> pour une s\u00e9curit\u00e9 et un confort optimaux de l\u2019op\u00e9rateur, d\u2019une <strong>ligne marteau<\/strong> pour les travaux de d\u00e9molition et d\u2019un <strong><a href=\"https:\/\/www.damac.it\/fr\/accessoires\/\">godet<\/a> de terrassement<\/strong> pr\u00eat \u00e0 l\u2019emploi. Les <strong>chenilles en fer<\/strong> offrent une excellente adh\u00e9rence sur tout type de terrain, tandis que le <strong>bras monobloc<\/strong> assure pr\u00e9cision et puissance lors de chaque mouvement. <\/p>\n\n<p>La machine est <strong>compl\u00e8te, certifi\u00e9e CE<\/strong>, enti\u00e8rement fonctionnelle et pr\u00eate \u00e0 fonctionner. Elle peut \u00eatre vue \u00e0 <strong>Rome<\/strong>, avec la possibilit\u00e9 d&#8217;\u00eatre transport\u00e9e dans toute l&#8217;Italie et \u00e0 l&#8217;\u00e9tranger. <\/p>\n","protected":false},"excerpt":{"rendered":"<p>Pelle sur chenilles CATERPILLAR 318B de 2001 en bon \u00e9tat de marche, avec 7 057 heures de travail et un poids de 18 500 kg. Equip\u00e9e d&#8217;une cabine ferm\u00e9e, d&#8217;un syst\u00e8me de marteau, d&#8217;un godet de creusement et d&#8217;une certification CE. Machine pr\u00eate \u00e0 l&#8217;emploi, disponible \u00e0 Rome.  <\/p>\n","protected":false},"featured_media":15049,"template":"","meta":{"_acf_changed":false},"ubicazione_acf":[],"product_brand":[857],"product_cat":[436],"false":[757],"proprietario":[],"class_list":{"0":"post-15048","1":"product","2":"type-product","3":"status-publish","4":"has-post-thumbnail","6":"product_brand-caterpillar","7":"product_cat-pelles-sur-chenilles","8":"product_tag-fr","9":"pa_brand-caterpillar","11":"first","12":"outofstock","13":"sold-individually","14":"shipping-taxable","15":"purchasable","16":"product-type-simple"},"acf":[],"_links":{"self":[{"href":"https:\/\/www.damac.it\/fr\/wp-json\/wp\/v2\/product\/15048","targetHints":{"allow":["GET"]}}],"collection":[{"href":"https:\/\/www.damac.it\/fr\/wp-json\/wp\/v2\/product"}],"about":[{"href":"https:\/\/www.damac.it\/fr\/wp-json\/wp\/v2\/types\/product"}],"wp:featuredmedia":[{"embeddable":true,"href":"https:\/\/www.damac.it\/fr\/wp-json\/wp\/v2\/media\/15049"}],"wp:attachment":[{"href":"https:\/\/www.damac.it\/fr\/wp-json\/wp\/v2\/media?parent=15048"}],"wp:term":[{"taxonomy":"ubicazione_acf","embeddable":true,"href":"https:\/\/www.damac.it\/fr\/wp-json\/wp\/v2\/ubicazione_acf?post=15048"},{"taxonomy":"product_brand","embeddable":true,"href":"https:\/\/www.damac.it\/fr\/wp-json\/wp\/v2\/product_brand?post=15048"},{"taxonomy":"product_cat","embeddable":true,"href":"https:\/\/www.damac.it\/fr\/wp-json\/wp\/v2\/product_cat?post=15048"},{"taxonomy":"product_tag","embeddable":true,"href":"https:\/\/www.damac.it\/fr\/wp-json\/wp\/v2\/false?post=15048"},{"taxonomy":"proprietario","embeddable":true,"href":"https:\/\/www.damac.it\/fr\/wp-json\/wp\/v2\/proprietario?post=15048"}],"curies":[{"name":"wp","href":"https:\/\/api.w.org\/{rel}","templated":true}]}}