{"id":15233,"date":"2025-10-13T14:34:13","date_gmt":"2025-10-13T14:34:13","guid":{"rendered":"https:\/\/www.damac.it\/non%20class\u00e9\/om-di35c\/"},"modified":"2026-04-08T08:27:09","modified_gmt":"2026-04-08T08:27:09","slug":"om-di35c","status":"publish","type":"product","link":"https:\/\/www.damac.it\/fr\/chariots-elevateurs\/om-di35c-anguillara-sabazia\/","title":{"rendered":"OM DI35C"},"content":{"rendered":"\n<p>Le <strong>chariot \u00e9l\u00e9vateur OM DI35C<\/strong> 1988 est une machine solide et fiable, id\u00e9ale pour la manutention de mat\u00e9riaux dans l&#8217;entrep\u00f4t ou sur le chantier. Avec une <strong>capacit\u00e9 de charge de 3 500 kg<\/strong> et une<strong>hauteur de levage de 3 300 mm<\/strong>, il offre des performances s\u00fbres et stables, m\u00eame sous de lourdes charges. <\/p>\n\n<p>\u00c9quip\u00e9 d&#8217;un <strong>moteur FIAT de 58,8 kW<\/strong>, il garantit une puissance constante et une faible consommation de carburant. Le m\u00e2t <strong>duplex<\/strong> assure une bonne visibilit\u00e9 lors des man\u0153uvres, tandis que la <strong>cabine ouverte<\/strong> facilite l&#8217;acc\u00e8s et la rapidit\u00e9 des op\u00e9rations. <\/p>\n\n<p>Le camion est complet avec <strong>fourches<\/strong>, <strong>normes de s\u00e9curit\u00e9 ROPS et FOPS<\/strong>, et pneus en bon \u00e9tat (50%). Il est enti\u00e8rement fonctionnel et peut \u00eatre visit\u00e9 dans les locaux de DAMAC \u00e0 <strong>Anguillara Sabazia (Rome)<\/strong>. <\/p>\n\n<div class=\"wp-block-webfactory-map\"><div class=\"wp-block-webfactory-map\"><iframe title=\"Carte\" width=\"100%\" height=\"380px\" src=\"https:\/\/www.google.com\/maps\/embed\/v1\/place?q=anguillara%20sabazia&amp;maptype=roadmap&amp;zoom=7&amp;key=AIzaSyCbpj9Ji_jwudUhfVpTXiPB79zpZZSDW8c\" frameborder=\"0\"><\/iframe><\/div><\/div>\n","protected":false},"excerpt":{"rendered":"<p>Chariot \u00e9l\u00e9vateur OM DI35C de 1988 en bon \u00e9tat, avec une capacit\u00e9 de levage de 3 500 kg et une hauteur de levage de 3 300 mm. Moteur FIAT 58,8 kW, cabine ouverte et m\u00e2t duplex. Machine en \u00e9tat de marche, visible \u00e0 Anguillara Sabazia. <\/p>\n","protected":false},"featured_media":15234,"template":"","meta":{"_acf_changed":false},"ubicazione_acf":[],"product_brand":[691],"product_cat":[574],"false":[757],"proprietario":[],"class_list":{"0":"post-15233","1":"product","2":"type-product","3":"status-publish","4":"has-post-thumbnail","6":"product_brand-om","7":"product_cat-chariots-elevateurs","8":"product_tag-fr","9":"pa_brand-om","11":"first","12":"instock","13":"sale","14":"sold-individually","15":"shipping-taxable","16":"purchasable","17":"product-type-simple"},"acf":[],"_links":{"self":[{"href":"https:\/\/www.damac.it\/fr\/wp-json\/wp\/v2\/product\/15233","targetHints":{"allow":["GET"]}}],"collection":[{"href":"https:\/\/www.damac.it\/fr\/wp-json\/wp\/v2\/product"}],"about":[{"href":"https:\/\/www.damac.it\/fr\/wp-json\/wp\/v2\/types\/product"}],"wp:featuredmedia":[{"embeddable":true,"href":"https:\/\/www.damac.it\/fr\/wp-json\/wp\/v2\/media\/15234"}],"wp:attachment":[{"href":"https:\/\/www.damac.it\/fr\/wp-json\/wp\/v2\/media?parent=15233"}],"wp:term":[{"taxonomy":"ubicazione_acf","embeddable":true,"href":"https:\/\/www.damac.it\/fr\/wp-json\/wp\/v2\/ubicazione_acf?post=15233"},{"taxonomy":"product_brand","embeddable":true,"href":"https:\/\/www.damac.it\/fr\/wp-json\/wp\/v2\/product_brand?post=15233"},{"taxonomy":"product_cat","embeddable":true,"href":"https:\/\/www.damac.it\/fr\/wp-json\/wp\/v2\/product_cat?post=15233"},{"taxonomy":"product_tag","embeddable":true,"href":"https:\/\/www.damac.it\/fr\/wp-json\/wp\/v2\/false?post=15233"},{"taxonomy":"proprietario","embeddable":true,"href":"https:\/\/www.damac.it\/fr\/wp-json\/wp\/v2\/proprietario?post=15233"}],"curies":[{"name":"wp","href":"https:\/\/api.w.org\/{rel}","templated":true}]}}