{"id":15513,"date":"2025-10-13T16:10:37","date_gmt":"2025-10-13T16:10:37","guid":{"rendered":"https:\/\/www.damac.it\/non%20class\u00e9\/new-holland-e60c\/"},"modified":"2026-01-08T16:52:26","modified_gmt":"2026-01-08T16:52:26","slug":"new-holland-e60c","status":"publish","type":"product","link":"https:\/\/www.damac.it\/fr\/pelles-sur-chenilles\/new-holland-e60c-rome\/","title":{"rendered":"NEW HOLLAND E60C"},"content":{"rendered":"\n<p>La pelle sur chenilles <strong>New Holland E60C<\/strong> est une solution polyvalente et fiable pour les travaux d&#8217;excavation, de terrassement et de construction.<\/p>\n\n<p>Fabriqu\u00e9 en <strong>2017<\/strong>, avec un <strong>poids op\u00e9rationnel de 5 870 kg<\/strong>, il offre de solides performances et une faible consommation de carburant gr\u00e2ce au moteur <strong>Yanmar 4TNV98C<\/strong> de <strong>48,3 kW<\/strong> \u00e0 4 cylindres.<\/p>\n\n<p>La <strong>cabine ferm\u00e9e<\/strong> offre confort et protection \u00e0 l&#8217;op\u00e9rateur, tandis que la <strong>double vitesse de translation<\/strong> permet des d\u00e9placements rapides sur le chantier.<\/p>\n\n<p>La <strong>fl\u00e8che monolithique<\/strong> garantit la rigidit\u00e9 et la pr\u00e9cision des op\u00e9rations, tandis que les <strong>chenilles en caoutchouc (50% d&#8217;usure)<\/strong> permettent une utilisation efficace m\u00eame sur des surfaces d\u00e9licates.<\/p>\n\n<p>\u00c9quip\u00e9 d&#8217;une <strong>lame frontale<\/strong>, d&#8217;un <strong>syst\u00e8me de marteau hydraulique<\/strong> et d&#8217;une <strong>attache rapide Cangini CR50<\/strong>, ce mod\u00e8le est pr\u00eat \u00e0 \u00eatre utilis\u00e9 pour des applications de construction, d&#8217;entretien et de travaux routiers.<\/p>\n","protected":false},"excerpt":{"rendered":"<p>2017 New Holland E60C pelle sur chenilles en excellent \u00e9tat. Poids op\u00e9rationnel de 5 870 kg, cabine ferm\u00e9e et moteur Yanmar 4TNV98C de 48,3 kW. \u00c9quip\u00e9e d&#8217;une lame, d&#8217;un syst\u00e8me de marteau, de chenilles en caoutchouc et d&#8217;une attache rapide Cangini CR50.  <\/p>\n","protected":false},"featured_media":15533,"template":"","meta":{"_acf_changed":false},"ubicazione_acf":[],"product_brand":[635],"product_cat":[436],"false":[757],"proprietario":[],"class_list":{"0":"post-15513","1":"product","2":"type-product","3":"status-publish","4":"has-post-thumbnail","6":"product_brand-new-holland","7":"product_cat-pelles-sur-chenilles","8":"product_tag-fr","9":"pa_brand-new-holland","11":"first","12":"outofstock","13":"sold-individually","14":"shipping-taxable","15":"purchasable","16":"product-type-simple"},"acf":[],"_links":{"self":[{"href":"https:\/\/www.damac.it\/fr\/wp-json\/wp\/v2\/product\/15513","targetHints":{"allow":["GET"]}}],"collection":[{"href":"https:\/\/www.damac.it\/fr\/wp-json\/wp\/v2\/product"}],"about":[{"href":"https:\/\/www.damac.it\/fr\/wp-json\/wp\/v2\/types\/product"}],"wp:featuredmedia":[{"embeddable":true,"href":"https:\/\/www.damac.it\/fr\/wp-json\/wp\/v2\/media\/15533"}],"wp:attachment":[{"href":"https:\/\/www.damac.it\/fr\/wp-json\/wp\/v2\/media?parent=15513"}],"wp:term":[{"taxonomy":"ubicazione_acf","embeddable":true,"href":"https:\/\/www.damac.it\/fr\/wp-json\/wp\/v2\/ubicazione_acf?post=15513"},{"taxonomy":"product_brand","embeddable":true,"href":"https:\/\/www.damac.it\/fr\/wp-json\/wp\/v2\/product_brand?post=15513"},{"taxonomy":"product_cat","embeddable":true,"href":"https:\/\/www.damac.it\/fr\/wp-json\/wp\/v2\/product_cat?post=15513"},{"taxonomy":"product_tag","embeddable":true,"href":"https:\/\/www.damac.it\/fr\/wp-json\/wp\/v2\/false?post=15513"},{"taxonomy":"proprietario","embeddable":true,"href":"https:\/\/www.damac.it\/fr\/wp-json\/wp\/v2\/proprietario?post=15513"}],"curies":[{"name":"wp","href":"https:\/\/api.w.org\/{rel}","templated":true}]}}