{"id":15905,"date":"2025-10-15T09:20:43","date_gmt":"2025-10-15T09:20:43","guid":{"rendered":"https:\/\/www.damac.it\/non%20class\u00e9\/caterpillar-308e2cr\/"},"modified":"2026-04-08T08:05:46","modified_gmt":"2026-04-08T08:05:46","slug":"caterpillar-308e2cr","status":"publish","type":"product","link":"https:\/\/www.damac.it\/fr\/pelles-sur-chenilles\/caterpillar-308e2cr-foggia\/","title":{"rendered":"CHENILLE 308E2CR"},"content":{"rendered":"\n<p>La <strong>Caterpillar 308E2CR<\/strong> est une pelle compacte et puissante con\u00e7ue pour offrir des performances \u00e9lev\u00e9es m\u00eame dans les espaces les plus restreints. Ce mod\u00e8le, immatricul\u00e9 en <strong>2019<\/strong> et comptant <strong>5 800 heures de travail<\/strong>, est en excellent \u00e9tat g\u00e9n\u00e9ral et est pr\u00eat \u00e0 relever de nouveaux d\u00e9fis sur site. <\/p>\n\n<p>Avec un poids en ordre de marche de <strong>8 400 kg<\/strong>, elle garantit stabilit\u00e9 et robustesse lors des op\u00e9rations de creusement. Elle est \u00e9quip\u00e9e d&#8217;une <strong>fl\u00e8che monolithique<\/strong> et de <strong>chenilles en fer<\/strong> (\u00e9tat r\u00e9siduel de 50 %), ainsi que d&#8217;une <strong>lame avant<\/strong>. La <strong>double vitesse de translation<\/strong> permet un d\u00e9placement rapide et efficace sur le terrain. Livr\u00e9e avec un godet d&#8217;excavation.   <\/p>\n\n<p>La machine est \u00e9quip\u00e9e d&#8217;un moteur <strong>Caterpillar C3.3B<\/strong>, capable de fournir une <strong>puissance de 48,5 kW<\/strong>, offrant un excellent \u00e9quilibre entre performances et faible consommation de carburant. La cabine est <strong>ferm\u00e9e<\/strong>, ce qui garantit le confort et la protection de l&#8217;op\u00e9rateur. <\/p>\n\n<p>Au niveau de l&#8217;installation, la pelle est \u00e9quip\u00e9e d&#8217;un <strong>syst\u00e8me de<\/strong> <strong>marteau<\/strong> et de <strong>grappin<\/strong>, ce qui la rend compatible avec une large gamme d&#8217;\u00e9quipements et d&#8217;accessoires pour diff\u00e9rentes utilisations.<\/p>\n\n<p><strong>Certifi\u00e9e CE<\/strong>, cette machine est imm\u00e9diatement disponible \u00e0 la vente avec la documentation appropri\u00e9e.<\/p>\n\n<p><\/p>\n","protected":false},"excerpt":{"rendered":"<p>Pelle sur chenilles Caterpillar 308E2CR de 2019, 5 800 heures, poids 8 400 kg, moteur CAT C3.3B de 48,5 kW, chenilles en fer \u00e0 50 %, lame avant, syst\u00e8me de marteau et de grappin, godet de fouille, certification CE. Machine en excellent \u00e9tat, pr\u00eate \u00e0 l&#8217;emploi. <\/p>\n","protected":false},"featured_media":15906,"template":"","meta":{"_acf_changed":false},"ubicazione_acf":[],"product_brand":[857],"product_cat":[436],"false":[757],"proprietario":[],"class_list":{"0":"post-15905","1":"product","2":"type-product","3":"status-publish","4":"has-post-thumbnail","6":"product_brand-caterpillar","7":"product_cat-pelles-sur-chenilles","8":"product_tag-fr","9":"pa_brand-caterpillar","11":"first","12":"instock","13":"sold-individually","14":"shipping-taxable","15":"purchasable","16":"product-type-simple"},"acf":[],"_links":{"self":[{"href":"https:\/\/www.damac.it\/fr\/wp-json\/wp\/v2\/product\/15905","targetHints":{"allow":["GET"]}}],"collection":[{"href":"https:\/\/www.damac.it\/fr\/wp-json\/wp\/v2\/product"}],"about":[{"href":"https:\/\/www.damac.it\/fr\/wp-json\/wp\/v2\/types\/product"}],"wp:featuredmedia":[{"embeddable":true,"href":"https:\/\/www.damac.it\/fr\/wp-json\/wp\/v2\/media\/15906"}],"wp:attachment":[{"href":"https:\/\/www.damac.it\/fr\/wp-json\/wp\/v2\/media?parent=15905"}],"wp:term":[{"taxonomy":"ubicazione_acf","embeddable":true,"href":"https:\/\/www.damac.it\/fr\/wp-json\/wp\/v2\/ubicazione_acf?post=15905"},{"taxonomy":"product_brand","embeddable":true,"href":"https:\/\/www.damac.it\/fr\/wp-json\/wp\/v2\/product_brand?post=15905"},{"taxonomy":"product_cat","embeddable":true,"href":"https:\/\/www.damac.it\/fr\/wp-json\/wp\/v2\/product_cat?post=15905"},{"taxonomy":"product_tag","embeddable":true,"href":"https:\/\/www.damac.it\/fr\/wp-json\/wp\/v2\/false?post=15905"},{"taxonomy":"proprietario","embeddable":true,"href":"https:\/\/www.damac.it\/fr\/wp-json\/wp\/v2\/proprietario?post=15905"}],"curies":[{"name":"wp","href":"https:\/\/api.w.org\/{rel}","templated":true}]}}