{"id":15980,"date":"2025-10-15T09:40:50","date_gmt":"2025-10-15T09:40:50","guid":{"rendered":"https:\/\/www.damac.it\/non%20class\u00e9\/caterpillar-305e2cr\/"},"modified":"2025-12-17T17:16:32","modified_gmt":"2025-12-17T17:16:32","slug":"caterpillar-305e2cr","status":"publish","type":"product","link":"https:\/\/www.damac.it\/fr\/mini-pelles\/caterpillar-305e2cr-foggia\/","title":{"rendered":"CATERPILLAR 305E2CR"},"content":{"rendered":"\n<p>La <strong>Caterpillar 305E2 CR<\/strong> est une mini-pelle compacte et fiable, parfaite pour les travaux de creusement et de terrassement dans les espaces confin\u00e9s, sans sacrifier la puissance et la stabilit\u00e9. Ce mod\u00e8le, <strong>ann\u00e9e 2018<\/strong>, a <strong>5 000 heures de travail<\/strong> et est en excellent \u00e9tat. <\/p>\n\n<p>Elle est \u00e9quip\u00e9e de <strong>chenilles en caoutchouc<\/strong> pr\u00e9sentant une <strong>usure r\u00e9siduelle de 60 %<\/strong>, qui assurent une bonne adh\u00e9rence et r\u00e9duisent l&#8217;impact sur les surfaces sensibles. Le <strong>ch\u00e2ssis fixe<\/strong> assure la stabilit\u00e9 lors du creusement, tandis que la <strong>lame avant<\/strong> permet un nivellement rapide et pr\u00e9cis. <\/p>\n\n<p>La fl\u00e8che est <strong>monolithique<\/strong> et \u00e9quip\u00e9e d&#8217;un <strong>syst\u00e8me de marteau<\/strong>, ce qui rend la machine id\u00e9ale non seulement pour l&#8217;excavation mais aussi pour les travaux de d\u00e9molition l\u00e9gers. Un <strong>godet d&#8217;excavation<\/strong> est inclus, pr\u00eat \u00e0 l&#8217;emploi. <\/p>\n\n<p>La <strong>cabine est ferm\u00e9e<\/strong>, offrant protection et confort \u00e0 l&#8217;op\u00e9rateur par tous les temps.<\/p>\n\n<p>Le v\u00e9hicule est <strong>dot\u00e9 d&#8217;une certification CE<\/strong>, il est donc enti\u00e8rement conforme aux r\u00e9glementations en vigueur et pr\u00eat \u00e0 \u00eatre utilis\u00e9 sur le terrain.<\/p>\n\n<p><\/p>\n","protected":false},"excerpt":{"rendered":"<p class=\"p1\">2018 Minipelle Caterpillar 305E2CR, 4 000 heures, poids 5 140 kg, moteur CAT C2.4 de 31 kW, chenilles en caoutchouc \u00e0 60 %, lame avant, syst\u00e8me de marteau, godet de creusement et cabine ferm\u00e9e. Machine fiable, puissante et pr\u00eate \u00e0 l&#8217;emploi, avec certification CE. <\/p>\n","protected":false},"featured_media":15986,"template":"","meta":{"_acf_changed":false},"ubicazione_acf":[],"product_brand":[857],"product_cat":[412],"false":[757],"proprietario":[],"class_list":{"0":"post-15980","1":"product","2":"type-product","3":"status-publish","4":"has-post-thumbnail","6":"product_brand-caterpillar","7":"product_cat-mini-pelles","8":"product_tag-fr","9":"pa_brand-caterpillar","11":"first","12":"outofstock","13":"sold-individually","14":"shipping-taxable","15":"purchasable","16":"product-type-simple"},"acf":[],"_links":{"self":[{"href":"https:\/\/www.damac.it\/fr\/wp-json\/wp\/v2\/product\/15980","targetHints":{"allow":["GET"]}}],"collection":[{"href":"https:\/\/www.damac.it\/fr\/wp-json\/wp\/v2\/product"}],"about":[{"href":"https:\/\/www.damac.it\/fr\/wp-json\/wp\/v2\/types\/product"}],"wp:featuredmedia":[{"embeddable":true,"href":"https:\/\/www.damac.it\/fr\/wp-json\/wp\/v2\/media\/15986"}],"wp:attachment":[{"href":"https:\/\/www.damac.it\/fr\/wp-json\/wp\/v2\/media?parent=15980"}],"wp:term":[{"taxonomy":"ubicazione_acf","embeddable":true,"href":"https:\/\/www.damac.it\/fr\/wp-json\/wp\/v2\/ubicazione_acf?post=15980"},{"taxonomy":"product_brand","embeddable":true,"href":"https:\/\/www.damac.it\/fr\/wp-json\/wp\/v2\/product_brand?post=15980"},{"taxonomy":"product_cat","embeddable":true,"href":"https:\/\/www.damac.it\/fr\/wp-json\/wp\/v2\/product_cat?post=15980"},{"taxonomy":"product_tag","embeddable":true,"href":"https:\/\/www.damac.it\/fr\/wp-json\/wp\/v2\/false?post=15980"},{"taxonomy":"proprietario","embeddable":true,"href":"https:\/\/www.damac.it\/fr\/wp-json\/wp\/v2\/proprietario?post=15980"}],"curies":[{"name":"wp","href":"https:\/\/api.w.org\/{rel}","templated":true}]}}