{"id":16198,"date":"2025-10-15T14:49:47","date_gmt":"2025-10-15T14:49:47","guid":{"rendered":"https:\/\/www.damac.it\/non%20class\u00e9\/komatsu-pc55mr-3\/"},"modified":"2026-03-29T13:50:16","modified_gmt":"2026-03-29T13:50:16","slug":"komatsu-pc55mr-3","status":"publish","type":"product","link":"https:\/\/www.damac.it\/fr\/mini-pelles\/komatsu-pc55mr-3-anguillara-sabazia\/","title":{"rendered":"KOMATSU PC55MR-3"},"content":{"rendered":"\n<p>Fiable, puissante et compacte, cette <strong>Komatsu PC55MR-3 2016<\/strong> est l&#8217;une des solutions les plus polyvalentes pour les travaux d&#8217;excavation, de construction et d&#8217;entretien. Avec <strong>3018 heures de travail<\/strong>, la machine est en excellent \u00e9tat g\u00e9n\u00e9ral et pr\u00eate \u00e0 \u00eatre utilis\u00e9e imm\u00e9diatement. <\/p>\n\n<p>Elle est \u00e9quip\u00e9e d&#8217;une <strong>cabine ferm\u00e9e<\/strong> qui assure le confort et la protection de l&#8217;op\u00e9rateur dans toutes les conditions de travail. <strong>Les nouvelles chenilles en caoutchouc<\/strong> offrent une traction et une stabilit\u00e9 excellentes, minimisant l&#8217;impact sur les surfaces sensibles. <\/p>\n\n<p>La <a href=\"https:\/\/www.damac.it\/fr\/mini-pelles\/\">mini-pelle<\/a> est \u00e9galement \u00e9quip\u00e9e d&#8217;un <strong>circuit brise-roche<\/strong> et de 2 <strong>godets<\/strong>, caract\u00e9ristiques qui \u00e9largissent son utilisation dans diff\u00e9rents contextes op\u00e9rationnels, des petits chantiers urbains aux travaux les plus exigeants.<\/p>\n\n<p>Gr\u00e2ce \u00e0 la qualit\u00e9 de construction de <strong>Komatsu<\/strong>, cette PC55MR-3 combine des performances \u00e9lev\u00e9es, des mouvements de pr\u00e9cision et une grande fiabilit\u00e9, ce qui en fait un choix parfait pour tous ceux qui recherchent une machine moderne et pr\u00eate \u00e0 l&#8217;emploi.<\/p>\n\n<div class=\"wp-block-webfactory-map\"><div class=\"wp-block-webfactory-map\"><iframe title=\"Carte\" width=\"100%\" height=\"380px\" src=\"https:\/\/www.google.com\/maps\/embed\/v1\/place?q=anguillara%20sabazia&amp;maptype=roadmap&amp;zoom=7&amp;key=AIzaSyCbpj9Ji_jwudUhfVpTXiPB79zpZZSDW8c\" frameborder=\"0\"><\/iframe><\/div><\/div>\n","protected":false},"excerpt":{"rendered":"<p class=\"p1\">Komatsu PC55MR-3 de 2016 avec 3 018 heures, cabine ferm\u00e9e et nouvelles chenilles en caoutchouc. Puissante et compacte, id\u00e9ale pour les travaux d&#8217;excavation et d&#8217;entretien. Complet avec syst\u00e8me de marteau et 2 godets, pr\u00eat \u00e0 l&#8217;emploi.  <\/p>\n","protected":false},"featured_media":16199,"template":"","meta":{"_acf_changed":false},"ubicazione_acf":[],"product_brand":[612],"product_cat":[412],"false":[757],"proprietario":[],"class_list":{"0":"post-16198","1":"product","2":"type-product","3":"status-publish","4":"has-post-thumbnail","6":"product_brand-komatsu","7":"product_cat-mini-pelles","8":"product_tag-fr","9":"pa_brand-komatsu","11":"first","12":"instock","13":"sold-individually","14":"shipping-taxable","15":"purchasable","16":"product-type-simple"},"acf":[],"_links":{"self":[{"href":"https:\/\/www.damac.it\/fr\/wp-json\/wp\/v2\/product\/16198","targetHints":{"allow":["GET"]}}],"collection":[{"href":"https:\/\/www.damac.it\/fr\/wp-json\/wp\/v2\/product"}],"about":[{"href":"https:\/\/www.damac.it\/fr\/wp-json\/wp\/v2\/types\/product"}],"wp:featuredmedia":[{"embeddable":true,"href":"https:\/\/www.damac.it\/fr\/wp-json\/wp\/v2\/media\/16199"}],"wp:attachment":[{"href":"https:\/\/www.damac.it\/fr\/wp-json\/wp\/v2\/media?parent=16198"}],"wp:term":[{"taxonomy":"ubicazione_acf","embeddable":true,"href":"https:\/\/www.damac.it\/fr\/wp-json\/wp\/v2\/ubicazione_acf?post=16198"},{"taxonomy":"product_brand","embeddable":true,"href":"https:\/\/www.damac.it\/fr\/wp-json\/wp\/v2\/product_brand?post=16198"},{"taxonomy":"product_cat","embeddable":true,"href":"https:\/\/www.damac.it\/fr\/wp-json\/wp\/v2\/product_cat?post=16198"},{"taxonomy":"product_tag","embeddable":true,"href":"https:\/\/www.damac.it\/fr\/wp-json\/wp\/v2\/false?post=16198"},{"taxonomy":"proprietario","embeddable":true,"href":"https:\/\/www.damac.it\/fr\/wp-json\/wp\/v2\/proprietario?post=16198"}],"curies":[{"name":"wp","href":"https:\/\/api.w.org\/{rel}","templated":true}]}}