{"id":16347,"date":"2025-10-16T07:37:46","date_gmt":"2025-10-16T07:37:46","guid":{"rendered":"https:\/\/www.damac.it\/non%20class\u00e9\/case-721\/"},"modified":"2026-01-15T13:28:05","modified_gmt":"2026-01-15T13:28:05","slug":"case-721","status":"publish","type":"product","link":"https:\/\/www.damac.it\/fr\/mini-chargeuses\/case-721-foggia\/","title":{"rendered":"CASE 721"},"content":{"rendered":"\n<p>Solide et fiable, cette chargeuse <strong>compacte Case 721 de 1997<\/strong> est une machine id\u00e9ale pour les travaux de manutention, de nettoyage et d&#8217;entretien sur les chantiers. Avec <strong>4400 heures de travail<\/strong>, elle est en bon \u00e9tat g\u00e9n\u00e9ral et pr\u00eate \u00e0 \u00eatre utilis\u00e9e. <\/p>\n\n<p>Elle est \u00e9quip\u00e9e d&#8217;une <strong>cabine ferm\u00e9e<\/strong>, actuellement <strong>sans porte<\/strong>, qui offre n\u00e9anmoins une bonne protection et une bonne visibilit\u00e9 \u00e0 l&#8217;op\u00e9rateur. La machine est \u00e9quip\u00e9e d&#8217;un <strong>godet standard<\/strong>, parfait pour le chargement, le d\u00e9placement de mat\u00e9riaux et les travaux de soutien quotidiens. <\/p>\n\n<p>Avec un <strong>poids en ordre de marche de 2 300 kg<\/strong>, la Case 721 allie stabilit\u00e9, robustesse et maniabilit\u00e9, des caract\u00e9ristiques qui en font un choix pratique et fiable pour ceux qui recherchent une chargeuse compacte mais tr\u00e8s performante.<\/p>\n\n<p><\/p>\n","protected":false},"excerpt":{"rendered":"<p>1997 CASE 721 skid steer loader avec 4400 heures, cabine ferm\u00e9e et godet standard. Machine compacte, fiable et pr\u00eate \u00e0 travailler. <\/p>\n","protected":false},"featured_media":16348,"template":"","meta":{"_acf_changed":false},"ubicazione_acf":[],"product_brand":[680],"product_cat":[426],"false":[757],"proprietario":[],"class_list":{"0":"post-16347","1":"product","2":"type-product","3":"status-publish","4":"has-post-thumbnail","6":"product_brand-case","7":"product_cat-mini-chargeuses","8":"product_tag-fr","9":"pa_brand-case","11":"first","12":"outofstock","13":"sold-individually","14":"shipping-taxable","15":"purchasable","16":"product-type-simple"},"acf":[],"_links":{"self":[{"href":"https:\/\/www.damac.it\/fr\/wp-json\/wp\/v2\/product\/16347","targetHints":{"allow":["GET"]}}],"collection":[{"href":"https:\/\/www.damac.it\/fr\/wp-json\/wp\/v2\/product"}],"about":[{"href":"https:\/\/www.damac.it\/fr\/wp-json\/wp\/v2\/types\/product"}],"wp:featuredmedia":[{"embeddable":true,"href":"https:\/\/www.damac.it\/fr\/wp-json\/wp\/v2\/media\/16348"}],"wp:attachment":[{"href":"https:\/\/www.damac.it\/fr\/wp-json\/wp\/v2\/media?parent=16347"}],"wp:term":[{"taxonomy":"ubicazione_acf","embeddable":true,"href":"https:\/\/www.damac.it\/fr\/wp-json\/wp\/v2\/ubicazione_acf?post=16347"},{"taxonomy":"product_brand","embeddable":true,"href":"https:\/\/www.damac.it\/fr\/wp-json\/wp\/v2\/product_brand?post=16347"},{"taxonomy":"product_cat","embeddable":true,"href":"https:\/\/www.damac.it\/fr\/wp-json\/wp\/v2\/product_cat?post=16347"},{"taxonomy":"product_tag","embeddable":true,"href":"https:\/\/www.damac.it\/fr\/wp-json\/wp\/v2\/false?post=16347"},{"taxonomy":"proprietario","embeddable":true,"href":"https:\/\/www.damac.it\/fr\/wp-json\/wp\/v2\/proprietario?post=16347"}],"curies":[{"name":"wp","href":"https:\/\/api.w.org\/{rel}","templated":true}]}}