{"id":16416,"date":"2025-10-16T07:43:05","date_gmt":"2025-10-16T07:43:05","guid":{"rendered":"https:\/\/www.damac.it\/non%20class\u00e9\/komatsu-pc80mr\/"},"modified":"2025-12-17T17:17:00","modified_gmt":"2025-12-17T17:17:00","slug":"komatsu-pc80mr","status":"publish","type":"product","link":"https:\/\/www.damac.it\/fr\/mini-pelles\/komatsu-pc80mr-foggia\/","title":{"rendered":"KOMATSU PC80MR"},"content":{"rendered":"\n<p>Fiable et puissante, cette <strong>Komatsu PC80MR 2010<\/strong> est une pelle compacte performante, id\u00e9ale pour les travaux d&#8217;excavation et de manutention, m\u00eame dans les espaces confin\u00e9s. Avec <strong>6700 heures de travail<\/strong> et un <strong>poids en ordre de marche de 8000 kg<\/strong>, elle offre solidit\u00e9 et stabilit\u00e9 dans toutes les conditions d&#8217;utilisation. <\/p>\n\n<p>La machine est \u00e9quip\u00e9e d&#8217;une <strong>cabine ferm\u00e9e avec air conditionn\u00e9<\/strong>, qui offre confort et s\u00e9curit\u00e9 \u00e0 l&#8217;op\u00e9rateur pendant les journ\u00e9es de travail les plus charg\u00e9es. Elle est \u00e9quip\u00e9e d&#8217;une <g id=\"gid_1\">fl\u00e8che monolithique<\/g> avec <g id=\"gid_2\">marteau et syst\u00e8me de grappin<\/g>, ce qui augmente sa polyvalence et son efficacit\u00e9 op\u00e9rationnelle. Elle est \u00e9galement \u00e9quip\u00e9e d&#8217;un <strong>godet de creusement<\/strong> pr\u00eat \u00e0 l&#8217;emploi.  <\/p>\n\n<p>Les <strong>chenilles en fer<\/strong> offrent une excellente adh\u00e9rence et une grande r\u00e9sistance, m\u00eame sur les terrains les plus difficiles, ce qui rend cette machine adapt\u00e9e aux travaux lourds et continus.<\/p>\n\n<p>Gr\u00e2ce \u00e0 la qualit\u00e9 de construction de <strong>Komatsu<\/strong>, cette PC80 allie robustesse, fiabilit\u00e9 et pr\u00e9cision, ce qui en fait une solution id\u00e9ale pour ceux qui recherchent une pelle compacte mais tr\u00e8s performante, pr\u00eate \u00e0 s&#8217;attaquer \u00e0 n&#8217;importe quel chantier.<\/p>\n\n<p><\/p>\n","protected":false},"excerpt":{"rendered":"<p>Komatsu PC80MR de 2010, 6700 heures, cabine ferm\u00e9e avec air conditionn\u00e9, syst\u00e8me de marteau et godet de creusement. Pelle compacte, puissante et pr\u00eate \u00e0 l&#8217;emploi. <\/p>\n","protected":false},"featured_media":16423,"template":"","meta":{"_acf_changed":false},"ubicazione_acf":[],"product_brand":[612],"product_cat":[412],"false":[757],"proprietario":[],"class_list":{"0":"post-16416","1":"product","2":"type-product","3":"status-publish","4":"has-post-thumbnail","6":"product_brand-komatsu","7":"product_cat-mini-pelles","8":"product_tag-fr","9":"pa_brand-komatsu","11":"first","12":"outofstock","13":"sold-individually","14":"shipping-taxable","15":"purchasable","16":"product-type-simple"},"acf":[],"_links":{"self":[{"href":"https:\/\/www.damac.it\/fr\/wp-json\/wp\/v2\/product\/16416","targetHints":{"allow":["GET"]}}],"collection":[{"href":"https:\/\/www.damac.it\/fr\/wp-json\/wp\/v2\/product"}],"about":[{"href":"https:\/\/www.damac.it\/fr\/wp-json\/wp\/v2\/types\/product"}],"wp:featuredmedia":[{"embeddable":true,"href":"https:\/\/www.damac.it\/fr\/wp-json\/wp\/v2\/media\/16423"}],"wp:attachment":[{"href":"https:\/\/www.damac.it\/fr\/wp-json\/wp\/v2\/media?parent=16416"}],"wp:term":[{"taxonomy":"ubicazione_acf","embeddable":true,"href":"https:\/\/www.damac.it\/fr\/wp-json\/wp\/v2\/ubicazione_acf?post=16416"},{"taxonomy":"product_brand","embeddable":true,"href":"https:\/\/www.damac.it\/fr\/wp-json\/wp\/v2\/product_brand?post=16416"},{"taxonomy":"product_cat","embeddable":true,"href":"https:\/\/www.damac.it\/fr\/wp-json\/wp\/v2\/product_cat?post=16416"},{"taxonomy":"product_tag","embeddable":true,"href":"https:\/\/www.damac.it\/fr\/wp-json\/wp\/v2\/false?post=16416"},{"taxonomy":"proprietario","embeddable":true,"href":"https:\/\/www.damac.it\/fr\/wp-json\/wp\/v2\/proprietario?post=16416"}],"curies":[{"name":"wp","href":"https:\/\/api.w.org\/{rel}","templated":true}]}}