{"id":16657,"date":"2025-10-20T09:41:27","date_gmt":"2025-10-20T09:41:27","guid":{"rendered":"https:\/\/www.damac.it\/non%20class\u00e9\/kubota-u35-3a3\/"},"modified":"2025-11-27T04:50:06","modified_gmt":"2025-11-27T04:50:06","slug":"kubota-u35-3a3","status":"publish","type":"product","link":"https:\/\/www.damac.it\/fr\/mini-pelles\/kubota-u35-3a3-foggia\/","title":{"rendered":"KUBOTA U35-3a3"},"content":{"rendered":"\n<p>Fiable, compacte et pr\u00eate \u00e0 travailler, cette <strong>mini-pelle Kubota U35-3a3 2016<\/strong> est la solution id\u00e9ale pour ceux qui recherchent une machine performante et polyvalente. Avec <strong>4 200 heures de travail<\/strong>, elle est en excellent \u00e9tat g\u00e9n\u00e9ral et imm\u00e9diatement op\u00e9rationnelle. <\/p>\n\n<p>La machine est \u00e9quip\u00e9e de <strong>chenilles en caoutchouc<\/strong>, parfaites pour assurer la stabilit\u00e9 et l&#8217;adh\u00e9rence tout en minimisant l&#8217;usure des surfaces d\u00e9licates. Elle est \u00e9quip\u00e9e d&#8217;un <strong>chariot fixe<\/strong> et d&#8217;une <strong>lame frontale<\/strong>, id\u00e9aux pour les travaux de nivellement et de d\u00e9placement du sol. <\/p>\n\n<p>La <strong>cabine ferm\u00e9e<\/strong> offre confort et protection \u00e0 l&#8217;op\u00e9rateur, ainsi qu&#8217;une excellente visibilit\u00e9 et s\u00e9curit\u00e9 pendant l&#8217;utilisation.<br\/>La mini-pelle est \u00e9galement <strong>livr\u00e9e avec une attache rapide Cangini<\/strong> et <strong>deux godets de creusement<\/strong>, pr\u00eats \u00e0 l&#8217;emploi pour diff\u00e9rents besoins op\u00e9rationnels.<\/p>\n\n<p>Gr\u00e2ce \u00e0 la fiabilit\u00e9 de la marque <strong>Kubota<\/strong>, cette machine allie puissance, pr\u00e9cision et compacit\u00e9, ce qui en fait un excellent choix pour les travaux d&#8217;entretien, d&#8217;excavation et de construction l\u00e9g\u00e8re.<\/p>\n\n<p><\/p>\n","protected":false},"excerpt":{"rendered":"<p class=\"p1\">Mini-excavatrice Kubota U35-3a3 d&#8217;occasion, 2014, 4 200 heures. Cabine ferm\u00e9e, syst\u00e8me de marteau et deux godets inclus. Puissante, pr\u00e9cise et imm\u00e9diatement op\u00e9rationnelle.  <\/p>\n","protected":false},"featured_media":16664,"template":"","meta":{"_acf_changed":false},"ubicazione_acf":[],"product_brand":[604],"product_cat":[412],"false":[757],"proprietario":[],"class_list":{"0":"post-16657","1":"product","2":"type-product","3":"status-publish","4":"has-post-thumbnail","6":"product_brand-kubota","7":"product_cat-mini-pelles","8":"product_tag-fr","9":"pa_brand-kubota","11":"first","12":"outofstock","13":"sold-individually","14":"shipping-taxable","15":"purchasable","16":"product-type-simple"},"acf":[],"_links":{"self":[{"href":"https:\/\/www.damac.it\/fr\/wp-json\/wp\/v2\/product\/16657","targetHints":{"allow":["GET"]}}],"collection":[{"href":"https:\/\/www.damac.it\/fr\/wp-json\/wp\/v2\/product"}],"about":[{"href":"https:\/\/www.damac.it\/fr\/wp-json\/wp\/v2\/types\/product"}],"wp:featuredmedia":[{"embeddable":true,"href":"https:\/\/www.damac.it\/fr\/wp-json\/wp\/v2\/media\/16664"}],"wp:attachment":[{"href":"https:\/\/www.damac.it\/fr\/wp-json\/wp\/v2\/media?parent=16657"}],"wp:term":[{"taxonomy":"ubicazione_acf","embeddable":true,"href":"https:\/\/www.damac.it\/fr\/wp-json\/wp\/v2\/ubicazione_acf?post=16657"},{"taxonomy":"product_brand","embeddable":true,"href":"https:\/\/www.damac.it\/fr\/wp-json\/wp\/v2\/product_brand?post=16657"},{"taxonomy":"product_cat","embeddable":true,"href":"https:\/\/www.damac.it\/fr\/wp-json\/wp\/v2\/product_cat?post=16657"},{"taxonomy":"product_tag","embeddable":true,"href":"https:\/\/www.damac.it\/fr\/wp-json\/wp\/v2\/false?post=16657"},{"taxonomy":"proprietario","embeddable":true,"href":"https:\/\/www.damac.it\/fr\/wp-json\/wp\/v2\/proprietario?post=16657"}],"curies":[{"name":"wp","href":"https:\/\/api.w.org\/{rel}","templated":true}]}}